{"id":10445,"date":"2022-07-01T12:35:27","date_gmt":"2022-07-01T10:35:27","guid":{"rendered":"https:\/\/www.boncibum.com\/?post_type=product&#038;p=10445"},"modified":"2022-10-02T16:19:20","modified_gmt":"2022-10-02T14:19:20","slug":"assaggi-parmigiano-reggiano-azienda-agricola-araldi-1-kg-al-pezzo","status":"publish","type":"product","link":"https:\/\/www.boncibum.com\/de\/prodotto\/assaggi-parmigiano-reggiano-azienda-agricola-araldi-1-kg-al-pezzo\/","title":{"rendered":"Assaggi Parmigiano Reggiano Azienda agricola Araldi 1 kg al pezzo"},"content":{"rendered":"<p><strong><span style=\"color: #339966;\">SPEDIZIONE<\/span>:<\/strong><br \/>\nTempi di spedizione: 24\/48 ore<\/p>\n<p>Assaggi Parmigiano reggiano Azienda agricola Araldi<\/p>\n<p>12 mesi 14,80 \u20ac\/kg<\/p>\n<p>24 mesi 17,30 \u20ac\/kg<\/p>\n<p>30 mesi 18,50 \u20ac\/kg<\/p>\n<p>36 mesi 20,10 \u20ac\/kg<\/p>\n<p>48 mesi 22,85 \u20ac\/kg<\/p>\n<p>oltre 55 mesi 23,70 \u20ac\/kg<\/p>\n<p>&nbsp;<\/p>\n<h2><span style=\"color: #0498a0;\">Storia del produttore<\/span><\/h2>\n<p><span style=\"color: #808080;\"><img loading=\"lazy\" class=\"wp-image-7702 alignleft\" src=\"https:\/\/www.boncibum.com\/wp-content\/uploads\/2022\/03\/caseificio-araldi-profile-300x300.jpg\" alt=\"caseificio araldi storia\" width=\"135\" height=\"135\" srcset=\"https:\/\/www.boncibum.com\/wp-content\/uploads\/2022\/03\/caseificio-araldi-profile-300x300.jpg 300w, https:\/\/www.boncibum.com\/wp-content\/uploads\/2022\/03\/caseificio-araldi-profile-150x150.jpg 150w, https:\/\/www.boncibum.com\/wp-content\/uploads\/2022\/03\/caseificio-araldi-profile-90x90.jpg 90w, https:\/\/www.boncibum.com\/wp-content\/uploads\/2022\/03\/caseificio-araldi-profile.jpg 360w\" sizes=\"(max-width: 135px) 100vw, 135px\" \/><\/span><\/p>\n<p><span style=\"color: #808080;\">L\u2019azienda agricola Araldi \u00e8 una realt\u00e0 a conduzione famigliare che lavora latte e produce e vende il \u201cre\u201d dei formaggi, il Parmigiano Reggiano. Da 50 anni ad oggi l\u2019azienda si \u00e8 sviluppata partendo con poche vacche allevate in una stalla fino ai circa 450 capi bovini odierni che vengono allevati e trattati con la passione e la dedizione tramandata dai nostri nonni. 450 bovini di razza Frisona Italiana vengono quindi curati nei minimi dettagli salvaguardando il loro benessere per produrre latte di alta qualit\u00e0. Perch\u00e9 solo con materie di prima qualit\u00e0 si ottiene il Parmigiano migliore.<\/span><\/p>\n","protected":false},"excerpt":{"rendered":"<p>Assaggi Parmigiano reggiano Azienda agricola Araldi<\/p>\n<p>12 mesi 14,80 \u20ac\/kg<\/p>\n<p>24 mesi 17,30 \u20ac\/kg<\/p>\n<p>30 mesi 18,50 \u20ac\/kg<\/p>\n<p>36 mesi 20,10 \u20ac\/kg<\/p>\n<p>48 mesi 22,85 \u20ac\/kg<\/p>\n<p>oltre 55 mesi 23,70 \u20ac\/kg<\/p>\n","protected":false},"featured_media":7666,"comment_status":"open","ping_status":"closed","template":"","meta":[],"_links":{"self":[{"href":"https:\/\/www.boncibum.com\/de\/wp-json\/wp\/v2\/product\/10445"}],"collection":[{"href":"https:\/\/www.boncibum.com\/de\/wp-json\/wp\/v2\/product"}],"about":[{"href":"https:\/\/www.boncibum.com\/de\/wp-json\/wp\/v2\/types\/product"}],"replies":[{"embeddable":true,"href":"https:\/\/www.boncibum.com\/de\/wp-json\/wp\/v2\/comments?post=10445"}],"version-history":[{"count":5,"href":"https:\/\/www.boncibum.com\/de\/wp-json\/wp\/v2\/product\/10445\/revisions"}],"predecessor-version":[{"id":13832,"href":"https:\/\/www.boncibum.com\/de\/wp-json\/wp\/v2\/product\/10445\/revisions\/13832"}],"wp:featuredmedia":[{"embeddable":true,"href":"https:\/\/www.boncibum.com\/de\/wp-json\/wp\/v2\/media\/7666"}],"wp:attachment":[{"href":"https:\/\/www.boncibum.com\/de\/wp-json\/wp\/v2\/media?parent=10445"}],"curies":[{"name":"wp","href":"https:\/\/api.w.org\/{rel}","templated":true}]}}