{"id":11829,"date":"2022-04-07T20:21:21","date_gmt":"2022-04-07T18:21:21","guid":{"rendered":"https:\/\/www.boncibum.com\/product\/box-nudelangebot\/"},"modified":"2022-09-23T11:28:11","modified_gmt":"2022-09-23T09:28:11","slug":"box-stock-of-pasta","status":"publish","type":"product","link":"https:\/\/www.boncibum.com\/de\/prodotto\/box-stock-of-pasta\/","title":{"rendered":"BOX Nudelangebot"},"content":{"rendered":"<p><span style=\"color: #339966;\">SHIPPING<\/span>: Montag, Dienstag, Mittwoch (bis 15:00 Uhr)<br \/>\nVersandzeit: 24\/48 Stunden<\/p>\n<h4><span style=\"color: #dc9814;\">BESCHREIBUNG<\/span><\/h4>\n<div class=\"woocommerce-product-details__short-description\">\n<p>Was k\u00f6nnte italienischer sein als ein exzellenter Teller mit handwerklich hergestellter Hartweizennudel?<\/p>\n<p>In der Pastificio Casa Prencipe stellen wir Pasta in h\u00f6chster Reinheit her: nur 100% italienischer Grie\u00df, reines Wasser und Luft von unserem Monte Sant&#8217;Angelo (am Gargano).<\/p>\n<\/div>\n<h4><span style=\"color: #dc9814;\">FEATURES<\/span><\/h4>\n<p>Wir essen fast jeden Tag Nudeln. Warum also nicht einen Vorrat an guter, hochwertiger Pasta aus 100 % italienischem Bio-Weizen anlegen?<\/p>\n<p>Wir haben uns diese Kombination ausgedacht, um die &#8220;Must-Have&#8221;-Produkte in jedem Haushalt zu testen. Unsere Backwaren m\u00fcssen Sie unbedingt probieren!<\/p>\n<p>Es kann eine sch\u00f6ne Geschenkidee sein<\/p>\n<p>Inhalt des Begleitscheins*:<\/p>\n<p><strong>BIO-HARTWEIZENNUDELN<\/strong><\/p>\n<p><strong>BIO-WEIZENNUDELN<\/strong><br \/>\n1 Orecchiette, 1 Drei Finger<\/p>\n<p><strong>VOLLKORNNUDELN<\/strong><br \/>\n1 Caserecce, 1 Fusilli, 1 Maccheroni, 1 Penne, 1 Tubetti, 1 Orecchiette<\/p>\n<p><strong>BIO-NUDELN VON SENATORE CAPPELLI<\/strong><br \/>\n1 Orecchiette, 1 Ferri, 1 Calamarata, 1 Mezze Maniche, 1 Fusilloni, 1 Tagliolini<\/p>\n<p><b>SCHMECKT<\/b><br \/>\n1 Orecchiette al VINO (Nero di Troia), 1 Orecchiette al BASILICO, 1 Tagliolini al NERO DI SEPPIA, 1 Orecchiette al NERO DI SEPPIA, 1 Olivenbl\u00e4tter mit SPINAT<\/p>\n<p>Anzahl der Packungen insgesamt: 36 St\u00fcck \u00e0 500g<br \/>\n*N.B. Wenn einige Produkte nicht verf\u00fcgbar sind, werden sie durch \u00e4hnliche Produkte ersetzt.<\/p>\n<h2><span style=\"color: #0498a0;\">Produzent Geschichte<\/span><\/h2>\n<p><span style=\"color: #808080;\"><img loading=\"lazy\" class=\"wp-image-9602 alignleft\" src=\"https:\/\/www.boncibum.com\/wp-content\/uploads\/2022\/03\/storia-casa-prencipe-300x167.jpg\" alt=\"Haus Prencipe\" width=\"227\" height=\"126\" srcset=\"https:\/\/www.boncibum.com\/wp-content\/uploads\/2022\/03\/storia-casa-prencipe-300x167.jpg 300w, https:\/\/www.boncibum.com\/wp-content\/uploads\/2022\/03\/storia-casa-prencipe-150x83.jpg 150w, https:\/\/www.boncibum.com\/wp-content\/uploads\/2022\/03\/storia-casa-prencipe-162x90.jpg 162w, https:\/\/www.boncibum.com\/wp-content\/uploads\/2022\/03\/storia-casa-prencipe.jpg 439w\" sizes=\"(max-width: 227px) 100vw, 227px\" \/><\/span><span style=\"color: #808080;\">Wir sind das Pastificio Artigianale del Gargano. In unseren Werkst\u00e4tten stellen wir verpackte frische Pasta und langsam getrocknete Pasta mit Rohstoffen aus kurzen Lieferketten her.<\/span><\/p>\n<p><span style=\"color: #808080;\">Die Produktion von nur wenigen Doppelzentnern pro Tag erm\u00f6glicht es uns, jede Phase der Verarbeitung bis zur Perfektion zu verfolgen. Ein sorgf\u00e4ltiger handwerklicher Prozess und eine sorgf\u00e4ltige Untersuchung des Teigs erm\u00f6glichen es uns, eine exklusive und hoch gesch\u00e4tzte Pasta zu kreieren, die die gro\u00dfe italienische Tradition respektiert.<\/span><\/p>\n<p><span style=\"color: #808080;\">.<\/span><\/p>\n","protected":false},"excerpt":{"rendered":"<p>BOX Nudelangebot<\/p>\n","protected":false},"featured_media":9733,"comment_status":"open","ping_status":"closed","template":"","meta":[],"_links":{"self":[{"href":"https:\/\/www.boncibum.com\/de\/wp-json\/wp\/v2\/product\/11829"}],"collection":[{"href":"https:\/\/www.boncibum.com\/de\/wp-json\/wp\/v2\/product"}],"about":[{"href":"https:\/\/www.boncibum.com\/de\/wp-json\/wp\/v2\/types\/product"}],"replies":[{"embeddable":true,"href":"https:\/\/www.boncibum.com\/de\/wp-json\/wp\/v2\/comments?post=11829"}],"version-history":[{"count":1,"href":"https:\/\/www.boncibum.com\/de\/wp-json\/wp\/v2\/product\/11829\/revisions"}],"predecessor-version":[{"id":13557,"href":"https:\/\/www.boncibum.com\/de\/wp-json\/wp\/v2\/product\/11829\/revisions\/13557"}],"wp:featuredmedia":[{"embeddable":true,"href":"https:\/\/www.boncibum.com\/de\/wp-json\/wp\/v2\/media\/9733"}],"wp:attachment":[{"href":"https:\/\/www.boncibum.com\/de\/wp-json\/wp\/v2\/media?parent=11829"}],"curies":[{"name":"wp","href":"https:\/\/api.w.org\/{rel}","templated":true}]}}