{"id":11830,"date":"2022-04-07T20:14:45","date_gmt":"2022-04-07T18:14:45","guid":{"rendered":"https:\/\/www.boncibum.com\/product\/box-die-grossen-prencipe-house-klassiker\/"},"modified":"2022-08-21T17:03:42","modified_gmt":"2022-08-21T15:03:42","slug":"box-large-classics-home-prencipe","status":"publish","type":"product","link":"https:\/\/www.boncibum.com\/de\/prodotto\/box-large-classics-home-prencipe\/","title":{"rendered":"BOX die gro\u00dfen Prencipe House-Klassiker"},"content":{"rendered":"<p><span style=\"color: #339966;\">SHIPPING<\/span>: Montag, Dienstag, Mittwoch (bis 15:00 Uhr)<br \/>\nVersandzeit: 24\/48 Stunden<\/p>\n<h4><span style=\"color: #dc9814;\">BESCHREIBUNG<\/span><\/h4>\n<div class=\"woocommerce-product-details__short-description\">\n<p>Was k\u00f6nnte italienischer sein als ein exzellenter Teller mit handwerklich hergestellter Hartweizennudel?<\/p>\n<p>In der Pastificio Casa Prencipe stellen wir Pasta in h\u00f6chster Reinheit her: nur 100% italienischer Grie\u00df, reines Wasser und Luft von unserem Monte Sant&#8217;Angelo (am Gargano).<\/p>\n<\/div>\n<h4><span style=\"color: #dc9814;\">FEATURES<\/span><\/h4>\n<p>Box mit einer Auswahl der gro\u00dfen italienischen Hartweizennudel-Klassiker von Pastificio Casa Prencipe:<\/p>\n<p>1 Orecchiette aus BIO-Granulat 500g<br \/>\n1 Tagliolini aus Hartweizengranulat BIO 500g<br \/>\n1 Calamarata aus Hartweizen BIO 500g<br \/>\n1 Hartweizen Trivelle BIO 500g<br \/>\n1 Fusilli aus Grano duro BIO 500g<br \/>\n1 Maccheroni aus Hartweizen BIO 500g<br \/>\n1 Fusilloni rigati di grano duro BIO 500g<br \/>\n1 Mezze Maniche di grano duro BIO 500g<br \/>\n1 Tagliatelle aus Grano duro BIO 500g<br \/>\n1 Caserecce di grano duro BIO 500g<br \/>\n1 Hartweizen Lilien BIO 500g<br \/>\n1 Tubetti di grano duro BIO 500g<\/p>\n<h2><span style=\"color: #0498a0;\">Produzent Geschichte<\/span><\/h2>\n<p><span style=\"color: #808080;\"><img loading=\"lazy\" class=\"wp-image-9602 alignleft\" src=\"https:\/\/www.boncibum.com\/wp-content\/uploads\/2022\/03\/storia-casa-prencipe-300x167.jpg\" alt=\"Haus Prencipe\" width=\"227\" height=\"126\" srcset=\"https:\/\/www.boncibum.com\/wp-content\/uploads\/2022\/03\/storia-casa-prencipe-300x167.jpg 300w, https:\/\/www.boncibum.com\/wp-content\/uploads\/2022\/03\/storia-casa-prencipe-150x83.jpg 150w, https:\/\/www.boncibum.com\/wp-content\/uploads\/2022\/03\/storia-casa-prencipe-162x90.jpg 162w, https:\/\/www.boncibum.com\/wp-content\/uploads\/2022\/03\/storia-casa-prencipe.jpg 439w\" sizes=\"(max-width: 227px) 100vw, 227px\" \/><\/span><span style=\"color: #808080;\">Wir sind das Pastificio Artigianale del Gargano. In unseren Werkst\u00e4tten stellen wir verpackte frische Pasta und langsam getrocknete Pasta mit Rohstoffen aus kurzen Lieferketten her.<\/span><\/p>\n<p><span style=\"color: #808080;\">Die Produktion von nur wenigen Doppelzentnern pro Tag erm\u00f6glicht es uns, jede Phase der Verarbeitung bis zur Perfektion zu verfolgen. Ein sorgf\u00e4ltiger handwerklicher Prozess und eine sorgf\u00e4ltige Untersuchung des Teigs erm\u00f6glichen es uns, eine exklusive und hoch gesch\u00e4tzte Pasta zu kreieren, die die gro\u00dfe italienische Tradition respektiert.<\/span><\/p>\n<p><span style=\"color: #808080;\">.<\/span><\/p>\n","protected":false},"excerpt":{"rendered":"<p>BOX die gro\u00dfen Prencipe House-Klassiker<\/p>\n","protected":false},"featured_media":9732,"comment_status":"open","ping_status":"closed","template":"","meta":[],"_links":{"self":[{"href":"https:\/\/www.boncibum.com\/de\/wp-json\/wp\/v2\/product\/11830"}],"collection":[{"href":"https:\/\/www.boncibum.com\/de\/wp-json\/wp\/v2\/product"}],"about":[{"href":"https:\/\/www.boncibum.com\/de\/wp-json\/wp\/v2\/types\/product"}],"replies":[{"embeddable":true,"href":"https:\/\/www.boncibum.com\/de\/wp-json\/wp\/v2\/comments?post=11830"}],"version-history":[{"count":1,"href":"https:\/\/www.boncibum.com\/de\/wp-json\/wp\/v2\/product\/11830\/revisions"}],"predecessor-version":[{"id":11831,"href":"https:\/\/www.boncibum.com\/de\/wp-json\/wp\/v2\/product\/11830\/revisions\/11831"}],"wp:featuredmedia":[{"embeddable":true,"href":"https:\/\/www.boncibum.com\/de\/wp-json\/wp\/v2\/media\/9732"}],"wp:attachment":[{"href":"https:\/\/www.boncibum.com\/de\/wp-json\/wp\/v2\/media?parent=11830"}],"curies":[{"name":"wp","href":"https:\/\/api.w.org\/{rel}","templated":true}]}}