{"id":11832,"date":"2022-04-07T20:10:43","date_gmt":"2022-04-07T18:10:43","guid":{"rendered":"https:\/\/www.boncibum.com\/product\/box-senator-haar-haus\/"},"modified":"2022-09-23T11:34:14","modified_gmt":"2022-09-23T09:34:14","slug":"kasten-senator-haar-haushalt-prencipe","status":"publish","type":"product","link":"https:\/\/www.boncibum.com\/de\/prodotto\/kasten-senator-haar-haushalt-prencipe\/","title":{"rendered":"BOX Senatore Capelli Casa Prencipe"},"content":{"rendered":"<p><span style=\"color: #339966;\">SHIPPING<\/span>: Montag, Dienstag, Mittwoch (bis 15:00 Uhr)<br \/>\nVersandzeit: 24\/48 Stunden<\/p>\n<h4><span style=\"color: #dc9814;\">BESCHREIBUNG<\/span><\/h4>\n<div class=\"woocommerce-product-details__short-description\">\n<p>Eine Auswahl an Nudeln von Casa Prencipe mit au\u00dfergew\u00f6hnlichen Ern\u00e4hrungseigenschaften, die f\u00fcr diejenigen gedacht sind, die besonders auf eine gesunde Ern\u00e4hrung achten.<\/p>\n<\/div>\n<h4><span style=\"color: #dc9814;\">FEATURES<\/span><\/h4>\n<p>Artisan Pasta macht einen ersten Gang zu etwas ganz Besonderem. Dieses spezielle Verkostungsset von Casa Prencipe enth\u00e4lt:<\/p>\n<p>1 Vollkorn-Fusilli 500g<br \/>\n1 Orecchiette Integrali 500g<br \/>\n1 Caserecce Vollkorn 500g<br \/>\n2 Weizenvollkornr\u00f6hren 500g<br \/>\n1 Vollkorn-Makkaroni 500g<br \/>\n1 Calamarata Senatore Cappelli 500g<br \/>\n1 Orecchiette Senatore Cappelli 500g<br \/>\n2 Ferri Senatore Cappelli 500g<br \/>\n1 Mezze Maniche Senatore Cappelli 500g<br \/>\n1 Fusilloni Senatore Cappelli 500g<\/p>\n<p>Anzahl der Packungen insgesamt: 12 St\u00fcck \u00e0 500 Gramm<br \/>\n*N.B. Wenn einige Produkte nicht verf\u00fcgbar sind, werden sie durch \u00e4hnliche Produkte ersetzt.<\/p>\n<h2><span style=\"color: #0498a0;\">Produzent Geschichte<\/span><\/h2>\n<p><span style=\"color: #808080;\"><img loading=\"lazy\" class=\"wp-image-9602 alignleft\" src=\"https:\/\/www.boncibum.com\/wp-content\/uploads\/2022\/03\/storia-casa-prencipe-300x167.jpg\" alt=\"Haus Prencipe\" width=\"227\" height=\"126\" srcset=\"https:\/\/www.boncibum.com\/wp-content\/uploads\/2022\/03\/storia-casa-prencipe-300x167.jpg 300w, https:\/\/www.boncibum.com\/wp-content\/uploads\/2022\/03\/storia-casa-prencipe-150x83.jpg 150w, https:\/\/www.boncibum.com\/wp-content\/uploads\/2022\/03\/storia-casa-prencipe-162x90.jpg 162w, https:\/\/www.boncibum.com\/wp-content\/uploads\/2022\/03\/storia-casa-prencipe.jpg 439w\" sizes=\"(max-width: 227px) 100vw, 227px\" \/><\/span><span style=\"color: #808080;\">Wir sind das Pastificio Artigianale del Gargano. In unseren Werkst\u00e4tten stellen wir verpackte frische Pasta und langsam getrocknete Pasta mit Rohstoffen aus kurzen Lieferketten her.<\/span><\/p>\n<p><span style=\"color: #808080;\">Die Produktion von nur wenigen Doppelzentnern pro Tag erm\u00f6glicht es uns, jede Phase der Verarbeitung bis zur Perfektion zu verfolgen. Ein sorgf\u00e4ltiger handwerklicher Prozess und eine sorgf\u00e4ltige Untersuchung des Teigs erm\u00f6glichen es uns, eine exklusive und hoch gesch\u00e4tzte Pasta zu kreieren, die die gro\u00dfe italienische Tradition respektiert.<\/span><\/p>\n<p><span style=\"color: #808080;\">.<\/span><\/p>\n","protected":false},"excerpt":{"rendered":"<p>BOX Senatore Capelli Casa Prencipe<\/p>\n","protected":false},"featured_media":9731,"comment_status":"open","ping_status":"closed","template":"","meta":[],"_links":{"self":[{"href":"https:\/\/www.boncibum.com\/de\/wp-json\/wp\/v2\/product\/11832"}],"collection":[{"href":"https:\/\/www.boncibum.com\/de\/wp-json\/wp\/v2\/product"}],"about":[{"href":"https:\/\/www.boncibum.com\/de\/wp-json\/wp\/v2\/types\/product"}],"replies":[{"embeddable":true,"href":"https:\/\/www.boncibum.com\/de\/wp-json\/wp\/v2\/comments?post=11832"}],"version-history":[{"count":2,"href":"https:\/\/www.boncibum.com\/de\/wp-json\/wp\/v2\/product\/11832\/revisions"}],"predecessor-version":[{"id":13561,"href":"https:\/\/www.boncibum.com\/de\/wp-json\/wp\/v2\/product\/11832\/revisions\/13561"}],"wp:featuredmedia":[{"embeddable":true,"href":"https:\/\/www.boncibum.com\/de\/wp-json\/wp\/v2\/media\/9731"}],"wp:attachment":[{"href":"https:\/\/www.boncibum.com\/de\/wp-json\/wp\/v2\/media?parent=11832"}],"curies":[{"name":"wp","href":"https:\/\/api.w.org\/{rel}","templated":true}]}}