{"id":11834,"date":"2022-04-07T20:05:30","date_gmt":"2022-04-07T18:05:30","guid":{"rendered":"https:\/\/www.boncibum.com\/product\/verkostungskasten-casa-prencipe-diaet\/"},"modified":"2022-09-23T11:59:59","modified_gmt":"2022-09-23T09:59:59","slug":"kiste-will-gut-sein","status":"publish","type":"product","link":"https:\/\/www.boncibum.com\/de\/prodotto\/kiste-will-gut-sein\/","title":{"rendered":"BOX Der Wunsch nach Wohlbefinden"},"content":{"rendered":"<p><span style=\"color: #339966;\">SHIPPING<\/span>: Montag, Dienstag, Mittwoch (bis 15:00 Uhr)<br \/>\nVersandzeit: 24\/48 Stunden<\/p>\n<h4><span style=\"color: #dc9814;\">BESCHREIBUNG<\/span><\/h4>\n<div class=\"woocommerce-product-details__short-description\">\n<p>Eine Auswahl an Nudeln von Casa Prencipe mit au\u00dfergew\u00f6hnlichen Ern\u00e4hrungseigenschaften, die f\u00fcr diejenigen gedacht sind, die besonders auf eine gesunde Ern\u00e4hrung achten.<\/p>\n<\/div>\n<h4><span style=\"color: #dc9814;\">FEATURES<\/span><\/h4>\n<p>Artisan Pasta macht einen ersten Gang zu etwas ganz Besonderem. Dieses spezielle Verkostungsset von Casa Prencipe enth\u00e4lt:<\/p>\n<p>1 Vollkorn-Fusilli 500g<br \/>\n1 Orecchiette Integrali 500g<br \/>\n1 Caserecce Vollkorn 500g<br \/>\n2 Weizenvollkornr\u00f6hren 500g<br \/>\n1 Vollkorn-Makkaroni 500g<br \/>\n1 Calamarata Senatore Cappelli 500g<br \/>\n1 Orecchiette Senatore Cappelli 500g<br \/>\n2 Ferri Senatore Cappelli 500g<br \/>\n1 Mezze Maniche Senatore Cappelli 500g<br \/>\n1 Fusilloni Senatore Cappelli 500g<\/p>\n<p>In der Konditorei Casa Prencipe legen wir Wert auf die Linie Wellness.<br \/>\n&#8211; <strong>SENATOR CAPPELLI Warum?<\/strong><br \/>\nEr gilt als der Vater des modernen Weizens. Dieses edle Produkt ergibt eine Pasta, die reich an Ballaststoffen, Mineralien, Vitaminen und Eiwei\u00df ist. Geeignet f\u00fcr eine gesunde und ausgewogene Ern\u00e4hrung. Geeignet f\u00fcr Weizen\u00fcberempfindliche und auch f\u00fcr LIEBER, die Gluten nicht vertragen.<br \/>\n&#8211; <strong>INTEGRAL warum?<\/strong><br \/>\nWie die wissenschaftliche Literatur best\u00e4tigt, tr\u00e4gt der Verzehr von Vollkornprodukten zur Verbesserung der Gesundheit und zur Vorbeugung verschiedener Beschwerden und Krankheiten bei, wie z. B. Typ-2-Diabetes, hoher Cholesterinspiegel und die Ansammlung von Bauchfett. Vollkornweizen hat einen<strong> h\u00f6heren Gehalt an Ballaststoffen<\/strong> und anderen N\u00e4hrstoffen, die sonst im Raffinationsprozess verloren gehen w\u00fcrden. Vollkornnudeln senken den Blutzucker, sind gut f\u00fcr Herz und Arterien, verbessern die Darmgesundheit und helfen, PMS-Schmerzen zu lindern.<\/p>\n<p>Anzahl der Pakete insgesamt: 12 St\u00fcck<br \/>\n*N.B. Falls Produkte nicht mehr verf\u00fcgbar sind, werden sie durch \u00e4hnliche Produkte ersetzt.<\/p>\n<h2><span style=\"color: #0498a0;\">Produzent Geschichte<\/span><\/h2>\n<p><span style=\"color: #808080;\"><img loading=\"lazy\" class=\"wp-image-9602 alignleft\" src=\"https:\/\/www.boncibum.com\/wp-content\/uploads\/2022\/03\/storia-casa-prencipe-300x167.jpg\" alt=\"Haus Prencipe\" width=\"227\" height=\"126\" srcset=\"https:\/\/www.boncibum.com\/wp-content\/uploads\/2022\/03\/storia-casa-prencipe-300x167.jpg 300w, https:\/\/www.boncibum.com\/wp-content\/uploads\/2022\/03\/storia-casa-prencipe-150x83.jpg 150w, https:\/\/www.boncibum.com\/wp-content\/uploads\/2022\/03\/storia-casa-prencipe-162x90.jpg 162w, https:\/\/www.boncibum.com\/wp-content\/uploads\/2022\/03\/storia-casa-prencipe.jpg 439w\" sizes=\"(max-width: 227px) 100vw, 227px\" \/><\/span><span style=\"color: #808080;\">Wir sind das Pastificio Artigianale del Gargano. In unseren Werkst\u00e4tten stellen wir verpackte frische Pasta und langsam getrocknete Pasta mit Rohstoffen aus kurzen Lieferketten her.<\/span><\/p>\n<p><span style=\"color: #808080;\">Die Produktion von nur wenigen Doppelzentnern pro Tag erm\u00f6glicht es uns, jede Phase der Verarbeitung bis zur Perfektion zu verfolgen. Ein sorgf\u00e4ltiger handwerklicher Prozess und eine sorgf\u00e4ltige Untersuchung des Teigs erm\u00f6glichen es uns, eine exklusive und hoch gesch\u00e4tzte Pasta zu kreieren, die die gro\u00dfe italienische Tradition respektiert.<\/span><\/p>\n<p><span style=\"color: #808080;\">.<\/span><\/p>\n","protected":false},"excerpt":{"rendered":"<p>VERKOSTUNGSKASTEN Casa Prencipe Di\u00e4t<\/p>\n","protected":false},"featured_media":9730,"comment_status":"open","ping_status":"closed","template":"","meta":[],"_links":{"self":[{"href":"https:\/\/www.boncibum.com\/de\/wp-json\/wp\/v2\/product\/11834"}],"collection":[{"href":"https:\/\/www.boncibum.com\/de\/wp-json\/wp\/v2\/product"}],"about":[{"href":"https:\/\/www.boncibum.com\/de\/wp-json\/wp\/v2\/types\/product"}],"replies":[{"embeddable":true,"href":"https:\/\/www.boncibum.com\/de\/wp-json\/wp\/v2\/comments?post=11834"}],"version-history":[{"count":2,"href":"https:\/\/www.boncibum.com\/de\/wp-json\/wp\/v2\/product\/11834\/revisions"}],"predecessor-version":[{"id":13566,"href":"https:\/\/www.boncibum.com\/de\/wp-json\/wp\/v2\/product\/11834\/revisions\/13566"}],"wp:featuredmedia":[{"embeddable":true,"href":"https:\/\/www.boncibum.com\/de\/wp-json\/wp\/v2\/media\/9730"}],"wp:attachment":[{"href":"https:\/\/www.boncibum.com\/de\/wp-json\/wp\/v2\/media?parent=11834"}],"curies":[{"name":"wp","href":"https:\/\/api.w.org\/{rel}","templated":true}]}}