{"id":11836,"date":"2022-04-07T20:00:55","date_gmt":"2022-04-07T18:00:55","guid":{"rendered":"https:\/\/www.boncibum.com\/product\/verkostungskasten-casa-prencipe\/"},"modified":"2022-09-23T12:11:56","modified_gmt":"2022-09-23T10:11:56","slug":"box-assessment-home-preneur","status":"publish","type":"product","link":"https:\/\/www.boncibum.com\/de\/prodotto\/box-assessment-home-preneur\/","title":{"rendered":"VERKOSTUNGSKASTEN Bio-Nudeln Casa Prencipe"},"content":{"rendered":"<p><span style=\"color: #339966;\">SHIPPING<\/span>: Montag, Dienstag, Mittwoch (bis 15:00 Uhr)<br \/>\nVersandzeit: 24\/48 Stunden<\/p>\n<h4><span style=\"color: #dc9814;\">BESCHREIBUNG<\/span><\/h4>\n<div class=\"woocommerce-product-details__short-description\">\n<p>Diese spezielle Verkostungsbox ist f\u00fcr diejenigen gedacht, die unsere Artisan Pasta noch nicht kennen.<\/p>\n<p>In der Pastificio Casa Prencipe stellen wir Pasta in h\u00f6chster Reinheit her: nur 100% italienischer Grie\u00df, reines Wasser und Luft von unserem Monte Sant&#8217;Angelo (am Gargano).<\/p>\n<\/div>\n<h4><span style=\"color: #dc9814;\">FEATURES<\/span><\/h4>\n<p>Artisan Pasta macht einen ersten Gang zu etwas ganz Besonderem. Dieses spezielle Verkostungsset von Casa Prencipe enth\u00e4lt:<\/p>\n<p>1 Orecchiette aus BIO-Granulat 500g<br \/>\n1 Calamarata aus Hartweizen BIO 500g<br \/>\n1 Fusilli aus Grano duro BIO 500g<br \/>\n1 Tagliatelle aus Grano duro BIO 500g<br \/>\n1 Makkaroni aus Hartweizengrie\u00df BIO 500g<br \/>\n1 Fusilloni rigati di grano duro BIO 500g<br \/>\n1 Hartweizen Lilien BIO 500g<br \/>\n1 Hartweizen Trivelle BIO 500g<br \/>\n1 Tubetti di grano duro BIO 500g<br \/>\n1 Mezze Maniche di grano duro BIO 500g<\/p>\n<p>W\u00e4hlen Sie eine tolle italienische Pasta f\u00fcr Ihre K\u00fcche. Casa Prencipe Pasta: hochreine Pasta. Aus Bronze gezogen und bei niedrigen Temperaturen getrocknet.<\/p>\n<p><i>Anzahl der Packungen insgesamt: 10 St\u00fcck \u00e0 500g<br \/>\n<\/i><i>*N.B. Wenn einige Produkte nicht verf\u00fcgbar sind, werden sie durch \u00e4hnliche Produkte ersetzt.<\/i><\/p>\n<h2><span style=\"color: #0498a0;\">Produzent Geschichte<\/span><\/h2>\n<p><span style=\"color: #808080;\"><img loading=\"lazy\" class=\"wp-image-9602 alignleft\" src=\"https:\/\/www.boncibum.com\/wp-content\/uploads\/2022\/03\/storia-casa-prencipe-300x167.jpg\" alt=\"Haus Prencipe\" width=\"227\" height=\"126\" srcset=\"https:\/\/www.boncibum.com\/wp-content\/uploads\/2022\/03\/storia-casa-prencipe-300x167.jpg 300w, https:\/\/www.boncibum.com\/wp-content\/uploads\/2022\/03\/storia-casa-prencipe-150x83.jpg 150w, https:\/\/www.boncibum.com\/wp-content\/uploads\/2022\/03\/storia-casa-prencipe-162x90.jpg 162w, https:\/\/www.boncibum.com\/wp-content\/uploads\/2022\/03\/storia-casa-prencipe.jpg 439w\" sizes=\"(max-width: 227px) 100vw, 227px\" \/><\/span><span style=\"color: #808080;\">Wir sind das Pastificio Artigianale del Gargano. In unseren Werkst\u00e4tten stellen wir verpackte frische Pasta und langsam getrocknete Pasta mit Rohstoffen aus kurzen Lieferketten her.<\/span><\/p>\n<p><span style=\"color: #808080;\">Die Produktion von nur wenigen Doppelzentnern pro Tag erm\u00f6glicht es uns, jede Phase der Verarbeitung bis zur Perfektion zu verfolgen. Ein sorgf\u00e4ltiger handwerklicher Prozess und eine sorgf\u00e4ltige Untersuchung des Teigs erm\u00f6glichen es uns, eine exklusive und hoch gesch\u00e4tzte Pasta zu kreieren, die die gro\u00dfe italienische Tradition respektiert.<\/span><\/p>\n<p><span style=\"color: #808080;\">.<\/span><\/p>\n","protected":false},"excerpt":{"rendered":"<p>MONTAGE-SATZ<\/p>\n","protected":false},"featured_media":9729,"comment_status":"open","ping_status":"closed","template":"","meta":[],"_links":{"self":[{"href":"https:\/\/www.boncibum.com\/de\/wp-json\/wp\/v2\/product\/11836"}],"collection":[{"href":"https:\/\/www.boncibum.com\/de\/wp-json\/wp\/v2\/product"}],"about":[{"href":"https:\/\/www.boncibum.com\/de\/wp-json\/wp\/v2\/types\/product"}],"replies":[{"embeddable":true,"href":"https:\/\/www.boncibum.com\/de\/wp-json\/wp\/v2\/comments?post=11836"}],"version-history":[{"count":1,"href":"https:\/\/www.boncibum.com\/de\/wp-json\/wp\/v2\/product\/11836\/revisions"}],"predecessor-version":[{"id":13570,"href":"https:\/\/www.boncibum.com\/de\/wp-json\/wp\/v2\/product\/11836\/revisions\/13570"}],"wp:featuredmedia":[{"embeddable":true,"href":"https:\/\/www.boncibum.com\/de\/wp-json\/wp\/v2\/media\/9729"}],"wp:attachment":[{"href":"https:\/\/www.boncibum.com\/de\/wp-json\/wp\/v2\/media?parent=11836"}],"curies":[{"name":"wp","href":"https:\/\/api.w.org\/{rel}","templated":true}]}}