{"id":11867,"date":"2022-05-06T15:37:53","date_gmt":"2022-05-06T13:37:53","guid":{"rendered":"https:\/\/www.boncibum.com\/product\/weinverkostung-cantina-ca-nova\/"},"modified":"2022-11-06T22:38:45","modified_gmt":"2022-11-06T21:38:45","slug":"weinverkostung-weine-ca-nova","status":"publish","type":"product","link":"https:\/\/www.boncibum.com\/de\/prodotto\/weinverkostung-weine-ca-nova\/","title":{"rendered":"Weinverkostung Cantina Ca Nova"},"content":{"rendered":"<h4><span style=\"color: #dc9814;\">BESCHREIBUNG<\/span><\/h4>\n<p>Malvasia colli di Parma DOC Sparkling White &#8211; Malvasia Aromatica di Candia<\/p>\n<p>Colli di Parma DOC Sparkling Red &#8211; Barbera und Bonarda<\/p>\n<p>Lambrusco Rosso frizzante &#8211; Lambrusco<\/p>\n<p>82 Nova Rosso fermo &#8211; Merlot<\/p>\n<p>21 Nova Still White &#8211; Chardonnay<\/p>\n<p>Iole ros\u00e9 Schaumwein brut ros\u00e9 &#8211; Merlot<\/p>\n<p>Oberto IGT Spumante brut &#8211; Ortrugo und Chardonnay<\/p>\n<h2><span style=\"color: #0498a0;\">Produzent Geschichte<\/span><\/h2>\n<p><span style=\"color: #808080;\"><img loading=\"lazy\" class=\"wp-image-9579 alignleft\" src=\"https:\/\/www.boncibum.com\/wp-content\/uploads\/2022\/03\/canova-vini-e-vigne-agriturismo-300x155.jpg\" alt=\"Ca' nova-Weine\" width=\"315\" height=\"163\" srcset=\"https:\/\/www.boncibum.com\/wp-content\/uploads\/2022\/03\/canova-vini-e-vigne-agriturismo-300x155.jpg 300w, https:\/\/www.boncibum.com\/wp-content\/uploads\/2022\/03\/canova-vini-e-vigne-agriturismo-768x396.jpg 768w, https:\/\/www.boncibum.com\/wp-content\/uploads\/2022\/03\/canova-vini-e-vigne-agriturismo-600x309.jpg 600w, https:\/\/www.boncibum.com\/wp-content\/uploads\/2022\/03\/canova-vini-e-vigne-agriturismo-150x77.jpg 150w, https:\/\/www.boncibum.com\/wp-content\/uploads\/2022\/03\/canova-vini-e-vigne-agriturismo-175x90.jpg 175w, https:\/\/www.boncibum.com\/wp-content\/uploads\/2022\/03\/canova-vini-e-vigne-agriturismo.jpg 960w\" sizes=\"(max-width: 315px) 100vw, 315px\" \/>Die Weinkellerei Ca&#8217;Nova befindet sich auf der Wasserscheide eines Zwischenh\u00fcgels, &#8220;an der K\u00fcste zwischen zwei anderen&#8221;, in einer privilegierten Lage: Die fruchtbaren, sonnigen H\u00e4nge, das milde Klima und der nat\u00fcrliche Schutz vor den Unbilden des Winters sind seit der Zeit Friedrichs II. die Quelle des Weinbaus.<\/span><br \/>\n<span style=\"color: #808080;\">Diese Orte, die fr\u00fcher aufgrund der gro\u00dfen Anzahl von &#8220;tabernaria et tabernariorum&#8221;, Gasth\u00f6fen und Schenken, als CostaMediana Tabernariorum bekannt waren, waren schon immer Orte der Weinherstellung.<\/span><br \/>\n<span style=\"color: #808080;\">Eine Berufung, die sich sogar in dem Namen widerspiegelt, den das Haus, dem das Lehen anvertraut wurde, seinem Sitz gab: Castello del Tabernieri, dessen runder Turm und quadratischer Bergfried, die den Zahn der Zeit \u00fcberstanden haben, noch heute zwischen den Weinst\u00f6cken zu sehen sind, die ihn umgeben.<\/span><br \/>\n<span style=\"color: #808080;\">.<\/span><\/p>\n","protected":false},"excerpt":{"rendered":"<p>Malvasia colli di Parma DOC Sparkling White &#8211; Malvasia Aromatica di Candia &#8211; 6,90 \u20ac<\/p>\n<p>Rosso colli di Parma DOC Sparkling Red &#8211; Barbera und Bonarda &#8211; 6.90 \u20ac<\/p>\n<p>Lambrusco Rosso frizzante &#8211; Lambrusco &#8211; 6,90 \u20ac.<\/p>\n<p>82 Nova Rosso fermo &#8211; Merlot &#8211; 7,50 \u20ac<\/p>\n<p>21 Nova White still &#8211; Chardonnay &#8211; 7,50 \u20ac<\/p>\n<p>Iole ros\u00e9 Sparkling brut ros\u00e9 &#8211; Merlot &#8211; \u20ac7.90<\/p>\n<p>Oberto IGT Spumante brut &#8211; Ortrugo und Chardonnay &#8211; 6,90 \u20ac<\/p>\n","protected":false},"featured_media":9772,"comment_status":"open","ping_status":"closed","template":"","meta":[],"_links":{"self":[{"href":"https:\/\/www.boncibum.com\/de\/wp-json\/wp\/v2\/product\/11867"}],"collection":[{"href":"https:\/\/www.boncibum.com\/de\/wp-json\/wp\/v2\/product"}],"about":[{"href":"https:\/\/www.boncibum.com\/de\/wp-json\/wp\/v2\/types\/product"}],"replies":[{"embeddable":true,"href":"https:\/\/www.boncibum.com\/de\/wp-json\/wp\/v2\/comments?post=11867"}],"version-history":[{"count":1,"href":"https:\/\/www.boncibum.com\/de\/wp-json\/wp\/v2\/product\/11867\/revisions"}],"predecessor-version":[{"id":13509,"href":"https:\/\/www.boncibum.com\/de\/wp-json\/wp\/v2\/product\/11867\/revisions\/13509"}],"wp:featuredmedia":[{"embeddable":true,"href":"https:\/\/www.boncibum.com\/de\/wp-json\/wp\/v2\/media\/9772"}],"wp:attachment":[{"href":"https:\/\/www.boncibum.com\/de\/wp-json\/wp\/v2\/media?parent=11867"}],"curies":[{"name":"wp","href":"https:\/\/api.w.org\/{rel}","templated":true}]}}