{"id":11878,"date":"2022-04-06T21:43:49","date_gmt":"2022-04-06T19:43:49","guid":{"rendered":"https:\/\/www.boncibum.com\/product\/antikes-traditionelles-balsamico-dressing-aus-reggio-emilia-rotes-etikett-linie-8-100-ml\/"},"modified":"2022-04-06T21:43:49","modified_gmt":"2022-04-06T19:43:49","slug":"antico-condimento-balsamico-della-tradizione-di-reggio-emilia-etiche-ross-line-8-100-ml","status":"publish","type":"product","link":"https:\/\/www.boncibum.com\/de\/prodotto\/antico-condimento-balsamico-della-tradizione-di-reggio-emilia-etiche-ross-line-8-100-ml\/","title":{"rendered":"Antikes traditionelles Balsamico-Dressing aus Reggio Emilia rotes Etikett Linie 8 &#8211; 100 ml"},"content":{"rendered":"<p><span style=\"color: #339966;\">SHIPPING<\/span>: Montag, Dienstag, Mittwoch (bis 15:00 Uhr)<br \/>\nVersandzeit: 24\/48 Stunden<\/p>\n<h4><span style=\"color: #dc9814;\">BESCHREIBUNG<\/span><\/h4>\n<p>Wegen seines milden und s\u00fc\u00dfen Geschmacks wird er vorzugsweise roh verwendet. Er hat einen intensiven, ausgewogenen Duft, eine anhaltende, reiche, undurchsichtige Tendenz und einen leicht s\u00e4uerlichen Nachgeschmack. Nach der Verkostung bleibt ein s\u00fc\u00dfes und sauberes Geschmackserlebnis zur\u00fcck.<\/p>\n<p>Antico Condimento Agrodolce Terra del Tuono &#8216;8&#8217; wird bevorzugt zu ersten G\u00e4ngen, Souffl\u00e9s und Risottos mit delikaten Aromen gereicht. Es kann f\u00fcr leicht gekochte Bratenso\u00dfen verwendet werden. Er eignet sich hervorragend f\u00fcr Mayonnaise und So\u00dfen oder f\u00fcr Gem\u00fcseomeletts.<br \/>\nEr passt perfekt zu sommerlichen Vorspeisen und gegrilltem wei\u00dfem Fleisch.<\/p>\n<p>100 ml Flasche.<\/p>\n<h4><span style=\"color: #dc9814;\">FEATURES<\/span><\/h4>\n<p><strong>Farbe<\/strong>: schwarz, mit sehr intensiven bernsteinfarbenen Reflexen.<br \/>\n<strong>Bouquet<\/strong>: Intensives Aroma mit reifen Noten und angenehmen, frischen D\u00fcften.<br \/>\n<strong>Geschmack<\/strong>: vollmundig, ausgewogen und sehr geschmeidig. Der Geschmack ist sauber, fein und elegant.<br \/>\n<strong>Dichte<\/strong>: ca. 1,30<br \/>\n<strong>Reifung<\/strong>: traditionelle Art, mit j\u00e4hrlicher Umf\u00fcllung in kleine F\u00e4sser aus verschiedenen Edelh\u00f6lzern<br \/>\n<strong>Zutaten<\/strong>: gekochter Most aus italienischen Trauben, s\u00e4urehaltiger italienischer Traubenmost, nach alter Tradition in Eichen-, Kastanien-, Kirsch-, Maulbeer- und Wacholderf\u00e4ssern gereift. Ein hochwertiges, 100 % nat\u00fcrliches, handgefertigtes Produkt, das keine Farbstoffe, Verdickungsmittel, Konservierungsmittel oder Karamell enth\u00e4lt.<\/p>\n<h2><span style=\"color: #0498a0;\">Produzent Geschichte<\/span><\/h2>\n<p><span style=\"color: #808080;\"><img loading=\"lazy\" class=\"wp-image-9614 alignleft\" src=\"https:\/\/www.boncibum.com\/wp-content\/uploads\/2022\/04\/DSC00383-600x400-1-300x201.jpg\" alt=\"Terra del Tuono ist ein altes Essigwerk\" width=\"275\" height=\"184\" srcset=\"https:\/\/www.boncibum.com\/wp-content\/uploads\/2022\/04\/DSC00383-600x400-1-300x201.jpg 300w, https:\/\/www.boncibum.com\/wp-content\/uploads\/2022\/04\/DSC00383-600x400-1-150x100.jpg 150w, https:\/\/www.boncibum.com\/wp-content\/uploads\/2022\/04\/DSC00383-600x400-1-135x90.jpg 135w, https:\/\/www.boncibum.com\/wp-content\/uploads\/2022\/04\/DSC00383-600x400-1.jpg 600w\" sizes=\"(max-width: 275px) 100vw, 275px\" \/><\/span><\/p>\n<p><span style=\"color: #808080;\">Terra del Tuono ist eine alte, familiengef\u00fchrte Essigfabrik.<\/span><\/p>\n<p><span style=\"color: #808080;\">Seit 1892 stellen wir eines der authentischsten und traditionellsten Produkte unserer Region her, den Balsamico-Essig.<\/span><\/p>\n<p><span style=\"color: #808080;\">Dar\u00fcber hinaus produzieren wir echte Spezialit\u00e4ten mit Balsamico-Essig aus Modena g.g.A., sowie traditionellen Balsamico-Essig aus Reggio Emilia g.U. und verschiedene Balsamico-Dressings.<\/span><\/p>\n<p><span style=\"color: #808080;\">In der Rubrik Produkte finden Sie alle Spezialit\u00e4ten, die wir herstellen, von traditionellen bis hin zu innovativen Produkten.<\/span><\/p>\n<p><span style=\"color: #808080;\">Wenn Sie uns in der Acetaia besuchen, kann Ihnen einer unserer Experten die beste Beratung f\u00fcr Ihren Balsamico-Einkauf geben.<\/span><\/p>\n","protected":false},"excerpt":{"rendered":"<p>Antikes Balsamico-W\u00fcrzmittel aus der Tradition von Reggio Emilia, rote Etikettlinie 8 &#8211; 100 ml<\/p>\n","protected":false},"featured_media":9648,"comment_status":"open","ping_status":"closed","template":"","meta":[],"_links":{"self":[{"href":"https:\/\/www.boncibum.com\/de\/wp-json\/wp\/v2\/product\/11878"}],"collection":[{"href":"https:\/\/www.boncibum.com\/de\/wp-json\/wp\/v2\/product"}],"about":[{"href":"https:\/\/www.boncibum.com\/de\/wp-json\/wp\/v2\/types\/product"}],"replies":[{"embeddable":true,"href":"https:\/\/www.boncibum.com\/de\/wp-json\/wp\/v2\/comments?post=11878"}],"version-history":[{"count":0,"href":"https:\/\/www.boncibum.com\/de\/wp-json\/wp\/v2\/product\/11878\/revisions"}],"wp:featuredmedia":[{"embeddable":true,"href":"https:\/\/www.boncibum.com\/de\/wp-json\/wp\/v2\/media\/9648"}],"wp:attachment":[{"href":"https:\/\/www.boncibum.com\/de\/wp-json\/wp\/v2\/media?parent=11878"}],"curies":[{"name":"wp","href":"https:\/\/api.w.org\/{rel}","templated":true}]}}