{"id":11929,"date":"2022-05-06T17:19:01","date_gmt":"2022-05-06T15:19:01","guid":{"rendered":"https:\/\/www.boncibum.com\/product\/kartons-gewuerz-100-apfel-rote-version-250-ml\/"},"modified":"2022-10-03T15:08:17","modified_gmt":"2022-10-03T13:08:17","slug":"pappe-kondensation-100-apfel-rot-version-250-ml","status":"publish","type":"product","link":"https:\/\/www.boncibum.com\/de\/prodotto\/pappe-kondensation-100-apfel-rot-version-250-ml\/","title":{"rendered":"Kartons Gew\u00fcrz 100% Apfel-rote Version-250 ml"},"content":{"rendered":"<p><strong><span style=\"color: #339966;\">VERSAND<\/span>:<\/strong><br \/>\nVersandzeit Italien: 24\/48 Stunden<\/p>\n<h4><span style=\"color: #dc9814;\">BESCHREIBUNG<\/span><\/h4>\n<p>Das s\u00fc\u00df-saure Gew\u00fcrz <strong>aus 100 % \u00c4pfeln &#8211; rote Version<\/strong> &#8211; wird durch ein handwerkliches Verfahren der langsamen Reifung und S\u00e4uerung von gekochtem Apfelmost gewonnen und hat ein intensives Aroma und einen frischen, fruchtigen Geschmack.<\/p>\n<p>Aus ausgew\u00e4hlten Zutaten und einem v\u00f6llig nat\u00fcrlichen G\u00e4rungsprozess entsteht ein Produkt mit besonderem Geschmack&#8230; ein wahres Erlebnis f\u00fcr den Gaumen!<\/p>\n<p>Unser s\u00fc\u00df-saures 100%iges Apfelgew\u00fcrz &#8211; rote Version passt hervorragend zu Nudelgerichten, Aufl\u00e4ufen und Reisgerichten. Es ist das perfekte Gew\u00fcrz f\u00fcr Schweinefleisch. Er ist eine wunderbare Grundlage f\u00fcr die Zubereitung delikater So\u00dfen und passt hervorragend zu Gem\u00fcse, Garnelen und Krustentieren, Omeletts und anderen Zwiebelgerichten.<\/p>\n<p>Er passt perfekt zu Desserts und reifen K\u00e4sesorten.<\/p>\n<p>250 ml Flasche<\/p>\n<h4><span style=\"color: #dc9814;\">FEATURES<\/span><\/h4>\n<div class=\"fusion-li-item-content\">\n<div class=\"fusion-li-item-content\">\n<div class=\"fusion-li-item-content\">\n<div class=\"fusion-li-item-content\">\n<div class=\"fusion-li-item-content\"><strong>Farbe:<\/strong> Klar, mit bernsteinfarbenen Reflexen.<br \/>\n<strong>Aroma: <\/strong>intensiver und anhaltender Apfelduft.<br \/>\n<strong>Geschmack: <\/strong> Warm und einh\u00fcllend, mit intensivem, anhaltendem und frischem Apfelgeschmack.<br \/>\n<strong>Dichte:<\/strong> ca. 1,22<br \/>\n<strong>S\u00e4uregehalt:<\/strong> 5%.<br \/>\n<strong>Reifung:<\/strong> Kurze Zeit in Holzf\u00e4ssern gereift.<br \/>\n<strong>Zutaten:<\/strong> Konzentrierter Apfelsaft, ges\u00e4uerter Apfelsaft, nat\u00fcrliche Aromen. Enth\u00e4lt Sulfite.<\/div>\n<\/div>\n<\/div>\n<\/div>\n<\/div>\n<h2><span style=\"color: #0498a0;\">Produzent Geschichte<\/span><\/h2>\n<p><span style=\"color: #808080;\"><img loading=\"lazy\" class=\"wp-image-9614 alignleft\" src=\"https:\/\/www.boncibum.com\/wp-content\/uploads\/2022\/04\/DSC00383-600x400-1-300x201.jpg\" alt=\"Terra del Tuono ist ein altes Essigwerk\" width=\"275\" height=\"184\" srcset=\"https:\/\/www.boncibum.com\/wp-content\/uploads\/2022\/04\/DSC00383-600x400-1-300x201.jpg 300w, https:\/\/www.boncibum.com\/wp-content\/uploads\/2022\/04\/DSC00383-600x400-1-150x100.jpg 150w, https:\/\/www.boncibum.com\/wp-content\/uploads\/2022\/04\/DSC00383-600x400-1-135x90.jpg 135w, https:\/\/www.boncibum.com\/wp-content\/uploads\/2022\/04\/DSC00383-600x400-1.jpg 600w\" sizes=\"(max-width: 275px) 100vw, 275px\" \/><\/span><\/p>\n<p><span style=\"color: #808080;\">Terra del Tuono ist eine alte, familiengef\u00fchrte Essigfabrik.<\/span><\/p>\n<p><span style=\"color: #808080;\">Seit 1892 stellen wir eines der authentischsten und traditionellsten Produkte unserer Region her, den Balsamico-Essig.<\/span><\/p>\n<p><span style=\"color: #808080;\">Dar\u00fcber hinaus produzieren wir echte Spezialit\u00e4ten mit Balsamico-Essig aus Modena g.g.A., sowie traditionellen Balsamico-Essig aus Reggio Emilia g.U. und verschiedene Balsamico-Dressings.<\/span><\/p>\n<p><span style=\"color: #808080;\">In der Rubrik Produkte finden Sie alle Spezialit\u00e4ten, die wir herstellen, von traditionellen bis hin zu innovativen Produkten.<\/span><\/p>\n<p><span style=\"color: #808080;\">Wenn Sie uns in der Acetaia besuchen, kann Ihnen einer unserer Experten die beste Beratung f\u00fcr Ihren Balsamico-Einkauf geben.<\/span><\/p>\n","protected":false},"excerpt":{"rendered":"<p>Kartons Gew\u00fcrz 100% Apfel-rote Version-250 ml<\/p>\n<p><strong>Menge:<\/strong><\/p>\n<p>1 Karton = 6 St\u00fcck (Flaschen)<\/p>\n","protected":false},"featured_media":9664,"comment_status":"open","ping_status":"closed","template":"","meta":[],"_links":{"self":[{"href":"https:\/\/www.boncibum.com\/de\/wp-json\/wp\/v2\/product\/11929"}],"collection":[{"href":"https:\/\/www.boncibum.com\/de\/wp-json\/wp\/v2\/product"}],"about":[{"href":"https:\/\/www.boncibum.com\/de\/wp-json\/wp\/v2\/types\/product"}],"replies":[{"embeddable":true,"href":"https:\/\/www.boncibum.com\/de\/wp-json\/wp\/v2\/comments?post=11929"}],"version-history":[{"count":3,"href":"https:\/\/www.boncibum.com\/de\/wp-json\/wp\/v2\/product\/11929\/revisions"}],"predecessor-version":[{"id":14061,"href":"https:\/\/www.boncibum.com\/de\/wp-json\/wp\/v2\/product\/11929\/revisions\/14061"}],"wp:featuredmedia":[{"embeddable":true,"href":"https:\/\/www.boncibum.com\/de\/wp-json\/wp\/v2\/media\/9664"}],"wp:attachment":[{"href":"https:\/\/www.boncibum.com\/de\/wp-json\/wp\/v2\/media?parent=11929"}],"curies":[{"name":"wp","href":"https:\/\/api.w.org\/{rel}","templated":true}]}}