{"id":11935,"date":"2022-05-06T17:11:59","date_gmt":"2022-05-06T15:11:59","guid":{"rendered":"https:\/\/www.boncibum.com\/product\/kartons-mit-weissem-balsamico-wuerzmittel-250-ml\/"},"modified":"2022-10-03T14:55:15","modified_gmt":"2022-10-03T12:55:15","slug":"kartonaufbereitung-balsamico-weiss-250-ml","status":"publish","type":"product","link":"https:\/\/www.boncibum.com\/de\/prodotto\/kartonaufbereitung-balsamico-weiss-250-ml\/","title":{"rendered":"Kartons mit wei\u00dfem Balsamico-W\u00fcrzmittel &#8211; 250 ml"},"content":{"rendered":"<p><strong><span style=\"color: #339966;\">VERSAND<\/span>:<\/strong><br \/>\nVersandzeit Italien: 24\/48 Stunden<\/p>\n<h4><span style=\"color: #dc9814;\">BESCHREIBUNG<\/span><\/h4>\n<p>Bianco ist ein feines s\u00fc\u00df-saures Gew\u00fcrz aus wei\u00dfen Trauben, das aus der Modeneser Tradition stammt.<\/p>\n<p>Er wird aus dem konzentrierten Most ausschlie\u00dflich wei\u00dfer Trauben, vor allem Spergola und Trebbiano, hergestellt, der mit feinstem, gut gereiftem Wei\u00dfweinessig geschickt vermischt wird. Wei\u00df ist ein bernsteinfarbenes, klares und transparentes Gew\u00fcrz. Der Geschmack ist s\u00fc\u00df und sauer, mit einer angenehmen Betonung des sauren Tons. Die fl\u00fcchtige S\u00e4ure ist ausgepr\u00e4gt, der Gaumen empfindet eine angenehme Aggressivit\u00e4t.<\/p>\n<p>Der Wei\u00dfwein hat ein ausgepr\u00e4gtes Aroma, das von einem guten S\u00e4uregehalt begleitet wird. Die klare, transparente Farbe macht es vorteilhaft, die urspr\u00fcngliche Farbe des Gerichts zu erhalten. Er ist ein nat\u00fcrlicher Begleiter von Salaten und frischem Gem\u00fcse in Pinzimonio. Er passt hervorragend zu Meeresfr\u00fcchten, Fisch und wei\u00dfem Fleisch.<\/p>\n<p>250 ml Flasche<\/p>\n<h4><span style=\"color: #dc9814;\">FEATURES<\/span><\/h4>\n<div class=\"fusion-li-item-content\">\n<div class=\"fusion-li-item-content\">\n<div class=\"fusion-li-item-content\">\n<div class=\"fusion-li-item-content\">\n<div class=\"fusion-li-item-content\"><strong>Farbe<\/strong>: klar und transparent, der antike Ton von goldenem Bernstein.<br \/>\n<strong>Bouquet<\/strong>: Das Bouquet ist sauber, intensiv und anhaltend, mit Noten von fruchtigen Trauben, angenehm agrarisch.<br \/>\n<strong>Geschmack<\/strong>: Der Geschmack ist trocken, lebhaft, aber sehr ausgewogen. Im Mund ist die fl\u00fcchtige S\u00e4ure sehr anhaltend, wobei ein angenehmer Hauch von S\u00fc\u00dfe zur\u00fcckbleibt.<br \/>\n<strong>Dichte<\/strong>: ca. 1,20<br \/>\n<strong>S\u00e4uregehalt<\/strong>: 4%.<br \/>\n<strong>Reifung<\/strong>: kurz, in feinen Wei\u00dfeichenf\u00e4ssern<br \/>\n<strong>Zutaten<\/strong>: Konzentrierter Most aus italienischen Wei\u00dfweintrauben, Wei\u00dfweinessig. Enth\u00e4lt Sulfite. ist eine hochwertige, 100% nat\u00fcrliche gastronomische Spezialit\u00e4t. Es enth\u00e4lt keine Farbstoffe, keine Verdickungsmittel, keine Konservierungsstoffe und kein Karamell.<\/div>\n<\/div>\n<\/div>\n<\/div>\n<\/div>\n<h2><span style=\"color: #0498a0;\">Produzent Geschichte<\/span><\/h2>\n<p><span style=\"color: #808080;\"><img loading=\"lazy\" class=\"wp-image-9614 alignleft\" src=\"https:\/\/www.boncibum.com\/wp-content\/uploads\/2022\/04\/DSC00383-600x400-1-300x201.jpg\" alt=\"Terra del Tuono ist ein altes Essigwerk\" width=\"275\" height=\"184\" srcset=\"https:\/\/www.boncibum.com\/wp-content\/uploads\/2022\/04\/DSC00383-600x400-1-300x201.jpg 300w, https:\/\/www.boncibum.com\/wp-content\/uploads\/2022\/04\/DSC00383-600x400-1-150x100.jpg 150w, https:\/\/www.boncibum.com\/wp-content\/uploads\/2022\/04\/DSC00383-600x400-1-135x90.jpg 135w, https:\/\/www.boncibum.com\/wp-content\/uploads\/2022\/04\/DSC00383-600x400-1.jpg 600w\" sizes=\"(max-width: 275px) 100vw, 275px\" \/><\/span><\/p>\n<p><span style=\"color: #808080;\">Terra del Tuono ist eine alte, familiengef\u00fchrte Essigfabrik.<\/span><\/p>\n<p><span style=\"color: #808080;\">Seit 1892 stellen wir eines der authentischsten und traditionellsten Produkte unserer Region her, den Balsamico-Essig.<\/span><\/p>\n<p><span style=\"color: #808080;\">Dar\u00fcber hinaus produzieren wir echte Spezialit\u00e4ten mit Balsamico-Essig aus Modena g.g.A., sowie traditionellen Balsamico-Essig aus Reggio Emilia g.U. und verschiedene Balsamico-Dressings.<\/span><\/p>\n<p><span style=\"color: #808080;\">In der Rubrik Produkte finden Sie alle Spezialit\u00e4ten, die wir herstellen, von traditionellen bis hin zu innovativen Produkten.<\/span><\/p>\n<p><span style=\"color: #808080;\">Wenn Sie uns in der Acetaia besuchen, kann Ihnen einer unserer Experten die beste Beratung f\u00fcr Ihren Balsamico-Einkauf geben.<\/span><\/p>\n","protected":false},"excerpt":{"rendered":"<p>Kartons mit wei\u00dfem Balsamico-W\u00fcrzmittel &#8211; 250 ml<\/p>\n<p><strong>Menge:<\/strong><\/p>\n<p>1 Karton = 6 St\u00fcck (Flaschen)<\/p>\n","protected":false},"featured_media":9667,"comment_status":"open","ping_status":"closed","template":"","meta":[],"_links":{"self":[{"href":"https:\/\/www.boncibum.com\/de\/wp-json\/wp\/v2\/product\/11935"}],"collection":[{"href":"https:\/\/www.boncibum.com\/de\/wp-json\/wp\/v2\/product"}],"about":[{"href":"https:\/\/www.boncibum.com\/de\/wp-json\/wp\/v2\/types\/product"}],"replies":[{"embeddable":true,"href":"https:\/\/www.boncibum.com\/de\/wp-json\/wp\/v2\/comments?post=11935"}],"version-history":[{"count":4,"href":"https:\/\/www.boncibum.com\/de\/wp-json\/wp\/v2\/product\/11935\/revisions"}],"predecessor-version":[{"id":14056,"href":"https:\/\/www.boncibum.com\/de\/wp-json\/wp\/v2\/product\/11935\/revisions\/14056"}],"wp:featuredmedia":[{"embeddable":true,"href":"https:\/\/www.boncibum.com\/de\/wp-json\/wp\/v2\/media\/9667"}],"wp:attachment":[{"href":"https:\/\/www.boncibum.com\/de\/wp-json\/wp\/v2\/media?parent=11935"}],"curies":[{"name":"wp","href":"https:\/\/api.w.org\/{rel}","templated":true}]}}