{"id":12080,"date":"2022-05-06T09:50:15","date_gmt":"2022-05-06T07:50:15","guid":{"rendered":"https:\/\/www.boncibum.com\/prodotto\/kartons-mit-rose-gewuerz-100-natuerlich-aus-duftenden-trauben-250-ml\/"},"modified":"2022-05-06T09:50:15","modified_gmt":"2022-05-06T07:50:15","slug":"karton-runde-rose-100-naturlich-traube-duftend-250-ml","status":"publish","type":"product","link":"https:\/\/www.boncibum.com\/de\/prodotto\/karton-runde-rose-100-naturlich-traube-duftend-250-ml\/","title":{"rendered":"Kartons mit Ros\u00e9 Gew\u00fcrz &#8211; 100% nat\u00fcrlich aus duftenden Trauben &#8211; 250 ml"},"content":{"rendered":"<p><strong><span style=\"color: #339966;\">VERSAND<\/span>:<\/strong><br \/>\nLieferfrist: 24\/48 Stunden<\/p>\n<h4><span style=\"color: #dc9814;\">BESCHREIBUNG<\/span><\/h4>\n<p>Terra del Tuono Ros\u00e9 Condiment ist das Ergebnis der langsamen Reifung von sorgf\u00e4ltig ausgew\u00e4hlten italienischen Traubenmosten und feinstem, gut gereiftem Wei\u00dfweinessig.<\/p>\n<p>Unser Ros\u00e9-W\u00fcrzmittel hat eine angenehme, 100 % nat\u00fcrliche rosa Farbe und einen fruchtigen, aromatischen Geschmack, der mit keinem anderen Balsamico vergleichbar ist.<\/p>\n<p>Er passt hervorragend zu frischen Salaten und Gem\u00fcse, aber auch zu frischen Meeresfr\u00fcchten (insbesondere Garnelen und Jakobsmuscheln) und wei\u00dfem Fleisch. Dank seiner nat\u00fcrlichen S\u00fc\u00dfe und seines fruchtigen Geschmacks eignet er sich hervorragend f\u00fcr frische Obstsalate, Desserts und Eiscreme.<\/p>\n<p>250 ml Flasche<\/p>\n<h4><span style=\"color: #dc9814;\">FEATURES<\/span><\/h4>\n<div class=\"fusion-li-item-content\">\n<div class=\"fusion-li-item-content\"><strong>Farbe<\/strong>: rosig und transparent, 100% nat\u00fcrlich<br \/>\n<strong>Geruch<\/strong>: Das Aroma ist stark, intensiv und anhaltend, mit fruchtigen Noten.<br \/>\n<strong>Geschmack<\/strong>: Der Geschmack ist s\u00fc\u00df, lebhaft, aber sehr ausgewogen. Sehr anhaltend im Mund, erinnert an fruchtige Noten.<br \/>\n<strong>Dichte<\/strong>: ca. 1,20<br \/>\n<strong>S\u00e4uregehalt<\/strong>: 4,8%.<br \/>\n<strong>Reifung<\/strong>: kurz, in feinen Wei\u00dfeichenf\u00e4ssern<br \/>\n<strong>Zutaten<\/strong>: Konzentrierter Most aus wei\u00dfen Trauben, Wei\u00dfweinessig, gekochter Traubenmost. Enth\u00e4lt Sulfite. Naturprodukt, das leichten Farbschwankungen unterliegt.<\/div>\n<\/div>\n<h2><span style=\"color: #0498a0;\">Produzent Geschichte<\/span><\/h2>\n<p><span style=\"color: #808080;\"><img loading=\"lazy\" class=\"wp-image-9614 alignleft\" src=\"https:\/\/www.boncibum.com\/wp-content\/uploads\/2022\/04\/DSC00383-600x400-1-300x201.jpg\" alt=\"Terra del Tuono ist ein altes Essigwerk\" width=\"275\" height=\"184\" srcset=\"https:\/\/www.boncibum.com\/wp-content\/uploads\/2022\/04\/DSC00383-600x400-1-300x201.jpg 300w, https:\/\/www.boncibum.com\/wp-content\/uploads\/2022\/04\/DSC00383-600x400-1-150x100.jpg 150w, https:\/\/www.boncibum.com\/wp-content\/uploads\/2022\/04\/DSC00383-600x400-1-135x90.jpg 135w, https:\/\/www.boncibum.com\/wp-content\/uploads\/2022\/04\/DSC00383-600x400-1.jpg 600w\" sizes=\"(max-width: 275px) 100vw, 275px\" \/><\/span><\/p>\n<p><span style=\"color: #808080;\">Terra del Tuono ist eine alte, familiengef\u00fchrte Essigfabrik.<\/span><\/p>\n<p><span style=\"color: #808080;\">Seit 1892 stellen wir eines der authentischsten und traditionellsten Produkte unserer Region her, den Balsamico-Essig.<\/span><\/p>\n<p><span style=\"color: #808080;\">Dar\u00fcber hinaus produzieren wir echte Spezialit\u00e4ten mit Balsamico-Essig aus Modena g.g.A., sowie traditionellen Balsamico-Essig aus Reggio Emilia g.U. und verschiedene Balsamico-Dressings.<\/span><\/p>\n<p><span style=\"color: #808080;\">In der Rubrik Produkte finden Sie alle Spezialit\u00e4ten, die wir herstellen, von traditionellen bis hin zu innovativen Produkten.<\/span><\/p>\n<p><span style=\"color: #808080;\">Wenn Sie uns in der Acetaia besuchen, kann Ihnen einer unserer Experten die beste Beratung f\u00fcr Ihren Balsamico-Einkauf geben.<\/span><\/p>\n","protected":false},"excerpt":{"rendered":"<p>Kartons mit Ros\u00e9 Gew\u00fcrz &#8211; 100% nat\u00fcrlich aus duftenden Trauben &#8211; 250 ml<\/p>\n<p><strong>Menge:<\/strong><\/p>\n<p>1 Karton = 6 St\u00fcck (Flaschen)<\/p>\n<p>| Nr.1 bis 4 Kartons &#8211; 6.20\u20ac \/St\u00fcck<\/p>\n<p>| Nr. 5 bis 99 &#8211; 5,20\u20ac \/St\u00fcck<\/p>\n<p>| Palette Nr. 1 ab 100 Kartons &#8211; 4,75 \u20ac\/St\u00fcck<\/p>\n","protected":false},"featured_media":9663,"comment_status":"open","ping_status":"closed","template":"","meta":[],"_links":{"self":[{"href":"https:\/\/www.boncibum.com\/de\/wp-json\/wp\/v2\/product\/12080"}],"collection":[{"href":"https:\/\/www.boncibum.com\/de\/wp-json\/wp\/v2\/product"}],"about":[{"href":"https:\/\/www.boncibum.com\/de\/wp-json\/wp\/v2\/types\/product"}],"replies":[{"embeddable":true,"href":"https:\/\/www.boncibum.com\/de\/wp-json\/wp\/v2\/comments?post=12080"}],"version-history":[{"count":0,"href":"https:\/\/www.boncibum.com\/de\/wp-json\/wp\/v2\/product\/12080\/revisions"}],"wp:featuredmedia":[{"embeddable":true,"href":"https:\/\/www.boncibum.com\/de\/wp-json\/wp\/v2\/media\/9663"}],"wp:attachment":[{"href":"https:\/\/www.boncibum.com\/de\/wp-json\/wp\/v2\/media?parent=12080"}],"curies":[{"name":"wp","href":"https:\/\/api.w.org\/{rel}","templated":true}]}}