{"id":12100,"date":"2022-05-05T16:44:26","date_gmt":"2022-05-05T14:44:26","guid":{"rendered":"https:\/\/www.boncibum.com\/prodotto\/kartons-essig100-craft-beer-version-abbey-100-ml\/"},"modified":"2022-10-01T21:56:04","modified_gmt":"2022-10-01T19:56:04","slug":"vinegar100-beer-version-abbey-100-ml-2","status":"publish","type":"product","link":"https:\/\/www.boncibum.com\/de\/prodotto\/vinegar100-beer-version-abbey-100-ml-2\/","title":{"rendered":"Kartons Essig100% Craft Beer &#8211; Version Abbey &#8211; 100 ml"},"content":{"rendered":"<p><strong><span style=\"color: #339966;\">VERSAND<\/span>:<\/strong><br \/>\nVersandzeit Italien: 24\/48 Stunden<\/p>\n<h4><span style=\"color: #dc9814;\">BESCHREIBUNG<\/span><\/h4>\n<p>Der erste 100%ige Bieressig, hergestellt aus hochwertigem italienischem Handwerksbier des Typs BELGIAN ABBEY, mit fruchtigen und karamelligen Noten.<\/p>\n<p>Es ist ein \u00e4u\u00dferst innovatives, einfach zu verwendendes Produkt mit einem k\u00f6stlichen Biergeschmack und einem angenehmen S\u00e4uregrad.<\/p>\n<p>Er passt hervorragend zu Vorspeisen und Aperitifs sowie zu Salaten und Gem\u00fcse, frisch oder gegrillt.<br \/>\nK\u00f6stlich zu Fleisch und in Kombination mit frischem und gereiftem K\u00e4se.<\/p>\n<p>100 ml Flasche.<\/p>\n<h4><span style=\"color: #dc9814;\">FEATURES<\/span><\/h4>\n<p><strong>Farbe<\/strong>: Bernsteinfarben, mit goldenen Reflexen<br \/>\n<strong>Bouquet<\/strong>: Intensiv, angenehm s\u00e4uerlich, harmonisch, mit ausgepr\u00e4gten Fruchtnoten und einem Hauch von Karamell<br \/>\n<strong>Geschmack<\/strong>: Intensiv, angenehm s\u00e4uerlich, harmonisch, mit Noten von Karamell und Lakritz<br \/>\n<strong>Dichte<\/strong>: ca. 1,03<br \/>\n<strong>S\u00e4uregehalt<\/strong>: 6,5%.<br \/>\n<strong>Zutaten<\/strong>: Craft Beer (Wasser, Gerstenmalz, Kandiszucker, Hopfen und Hefe). Ungefiltertes Produkt, kann zu nat\u00fcrlichen Ablagerungen f\u00fchren.<\/p>\n<p>&nbsp;<\/p>\n<h2><span style=\"color: #0498a0;\">Produzent Geschichte<\/span><\/h2>\n<p><span style=\"color: #808080;\"><img loading=\"lazy\" class=\"wp-image-9614 alignleft\" src=\"https:\/\/www.boncibum.com\/wp-content\/uploads\/2022\/04\/DSC00383-600x400-1-300x201.jpg\" alt=\"Terra del Tuono ist ein altes Essigwerk\" width=\"275\" height=\"184\" srcset=\"https:\/\/www.boncibum.com\/wp-content\/uploads\/2022\/04\/DSC00383-600x400-1-300x201.jpg 300w, https:\/\/www.boncibum.com\/wp-content\/uploads\/2022\/04\/DSC00383-600x400-1-150x100.jpg 150w, https:\/\/www.boncibum.com\/wp-content\/uploads\/2022\/04\/DSC00383-600x400-1-135x90.jpg 135w, https:\/\/www.boncibum.com\/wp-content\/uploads\/2022\/04\/DSC00383-600x400-1.jpg 600w\" sizes=\"(max-width: 275px) 100vw, 275px\" \/><\/span><\/p>\n<p><span style=\"color: #808080;\">Terra del Tuono ist eine alte, familiengef\u00fchrte Essigfabrik.<\/span><\/p>\n<p><span style=\"color: #808080;\">Seit 1892 stellen wir eines der authentischsten und traditionellsten Produkte unserer Region her, den Balsamico-Essig.<\/span><\/p>\n<p><span style=\"color: #808080;\">Dar\u00fcber hinaus produzieren wir echte Spezialit\u00e4ten mit Balsamico-Essig aus Modena g.g.A., sowie traditionellen Balsamico-Essig aus Reggio Emilia g.U. und verschiedene Balsamico-Dressings.<\/span><\/p>\n<p><span style=\"color: #808080;\">In der Rubrik Produkte finden Sie alle Spezialit\u00e4ten, die wir herstellen, von traditionellen bis hin zu innovativen Produkten.<\/span><\/p>\n<p><span style=\"color: #808080;\">Wenn Sie uns in der Acetaia besuchen, kann Ihnen einer unserer Experten die beste Beratung f\u00fcr Ihren Balsamico-Einkauf geben.<\/span><\/p>\n","protected":false},"excerpt":{"rendered":"<p>Essig100% Craft Beer &#8211; Abtei Version &#8211; 100 ml<\/p>\n<p><strong>Menge:<\/strong><\/p>\n<p>1 Karton = 12 St\u00fcck (Flaschen)<\/p>\n","protected":false},"featured_media":9912,"comment_status":"open","ping_status":"closed","template":"","meta":[],"_links":{"self":[{"href":"https:\/\/www.boncibum.com\/de\/wp-json\/wp\/v2\/product\/12100"}],"collection":[{"href":"https:\/\/www.boncibum.com\/de\/wp-json\/wp\/v2\/product"}],"about":[{"href":"https:\/\/www.boncibum.com\/de\/wp-json\/wp\/v2\/types\/product"}],"replies":[{"embeddable":true,"href":"https:\/\/www.boncibum.com\/de\/wp-json\/wp\/v2\/comments?post=12100"}],"version-history":[{"count":1,"href":"https:\/\/www.boncibum.com\/de\/wp-json\/wp\/v2\/product\/12100\/revisions"}],"predecessor-version":[{"id":13936,"href":"https:\/\/www.boncibum.com\/de\/wp-json\/wp\/v2\/product\/12100\/revisions\/13936"}],"wp:featuredmedia":[{"embeddable":true,"href":"https:\/\/www.boncibum.com\/de\/wp-json\/wp\/v2\/media\/9912"}],"wp:attachment":[{"href":"https:\/\/www.boncibum.com\/de\/wp-json\/wp\/v2\/media?parent=12100"}],"curies":[{"name":"wp","href":"https:\/\/api.w.org\/{rel}","templated":true}]}}