{"id":12108,"date":"2022-05-05T16:35:40","date_gmt":"2022-05-05T14:35:40","guid":{"rendered":"https:\/\/www.boncibum.com\/prodotto\/karton-mango-fruchtiges-gewuerz-balsamico-essig-aus-modena-g-g-a-100-ml\/"},"modified":"2022-10-01T21:47:20","modified_gmt":"2022-10-01T19:47:20","slug":"pappe-fruchtig-mango-essig-balsamico-modena-igp-100-ml","status":"publish","type":"product","link":"https:\/\/www.boncibum.com\/de\/prodotto\/pappe-fruchtig-mango-essig-balsamico-modena-igp-100-ml\/","title":{"rendered":"Karton Mango fruchtiges Gew\u00fcrz &#8220;Balsamico-Essig aus Modena g.g.A.&#8221; &#8211; 100 ml"},"content":{"rendered":"<p><strong><span style=\"color: #339966;\">VERSAND<\/span>:<\/strong><br \/>\nVersandzeit Italien: 24\/48 Stunden<\/p>\n<h4><span style=\"color: #dc9814;\">BESCHREIBUNG<\/span><\/h4>\n<p>Mangosaft bester Qualit\u00e4t trifft auf unseren Wei\u00dfen und ergibt dieses k\u00f6stliche, fruchtige und s\u00fc\u00df-saure italienische Elixier. Er passt hervorragend zu rotem Fleisch, Salaten und Gem\u00fcse, schmeckt aber auch zu wei\u00dfem Fleisch wie Huhn und Pute.<\/p>\n<p>Dieses s\u00fc\u00df-saure Dressing ist die perfekte Beilage f\u00fcr Obst und Desserts.<\/p>\n<p>Sein nat\u00fcrlicher, fruchtiger Geschmack ist sehr interessant zu gegrilltem Fisch, Meeresfr\u00fcchten und rohem Fisch. Er passt auch perfekt zu reifem K\u00e4se, da seine nat\u00fcrliche S\u00fc\u00dfe im Gegensatz zu dessen kr\u00e4ftigem und durchsetzungsf\u00e4higem Geschmack steht.<\/p>\n<p>100 ml Flasche.<\/p>\n<h4><span style=\"color: #dc9814;\">FEATURES<\/span><\/h4>\n<p><strong>Farbe<\/strong>: nat\u00fcrliche Mangofarbe mit gelben Reflexen.<br \/>\n<strong>Geruch<\/strong>: Man nimmt den starken fruchtigen Duft von Mango wahr, begleitet von s\u00fc\u00dfen und sauren Noten von Wei\u00df.<br \/>\n<strong>Geschmack<\/strong>: anhaltend am Gaumen, angenehm s\u00fc\u00df und sauer, Geschmack nach Mango<br \/>\n<strong>Dichte<\/strong>: ca. 1,22<br \/>\n<strong>Alterung<\/strong>: f\u00fcr eine kurze Zeit<br \/>\n<strong>Zutaten<\/strong>: konzentrierter Traubenmost, Wei\u00dfweinessig, konzentrierter Mangosaft (10%), nat\u00fcrliches Aroma. Enth\u00e4lt Sulfite.<\/p>\n<p>&nbsp;<\/p>\n<h2><span style=\"color: #0498a0;\">Produzent Geschichte<\/span><\/h2>\n<p><span style=\"color: #808080;\"><img loading=\"lazy\" class=\"wp-image-9614 alignleft\" src=\"https:\/\/www.boncibum.com\/wp-content\/uploads\/2022\/04\/DSC00383-600x400-1-300x201.jpg\" alt=\"Terra del Tuono ist ein altes Essigwerk\" width=\"275\" height=\"184\" srcset=\"https:\/\/www.boncibum.com\/wp-content\/uploads\/2022\/04\/DSC00383-600x400-1-300x201.jpg 300w, https:\/\/www.boncibum.com\/wp-content\/uploads\/2022\/04\/DSC00383-600x400-1-150x100.jpg 150w, https:\/\/www.boncibum.com\/wp-content\/uploads\/2022\/04\/DSC00383-600x400-1-135x90.jpg 135w, https:\/\/www.boncibum.com\/wp-content\/uploads\/2022\/04\/DSC00383-600x400-1.jpg 600w\" sizes=\"(max-width: 275px) 100vw, 275px\" \/><\/span><\/p>\n<p><span style=\"color: #808080;\">Terra del Tuono ist eine alte, familiengef\u00fchrte Essigfabrik.<\/span><\/p>\n<p><span style=\"color: #808080;\">Seit 1892 stellen wir eines der authentischsten und traditionellsten Produkte unserer Region her, den Balsamico-Essig.<\/span><\/p>\n<p><span style=\"color: #808080;\">Dar\u00fcber hinaus produzieren wir echte Spezialit\u00e4ten mit Balsamico-Essig aus Modena g.g.A., sowie traditionellen Balsamico-Essig aus Reggio Emilia g.U. und verschiedene Balsamico-Dressings.<\/span><\/p>\n<p><span style=\"color: #808080;\">In der Rubrik Produkte finden Sie alle Spezialit\u00e4ten, die wir herstellen, von traditionellen bis hin zu innovativen Produkten.<\/span><\/p>\n<p><span style=\"color: #808080;\">Wenn Sie uns in der Acetaia besuchen, kann Ihnen einer unserer Experten die beste Beratung f\u00fcr Ihren Balsamico-Einkauf geben.<\/span><\/p>\n","protected":false},"excerpt":{"rendered":"<p>Karton Himbeerfruchtgew\u00fcrz &#8220;Balsamico-Essig aus Modena g.g.A.&#8221; &#8211; 100 ml<\/p>\n<p><strong>Menge:<\/strong><\/p>\n<p>1 Karton = 12 St\u00fcck (Flaschen)<\/p>\n","protected":false},"featured_media":9910,"comment_status":"open","ping_status":"closed","template":"","meta":[],"_links":{"self":[{"href":"https:\/\/www.boncibum.com\/de\/wp-json\/wp\/v2\/product\/12108"}],"collection":[{"href":"https:\/\/www.boncibum.com\/de\/wp-json\/wp\/v2\/product"}],"about":[{"href":"https:\/\/www.boncibum.com\/de\/wp-json\/wp\/v2\/types\/product"}],"replies":[{"embeddable":true,"href":"https:\/\/www.boncibum.com\/de\/wp-json\/wp\/v2\/comments?post=12108"}],"version-history":[{"count":1,"href":"https:\/\/www.boncibum.com\/de\/wp-json\/wp\/v2\/product\/12108\/revisions"}],"predecessor-version":[{"id":13933,"href":"https:\/\/www.boncibum.com\/de\/wp-json\/wp\/v2\/product\/12108\/revisions\/13933"}],"wp:featuredmedia":[{"embeddable":true,"href":"https:\/\/www.boncibum.com\/de\/wp-json\/wp\/v2\/media\/9910"}],"wp:attachment":[{"href":"https:\/\/www.boncibum.com\/de\/wp-json\/wp\/v2\/media?parent=12108"}],"curies":[{"name":"wp","href":"https:\/\/api.w.org\/{rel}","templated":true}]}}