{"id":12112,"date":"2022-05-05T16:14:41","date_gmt":"2022-05-05T14:14:41","guid":{"rendered":"https:\/\/www.boncibum.com\/prodotto\/karton-himbeerfruchtgewuerz-balsamico-essig-aus-modena-g-g-a-100-ml\/"},"modified":"2022-10-01T03:03:23","modified_gmt":"2022-10-01T01:03:23","slug":"pappig-fruchtig-aromatischer-lampignon-balsamico-essig-aus-modena-igp-100-ml","status":"publish","type":"product","link":"https:\/\/www.boncibum.com\/de\/prodotto\/pappig-fruchtig-aromatischer-lampignon-balsamico-essig-aus-modena-igp-100-ml\/","title":{"rendered":"Karton Himbeerfruchtgew\u00fcrz &#8220;Balsamico-Essig aus Modena g.g.A.&#8221; &#8211; 100 ml"},"content":{"rendered":"<p><strong><span style=\"color: #339966;\">SHIPPING<\/span><\/strong>:<br \/>\nVersandzeit Italien: 24\/48 Stunden<\/p>\n<h4><span style=\"color: #dc9814;\">BESCHREIBUNG<\/span><\/h4>\n<p>K\u00f6stlicher Himbeersaft trifft auf unser White Dressing und ergibt ein exquisites Fruchtelixier.<\/p>\n<p>Perfekt zu K\u00e4se, Salaten, Braten und Fischgerichten, aber auch zu frischem Obst und Desserts.<\/p>\n<p>100 ml Flasche.<\/p>\n<h4><span style=\"color: #dc9814;\">FEATURES<\/span><\/h4>\n<p><strong>Farbe<\/strong>: dunkles, leuchtendes, typisches Himbeerrosa<br \/>\n<strong>Geruch<\/strong>: intensiver, fruchtiger Duft<br \/>\n<strong>Geschmack<\/strong>: nat\u00fcrlich s\u00fc\u00df und leicht s\u00fc\u00df-s\u00e4uerlich-fruchtiger Geschmack<br \/>\n<strong>Dichte<\/strong>: ca. 1,22<br \/>\n<strong>Zutaten<\/strong>: konzentrierter Traubenmost, Wei\u00dfweinessig, konzentrierter Himbeersaft (5%), Aroma. Enth\u00e4lt Sulfite.<\/p>\n<h2><span style=\"color: #0498a0;\">Produzent Geschichte<\/span><\/h2>\n<p><span style=\"color: #808080;\"><img loading=\"lazy\" class=\"wp-image-9614 alignleft\" src=\"https:\/\/www.boncibum.com\/wp-content\/uploads\/2022\/04\/DSC00383-600x400-1-300x201.jpg\" alt=\"Terra del Tuono ist ein altes Essigwerk\" width=\"275\" height=\"184\" srcset=\"https:\/\/www.boncibum.com\/wp-content\/uploads\/2022\/04\/DSC00383-600x400-1-300x201.jpg 300w, https:\/\/www.boncibum.com\/wp-content\/uploads\/2022\/04\/DSC00383-600x400-1-150x100.jpg 150w, https:\/\/www.boncibum.com\/wp-content\/uploads\/2022\/04\/DSC00383-600x400-1-135x90.jpg 135w, https:\/\/www.boncibum.com\/wp-content\/uploads\/2022\/04\/DSC00383-600x400-1.jpg 600w\" sizes=\"(max-width: 275px) 100vw, 275px\" \/><\/span><\/p>\n<p><span style=\"color: #808080;\">Terra del Tuono ist eine alte, familiengef\u00fchrte Essigfabrik.<\/span><\/p>\n<p><span style=\"color: #808080;\">Seit 1892 stellen wir eines der authentischsten und traditionellsten Produkte unserer Region her, den Balsamico-Essig.<\/span><\/p>\n<p><span style=\"color: #808080;\">Dar\u00fcber hinaus produzieren wir echte Spezialit\u00e4ten mit Balsamico-Essig aus Modena g.g.A., sowie traditionellen Balsamico-Essig aus Reggio Emilia g.U. und verschiedene Balsamico-Dressings.<\/span><\/p>\n<p><span style=\"color: #808080;\">In der Rubrik Produkte finden Sie alle Spezialit\u00e4ten, die wir herstellen, von traditionellen bis hin zu innovativen Produkten.<\/span><\/p>\n<p><span style=\"color: #808080;\">Wenn Sie uns in der Acetaia besuchen, kann Ihnen einer unserer Experten die beste Beratung f\u00fcr Ihren Balsamico-Einkauf geben.<\/span><\/p>\n","protected":false},"excerpt":{"rendered":"<p>Karton Himbeerfruchtgew\u00fcrz &#8220;Balsamico-Essig aus Modena g.g.A.&#8221; &#8211; 100 ml<\/p>\n<p><strong>Menge:<\/strong><\/p>\n<p>1 Karton = 12 St\u00fcck (Flaschen)<\/p>\n","protected":false},"featured_media":9909,"comment_status":"open","ping_status":"closed","template":"","meta":[],"_links":{"self":[{"href":"https:\/\/www.boncibum.com\/de\/wp-json\/wp\/v2\/product\/12112"}],"collection":[{"href":"https:\/\/www.boncibum.com\/de\/wp-json\/wp\/v2\/product"}],"about":[{"href":"https:\/\/www.boncibum.com\/de\/wp-json\/wp\/v2\/types\/product"}],"replies":[{"embeddable":true,"href":"https:\/\/www.boncibum.com\/de\/wp-json\/wp\/v2\/comments?post=12112"}],"version-history":[{"count":1,"href":"https:\/\/www.boncibum.com\/de\/wp-json\/wp\/v2\/product\/12112\/revisions"}],"predecessor-version":[{"id":13925,"href":"https:\/\/www.boncibum.com\/de\/wp-json\/wp\/v2\/product\/12112\/revisions\/13925"}],"wp:featuredmedia":[{"embeddable":true,"href":"https:\/\/www.boncibum.com\/de\/wp-json\/wp\/v2\/media\/9909"}],"wp:attachment":[{"href":"https:\/\/www.boncibum.com\/de\/wp-json\/wp\/v2\/media?parent=12112"}],"curies":[{"name":"wp","href":"https:\/\/api.w.org\/{rel}","templated":true}]}}