{"id":12124,"date":"2022-05-05T16:00:35","date_gmt":"2022-05-05T14:00:35","guid":{"rendered":"https:\/\/www.boncibum.com\/prodotto\/kartons-traditioneller-balsamico-essig-aus-reggio-emilia-goldetikett-100-ml\/"},"modified":"2022-10-27T11:45:40","modified_gmt":"2022-10-27T09:45:40","slug":"cartoni-aceto-balsamico-tradizionale-di-reggio-emilia-etikett-gold-100-ml","status":"publish","type":"product","link":"https:\/\/www.boncibum.com\/de\/prodotto\/cartoni-aceto-balsamico-tradizionale-di-reggio-emilia-etikett-gold-100-ml\/","title":{"rendered":"Kartons Traditioneller Balsamico-Essig aus Reggio Emilia &#8211; Goldetikett 100 ml"},"content":{"rendered":"<p><strong><span style=\"color: #339966;\">VERSAND<\/span>:<\/strong><br \/>\nVersandzeit Italien: 24\/48 Stunden<\/p>\n<h4><span style=\"color: #dc9814;\">BESCHREIBUNG<\/span><\/h4>\n<p>Es handelt sich um ein au\u00dfergew\u00f6hnliches und komplexes Produkt, das vollkommen nat\u00fcrlich ist und das Ergebnis einer langen und geschickten Arbeit ist, bei der die Tradition peinlich genau eingehalten wird. Um einen solch exklusiven Balsamico-Essig zu erhalten, bedarf es mindestens 25 Jahre langsamer Reifung in Batterien von kleinen F\u00e4ssern aus verschiedenen H\u00f6lzern. Eine perfekte Harmonie von s\u00fc\u00dfen und sauren Noten, edel in der Struktur, \u00fcberzeugend und anhaltend am Gaumen.<\/p>\n<p>Der traditionelle Balsamico-Essig mit Goldsiegel von Terra del Tuono wird ausschlie\u00dflich roh verwendet. Sein milder Geschmack und sein feines, samtiges Aroma machen ihn zum idealen Begleiter von reifen und w\u00fcrzigen K\u00e4sesorten, Schmorbraten und w\u00fcrzigem Fleisch.<\/p>\n<p>Er passt hervorragend zu Wild- und Beerensalaten und verfeinert Puddingcremes und Eis. Vor allem aber ist es ein wahres Meditationselixier, das man tr\u00f6pfchenweise am Ende einer Mahlzeit, als Digestif oder zum reinen Vergn\u00fcgen genie\u00dfen kann.<\/p>\n<p>100 ml Flasche.<\/p>\n<h4><span style=\"color: #dc9814;\">FEATURES<\/span><\/h4>\n<p><strong>Farbe<\/strong>: undurchdringlich und gl\u00e4nzend schwarz, mit gleichm\u00e4\u00dfigem Aussehen.<br \/>\n<strong>Bouquet<\/strong>: Vielschichtiges, breit gef\u00e4chertes, au\u00dfergew\u00f6hnlich reichhaltiges und anhaltendes Bouquet mit fruchtigen, blumigen und w\u00fcrzigen Aromen.<br \/>\n<strong>Geschmack<\/strong>: voll und einh\u00fcllend, mit einer dichten und ausgewogenen Tanninstruktur, im Nachgeschmack reife Noten von gro\u00dfer Ausdauer und starker Emotion.<br \/>\n<strong>Dichte<\/strong>: ca. 1,36<br \/>\n<strong>Reifung<\/strong>: traditionell, mit j\u00e4hrlicher Umf\u00fcllung in kleine F\u00e4sser aus verschiedenen Edelh\u00f6lzern<br \/>\n<strong>Zutaten<\/strong>: gekochter Most aus italienischen Trauben, nach alter Tradition in Eichen-, Kastanien-, Kirsch-, Maulbeer- und Wacholderf\u00e4ssern gereift. Ein hochwertiges, 100 % nat\u00fcrliches, handgefertigtes Produkt, das keine Farbstoffe, Verdickungsmittel, Konservierungsmittel oder Karamell enth\u00e4lt.<\/p>\n<h2><span style=\"color: #0498a0;\">Produzent Geschichte<\/span><\/h2>\n<p><span style=\"color: #808080;\"><img loading=\"lazy\" class=\"wp-image-9614 alignleft\" src=\"https:\/\/www.boncibum.com\/wp-content\/uploads\/2022\/04\/DSC00383-600x400-1-300x201.jpg\" alt=\"Terra del Tuono ist ein altes Essigwerk\" width=\"275\" height=\"184\" srcset=\"https:\/\/www.boncibum.com\/wp-content\/uploads\/2022\/04\/DSC00383-600x400-1-300x201.jpg 300w, https:\/\/www.boncibum.com\/wp-content\/uploads\/2022\/04\/DSC00383-600x400-1-150x100.jpg 150w, https:\/\/www.boncibum.com\/wp-content\/uploads\/2022\/04\/DSC00383-600x400-1-135x90.jpg 135w, https:\/\/www.boncibum.com\/wp-content\/uploads\/2022\/04\/DSC00383-600x400-1.jpg 600w\" sizes=\"(max-width: 275px) 100vw, 275px\" \/><\/span><\/p>\n<p><span style=\"color: #808080;\">Terra del Tuono ist eine alte, familiengef\u00fchrte Essigfabrik.<\/span><\/p>\n<p><span style=\"color: #808080;\">Seit 1892 stellen wir eines der authentischsten und traditionellsten Produkte unserer Region her, den Balsamico-Essig.<\/span><\/p>\n<p><span style=\"color: #808080;\">Dar\u00fcber hinaus produzieren wir echte Spezialit\u00e4ten mit Balsamico-Essig aus Modena g.g.A., sowie traditionellen Balsamico-Essig aus Reggio Emilia g.U. und verschiedene Balsamico-Dressings.<\/span><\/p>\n<p><span style=\"color: #808080;\">In der Rubrik Produkte finden Sie alle Spezialit\u00e4ten, die wir herstellen, von traditionellen bis hin zu innovativen Produkten.<\/span><\/p>\n<p><span style=\"color: #808080;\">Wenn Sie uns in der Acetaia besuchen, kann Ihnen einer unserer Experten die beste Beratung f\u00fcr Ihren Balsamico-Einkauf geben.<\/span><\/p>\n","protected":false},"excerpt":{"rendered":"<p>Kartons Traditioneller Balsamico-Essig aus Reggio Emilia &#8211; Goldetikett 100 ml<\/p>\n<p><strong>Menge:<\/strong><\/p>\n<p>1 Karton = 3 St\u00fcck (Flaschen)<\/p>\n<p>&nbsp;<\/p>\n","protected":false},"featured_media":9906,"comment_status":"open","ping_status":"closed","template":"","meta":[],"_links":{"self":[{"href":"https:\/\/www.boncibum.com\/de\/wp-json\/wp\/v2\/product\/12124"}],"collection":[{"href":"https:\/\/www.boncibum.com\/de\/wp-json\/wp\/v2\/product"}],"about":[{"href":"https:\/\/www.boncibum.com\/de\/wp-json\/wp\/v2\/types\/product"}],"replies":[{"embeddable":true,"href":"https:\/\/www.boncibum.com\/de\/wp-json\/wp\/v2\/comments?post=12124"}],"version-history":[{"count":1,"href":"https:\/\/www.boncibum.com\/de\/wp-json\/wp\/v2\/product\/12124\/revisions"}],"predecessor-version":[{"id":15890,"href":"https:\/\/www.boncibum.com\/de\/wp-json\/wp\/v2\/product\/12124\/revisions\/15890"}],"wp:featuredmedia":[{"embeddable":true,"href":"https:\/\/www.boncibum.com\/de\/wp-json\/wp\/v2\/media\/9906"}],"wp:attachment":[{"href":"https:\/\/www.boncibum.com\/de\/wp-json\/wp\/v2\/media?parent=12124"}],"curies":[{"name":"wp","href":"https:\/\/api.w.org\/{rel}","templated":true}]}}