{"id":12128,"date":"2022-05-05T15:54:59","date_gmt":"2022-05-05T13:54:59","guid":{"rendered":"https:\/\/www.boncibum.com\/prodotto\/kartons-traditioneller-balsamico-essig-aus-reggio-emilia-silbernes-etikett-100-ml\/"},"modified":"2022-10-27T11:41:03","modified_gmt":"2022-10-27T09:41:03","slug":"cartoni-aceto-balsamico-tradizionale-di-reggio-emilia-etikett-silber-100-ml","status":"publish","type":"product","link":"https:\/\/www.boncibum.com\/de\/prodotto\/cartoni-aceto-balsamico-tradizionale-di-reggio-emilia-etikett-silber-100-ml\/","title":{"rendered":"Kartons Traditioneller Balsamico-Essig aus Reggio Emilia &#8211; silbernes Etikett 100 ml"},"content":{"rendered":"<p><strong><span style=\"color: #339966;\">VERSAND<\/span>:<\/strong><br \/>\nVersandzeit Italien: 24\/48 Stunden<\/p>\n<h4><span style=\"color: #dc9814;\">BESCHREIBUNG<\/span><\/h4>\n<p>Die Farbe ist schwarz, klar und gl\u00e4nzend. Er hat eine beachtliche Dichte und eine sanfte Sirupigkeit, einen durchdringenden und anhaltenden Duft und eine gute Mischung aus s\u00fc\u00dfem und saurem Geschmack, die mit den organoleptischen Eigenschaften \u00fcbereinstimmen, die in den Spezifikationen des Konsortiums f\u00fcr traditionellen Balsamico-Essig festgelegt sind.<br \/>\nEr hat einen ausgewogenen S\u00e4uregehalt, der mit einem s\u00fc\u00dfen und komplexen Geschmackserlebnis einhergeht.<\/p>\n<p>Terra del Tuono Terra del Tuono Traditioneller Balsamico-Essig &#8216;Silber&#8217; ist am besten f\u00fcr den rohen Gebrauch geeignet. Sein komplexer und harmonischer Geschmack macht ihn zu einem idealen Begleiter f\u00fcr erste G\u00e4nge mit Fleischsaucen und f\u00fcr Souffl\u00e9s.<\/p>\n<p>Er eignet sich hervorragend roh in Mayonnaise, in Saucen f\u00fcr gekochtes Fleisch, in Risotto mit Gem\u00fcse oder mit Scampi.<br \/>\nEr ist ein idealer Begleiter zu gebratenem Fleisch, gereiftem K\u00e4se und Leberpastete. Er passt hervorragend zu weichen Desserts und Geb\u00e4ckcremes.<\/p>\n<p>100 ml Flasche.<\/p>\n<h4><span style=\"color: #dc9814;\">FEATURES<\/span><\/h4>\n<p><strong>Farbe<\/strong>: gl\u00e4nzend schwarz, dick und dicht.<br \/>\n<strong>Geruch<\/strong>: Komplexes und anhaltendes Bouquet mit starken balsamischen Noten, breit gef\u00e4chertes, fesselndes Aroma mit fruchtiger Geruchsladung.<br \/>\n<strong>Geschmack<\/strong>: vollmundiger, kr\u00e4ftiger und harmonischer Geschmack. Der Geschmack ist voll und samtig, weich, von gro\u00dfer G\u00fcte.<br \/>\n<strong>Dichte<\/strong>: ca. 1,35<br \/>\n<strong>Reifung<\/strong>: traditionell, mit j\u00e4hrlicher Umf\u00fcllung in kleine F\u00e4sser aus verschiedenen Edelh\u00f6lzern<br \/>\n<strong>Zutaten<\/strong>: gekochter Most aus italienischen Trauben, nach alter Tradition in Eichen-, Kastanien-, Kirsch-, Maulbeer- und Wacholderf\u00e4ssern gereift. Ein hochwertiges, 100 % nat\u00fcrliches, handgefertigtes Produkt, das keine Farbstoffe, Verdickungsmittel, Konservierungsmittel oder Karamell enth\u00e4lt.<\/p>\n<h2><span style=\"color: #0498a0;\">Produzent Geschichte<\/span><\/h2>\n<p><span style=\"color: #808080;\"><img loading=\"lazy\" class=\"wp-image-9614 alignleft\" src=\"https:\/\/www.boncibum.com\/wp-content\/uploads\/2022\/04\/DSC00383-600x400-1-300x201.jpg\" alt=\"Terra del Tuono ist ein altes Essigwerk\" width=\"275\" height=\"184\" srcset=\"https:\/\/www.boncibum.com\/wp-content\/uploads\/2022\/04\/DSC00383-600x400-1-300x201.jpg 300w, https:\/\/www.boncibum.com\/wp-content\/uploads\/2022\/04\/DSC00383-600x400-1-150x100.jpg 150w, https:\/\/www.boncibum.com\/wp-content\/uploads\/2022\/04\/DSC00383-600x400-1-135x90.jpg 135w, https:\/\/www.boncibum.com\/wp-content\/uploads\/2022\/04\/DSC00383-600x400-1.jpg 600w\" sizes=\"(max-width: 275px) 100vw, 275px\" \/><\/span><\/p>\n<p><span style=\"color: #808080;\">Terra del Tuono ist eine alte, familiengef\u00fchrte Essigfabrik.<\/span><\/p>\n<p><span style=\"color: #808080;\">Seit 1892 stellen wir eines der authentischsten und traditionellsten Produkte unserer Region her, den Balsamico-Essig.<\/span><\/p>\n<p><span style=\"color: #808080;\">Dar\u00fcber hinaus produzieren wir echte Spezialit\u00e4ten mit Balsamico-Essig aus Modena g.g.A., sowie traditionellen Balsamico-Essig aus Reggio Emilia g.U. und verschiedene Balsamico-Dressings.<\/span><\/p>\n<p><span style=\"color: #808080;\">In der Rubrik Produkte finden Sie alle Spezialit\u00e4ten, die wir herstellen, von traditionellen bis hin zu innovativen Produkten.<\/span><\/p>\n<p><span style=\"color: #808080;\">Wenn Sie uns in der Acetaia besuchen, kann Ihnen einer unserer Experten die beste Beratung f\u00fcr Ihren Balsamico-Einkauf geben.<\/span><\/p>\n","protected":false},"excerpt":{"rendered":"<p>Kartons Traditioneller Balsamico-Essig aus Reggio Emilia &#8211; silbernes Etikett 100 ml<\/p>\n<p><strong>Menge:<\/strong><\/p>\n<p>1 Karton = 3 St\u00fcck (Flaschen)<\/p>\n<p>&nbsp;<\/p>\n","protected":false},"featured_media":9905,"comment_status":"open","ping_status":"closed","template":"","meta":[],"_links":{"self":[{"href":"https:\/\/www.boncibum.com\/de\/wp-json\/wp\/v2\/product\/12128"}],"collection":[{"href":"https:\/\/www.boncibum.com\/de\/wp-json\/wp\/v2\/product"}],"about":[{"href":"https:\/\/www.boncibum.com\/de\/wp-json\/wp\/v2\/types\/product"}],"replies":[{"embeddable":true,"href":"https:\/\/www.boncibum.com\/de\/wp-json\/wp\/v2\/comments?post=12128"}],"version-history":[{"count":1,"href":"https:\/\/www.boncibum.com\/de\/wp-json\/wp\/v2\/product\/12128\/revisions"}],"predecessor-version":[{"id":15887,"href":"https:\/\/www.boncibum.com\/de\/wp-json\/wp\/v2\/product\/12128\/revisions\/15887"}],"wp:featuredmedia":[{"embeddable":true,"href":"https:\/\/www.boncibum.com\/de\/wp-json\/wp\/v2\/media\/9905"}],"wp:attachment":[{"href":"https:\/\/www.boncibum.com\/de\/wp-json\/wp\/v2\/media?parent=12128"}],"curies":[{"name":"wp","href":"https:\/\/api.w.org\/{rel}","templated":true}]}}