{"id":12136,"date":"2022-05-05T15:43:19","date_gmt":"2022-05-05T13:43:19","guid":{"rendered":"https:\/\/www.boncibum.com\/prodotto\/kartons-antikes-traditionelles-balsamico-wuerzmittel-aus-reggio-emilia-schwarze-etikettenlinie-15-100-ml\/"},"modified":"2022-10-26T08:12:57","modified_gmt":"2022-10-26T06:12:57","slug":"karton-antik-balsamico-aus-reggio-emilia-tradition-schwarzes-etikett-line-15-100-ml","status":"publish","type":"product","link":"https:\/\/www.boncibum.com\/de\/prodotto\/karton-antik-balsamico-aus-reggio-emilia-tradition-schwarzes-etikett-line-15-100-ml\/","title":{"rendered":"Kartons Antikes traditionelles Balsamico-W\u00fcrzmittel aus Reggio Emilia schwarze Etikettenlinie 15 &#8211; 100 ml"},"content":{"rendered":"<p><strong><span style=\"color: #339966;\">VERSAND<\/span>: <\/strong><br \/>\nVersandzeit Italien: 24\/48 Stunden<\/p>\n<h4><span style=\"color: #dc9814;\">BESCHREIBUNG<\/span><\/h4>\n<p>Der Antico Condimento Balsamico Della Tradizione Di Reggio Emilia Etichetta Nera &#8211; Linea 15 ist mit seinem exquisiten Geschmack und seinem durchdringenden Aroma ein au\u00dfergew\u00f6hnliches Produkt.<\/p>\n<p>Sorgf\u00e4ltig in aromatischen Holzf\u00e4ssern gereift, intensivieren sich seine leuchtend dunkle Farbe und sein kr\u00e4ftiger Geschmack zu einem unvergesslichen Geschmackserlebnis. Unser Antico Condimento Balsamico Della Tradizione Di Reggio Emilia Etichetta Nera &#8211; Linea 15 ist k\u00f6stlich auf frischem Gem\u00fcse, Salaten und Parmesansp\u00e4nen.<\/p>\n<p>Er verleiht Nudelgerichten, Reisgerichten und Gem\u00fcse Geschmack. Mit seinem weichen und anhaltenden Geschmack eignet er sich besonders f\u00fcr Braten, Wild und reifen K\u00e4se. K\u00f6stlich zu Schalentieren und frischem Fisch, aber auch zu Desserts auf Sahnebasis, Kuchen und Torten.<\/p>\n<p>100 ml Flasche.<\/p>\n<h4><span style=\"color: #dc9814;\">FEATURES<\/span><\/h4>\n<p><strong>Farbe<\/strong>: tiefes, gl\u00e4nzendes Schwarz.<br \/>\n<strong>Geruch<\/strong>: Komplexes, lang anhaltendes Aroma mit starken balsamischen Noten. Breites, fesselndes, leicht fruchtiges Aroma.<br \/>\n<strong>Geschmack<\/strong>: vollmundig, ausgewogen und sehr geschmeidig. Der Geschmack ist sauber, fein und elegant.<br \/>\n<strong>Dichte<\/strong>: ca. 1,34<br \/>\n<strong>Reifung<\/strong>: alt und traditionell, in kleinen F\u00e4ssern aus verschiedenen Edelh\u00f6lzern<br \/>\n<strong>Zutaten<\/strong>: Langsam gekochter und ges\u00e4uerter Most aus italienischen Trauben, der lange Zeit in aromatischen Eichen-, Kastanien-, Kirsch-, Maulbeer- und Wacholderholzf\u00e4ssern gereift ist. Ein 100% nat\u00fcrliches Qualit\u00e4tsprodukt. Es werden keine Farbstoffe, Verdickungsmittel, Karamell und Konservierungsstoffe zugesetzt. Eine Spezialit\u00e4t des Familienbetriebs.<\/p>\n<h2><span style=\"color: #0498a0;\">Produzent Geschichte<\/span><\/h2>\n<p><span style=\"color: #808080;\"><img loading=\"lazy\" class=\"wp-image-9614 alignleft\" src=\"https:\/\/www.boncibum.com\/wp-content\/uploads\/2022\/04\/DSC00383-600x400-1-300x201.jpg\" alt=\"Terra del Tuono ist ein altes Essigwerk\" width=\"275\" height=\"184\" srcset=\"https:\/\/www.boncibum.com\/wp-content\/uploads\/2022\/04\/DSC00383-600x400-1-300x201.jpg 300w, https:\/\/www.boncibum.com\/wp-content\/uploads\/2022\/04\/DSC00383-600x400-1-150x100.jpg 150w, https:\/\/www.boncibum.com\/wp-content\/uploads\/2022\/04\/DSC00383-600x400-1-135x90.jpg 135w, https:\/\/www.boncibum.com\/wp-content\/uploads\/2022\/04\/DSC00383-600x400-1.jpg 600w\" sizes=\"(max-width: 275px) 100vw, 275px\" \/><\/span><\/p>\n<p><span style=\"color: #808080;\">Terra del Tuono ist eine alte, familiengef\u00fchrte Essigfabrik.<\/span><\/p>\n<p><span style=\"color: #808080;\">Seit 1892 stellen wir eines der authentischsten und traditionellsten Produkte unserer Region her, den Balsamico-Essig.<\/span><\/p>\n<p><span style=\"color: #808080;\">Dar\u00fcber hinaus produzieren wir echte Spezialit\u00e4ten mit Balsamico-Essig aus Modena g.g.A., sowie traditionellen Balsamico-Essig aus Reggio Emilia g.U. und verschiedene Balsamico-Dressings.<\/span><\/p>\n<p><span style=\"color: #808080;\">In der Rubrik Produkte finden Sie alle Spezialit\u00e4ten, die wir herstellen, von traditionellen bis hin zu innovativen Produkten.<\/span><\/p>\n<p><span style=\"color: #808080;\">Wenn Sie uns in der Acetaia besuchen, kann Ihnen einer unserer Experten die beste Beratung f\u00fcr Ihren Balsamico-Einkauf geben.<\/span><\/p>\n","protected":false},"excerpt":{"rendered":"<p>Kartons Antikes traditionelles Balsamico-W\u00fcrzmittel aus Reggio Emilia schwarze Etikettenlinie 15 &#8211; 100 ml<\/p>\n<p><strong>Menge:<\/strong><\/p>\n<p>1 Karton = 6 St\u00fcck (Flaschen)<\/p>\n<p>&nbsp;<\/p>\n","protected":false},"featured_media":9903,"comment_status":"open","ping_status":"closed","template":"","meta":[],"_links":{"self":[{"href":"https:\/\/www.boncibum.com\/de\/wp-json\/wp\/v2\/product\/12136"}],"collection":[{"href":"https:\/\/www.boncibum.com\/de\/wp-json\/wp\/v2\/product"}],"about":[{"href":"https:\/\/www.boncibum.com\/de\/wp-json\/wp\/v2\/types\/product"}],"replies":[{"embeddable":true,"href":"https:\/\/www.boncibum.com\/de\/wp-json\/wp\/v2\/comments?post=12136"}],"version-history":[{"count":1,"href":"https:\/\/www.boncibum.com\/de\/wp-json\/wp\/v2\/product\/12136\/revisions"}],"predecessor-version":[{"id":15784,"href":"https:\/\/www.boncibum.com\/de\/wp-json\/wp\/v2\/product\/12136\/revisions\/15784"}],"wp:featuredmedia":[{"embeddable":true,"href":"https:\/\/www.boncibum.com\/de\/wp-json\/wp\/v2\/media\/9903"}],"wp:attachment":[{"href":"https:\/\/www.boncibum.com\/de\/wp-json\/wp\/v2\/media?parent=12136"}],"curies":[{"name":"wp","href":"https:\/\/api.w.org\/{rel}","templated":true}]}}