{"id":12147,"date":"2022-05-05T15:30:13","date_gmt":"2022-05-05T13:30:13","guid":{"rendered":"https:\/\/www.boncibum.com\/prodotto\/walnuss-sosse\/"},"modified":"2022-05-05T15:30:13","modified_gmt":"2022-05-05T13:30:13","slug":"nusssose","status":"publish","type":"product","link":"https:\/\/www.boncibum.com\/de\/prodotto\/nusssose\/","title":{"rendered":"Walnuss-So\u00dfe"},"content":{"rendered":"<p><strong><br \/>\n  <span style=\"color: #339966;\">SHIPPING<\/span><br \/>\n<\/strong>: Kostenloser Versand innerhalb Italiens bei einem Mindestbestellwert von 99,00 \u20ac.<br \/>\nInternationaler Versand \u20ac 18,00.<\/p>\n<h4><span style=\"color: #dc9814;\">BESCHREIBUNG<\/span><\/h4>\n<p>Walnuss-So\u00dfe.<\/p>\n<p><span style=\"color: #808080;\">Erh\u00e4ltlich in verschiedenen Formaten:<\/span><br \/>\n<span style=\"color: #808080;\">100 gr, 130 gr, 200 gr, 350 gr, 450 gr, 1000 gr.<\/span><\/p>\n<h4><span style=\"color: #dc9814;\">FEATURES<\/span><\/h4>\n<p><strong>Lagerung<\/strong>: im K\u00fchlschrank<br \/>\n<strong>Lieferzeit<\/strong>: 5 Arbeitstage nach Bestellung<\/p>\n<h2><span style=\"color: #0498a0;\">Produzent Geschichte<\/span><\/h2>\n<p><span style=\"color: #808080;\"><img loading=\"lazy\" class=\"wp-image-9609 alignleft\" src=\"https:\/\/www.boncibum.com\/wp-content\/uploads\/2022\/03\/storia-pastificio.fiorini-292x300.jpg\" alt=\"geschichte der nudelfabrik Fiorini\" width=\"224\" height=\"230\" srcset=\"https:\/\/www.boncibum.com\/wp-content\/uploads\/2022\/03\/storia-pastificio.fiorini-292x300.jpg 292w, https:\/\/www.boncibum.com\/wp-content\/uploads\/2022\/03\/storia-pastificio.fiorini-146x150.jpg 146w, https:\/\/www.boncibum.com\/wp-content\/uploads\/2022\/03\/storia-pastificio.fiorini-88x90.jpg 88w, https:\/\/www.boncibum.com\/wp-content\/uploads\/2022\/03\/storia-pastificio.fiorini.jpg 508w\" sizes=\"(max-width: 224px) 100vw, 224px\" \/><\/span><span style=\"color: #808080;\">Die &#8220;Pastificio Artigianale Fiorini&#8221; er\u00f6ffnete 1967 ihre Werkstatt mit angeschlossenem Gesch\u00e4ft im malerischen historischen Zentrum von Varazze und widmet sich seitdem der Herstellung von Spitzenprodukten, wobei sie sich Jahr f\u00fcr Jahr erneuert, aber die Tradition respektiert. Das Unternehmen wird von der Familie Fiorini mit gro\u00dfer Leidenschaft gef\u00fchrt, auf der st\u00e4ndigen Suche nach Frische, G\u00fcte und Originalit\u00e4t der Produkte.<\/span><\/p>\n<p><span style=\"color: #808080;\">Das Labor ist nach den heutigen strengen Gesundheitsvorschriften strukturiert und wird durch das HACCP-System kontrolliert, um die strengen Hygienestandards der lebensmittelrechtlichen Verfahren zu erf\u00fcllen.<\/span><br \/>\n<span style=\"color: #808080;\">All dies, zusammen mit der gro\u00dfen Begeisterung, die uns antreibt, tr\u00e4gt zu gesunden Produkten von anerkannter Qualit\u00e4t bei.<\/span><\/p>\n","protected":false},"excerpt":{"rendered":"<p>Die Walnussso\u00dfe ist ein typisches ligurisches Gew\u00fcrz, das sich ideal mit Panzotti di ricotta und Gem\u00fcse kombinieren l\u00e4sst.<\/p>\n<p><span style=\"color: #808080;\">Erh\u00e4ltlich in den Gr\u00f6\u00dfen 100 gr, 130 gr, 200 gr, 350 gr, 450 gr, 1000 gr.<\/span><\/p>\n","protected":false},"featured_media":9901,"comment_status":"open","ping_status":"closed","template":"","meta":[],"_links":{"self":[{"href":"https:\/\/www.boncibum.com\/de\/wp-json\/wp\/v2\/product\/12147"}],"collection":[{"href":"https:\/\/www.boncibum.com\/de\/wp-json\/wp\/v2\/product"}],"about":[{"href":"https:\/\/www.boncibum.com\/de\/wp-json\/wp\/v2\/types\/product"}],"replies":[{"embeddable":true,"href":"https:\/\/www.boncibum.com\/de\/wp-json\/wp\/v2\/comments?post=12147"}],"version-history":[{"count":0,"href":"https:\/\/www.boncibum.com\/de\/wp-json\/wp\/v2\/product\/12147\/revisions"}],"wp:featuredmedia":[{"embeddable":true,"href":"https:\/\/www.boncibum.com\/de\/wp-json\/wp\/v2\/media\/9901"}],"wp:attachment":[{"href":"https:\/\/www.boncibum.com\/de\/wp-json\/wp\/v2\/media?parent=12147"}],"curies":[{"name":"wp","href":"https:\/\/api.w.org\/{rel}","templated":true}]}}