{"id":12161,"date":"2022-05-05T11:15:48","date_gmt":"2022-05-05T09:15:48","guid":{"rendered":"https:\/\/www.boncibum.com\/prodotto\/karton-mit-perlen-mit-balsamico-essig-aus-modena-g-g-a-50-g\/"},"modified":"2022-10-25T10:46:23","modified_gmt":"2022-10-25T08:46:23","slug":"birnenkarton-mit-balsamico-essig-der-modena-igp-50-g","status":"publish","type":"product","link":"https:\/\/www.boncibum.com\/de\/prodotto\/birnenkarton-mit-balsamico-essig-der-modena-igp-50-g\/","title":{"rendered":"Karton mit Perlen mit &#8220;Balsamico-Essig aus Modena g.g.A.&#8221; &#8211; 50 g"},"content":{"rendered":"<p><strong><span style=\"color: #339966;\">VERSAND<\/span>: <\/strong><br \/>\nVersandzeit Italien: 24\/48 Stunden<\/p>\n<h4><span style=\"color: #dc9814;\">BESCHREIBUNG<\/span><\/h4>\n<p>Unsere Pearls sind kleine Kugeln von weicher Konsistenz, die unseren besten Balsamico-Essig aus Modena g.g.A. in ihrem Inneren einschlie\u00dfen, seinen Geschmack bewahren und seine Aromen und D\u00fcfte konzentrieren.<\/p>\n<p>Mit ihrem reichen und anhaltenden Geschmack sind sie eine originelle und innovative Art, Fleisch- und Fischgerichte, Fingerfood, Vorspeisen, Gem\u00fcse- oder Obstsalate, Eis, Cremes und Desserts mit Geschmack und Charakter zu bereichern.<\/p>\n<h4><span style=\"color: #dc9814;\">FEATURES<\/span><\/h4>\n<p><strong>Zutaten<\/strong>: Zutaten: Gekochter Traubenmost, Weinessig, Balsamico-Essig aus Modena g.g.A. (gekochter Traubenmost, Weinessig) 10% Wasser, Verdickungsmittel: Cellulosegummi, Geliermittel: Calciumchlorid, Natriumalginat. Enth\u00e4lt Sulfite. Nach dem \u00d6ffnen im K\u00fchlschrank aufbewahren und innerhalb von 14 Tagen verbrauchen.<\/p>\n<h2><span style=\"color: #0498a0;\">Produzent Geschichte<\/span><\/h2>\n<p><span style=\"color: #808080;\"><img loading=\"lazy\" class=\"wp-image-9614 alignleft\" src=\"https:\/\/www.boncibum.com\/wp-content\/uploads\/2022\/04\/DSC00383-600x400-1-300x201.jpg\" alt=\"Terra del Tuono ist ein altes Essigwerk\" width=\"275\" height=\"184\" srcset=\"https:\/\/www.boncibum.com\/wp-content\/uploads\/2022\/04\/DSC00383-600x400-1-300x201.jpg 300w, https:\/\/www.boncibum.com\/wp-content\/uploads\/2022\/04\/DSC00383-600x400-1-150x100.jpg 150w, https:\/\/www.boncibum.com\/wp-content\/uploads\/2022\/04\/DSC00383-600x400-1-135x90.jpg 135w, https:\/\/www.boncibum.com\/wp-content\/uploads\/2022\/04\/DSC00383-600x400-1.jpg 600w\" sizes=\"(max-width: 275px) 100vw, 275px\" \/><\/span><\/p>\n<p><span style=\"color: #808080;\">Terra del Tuono ist eine alte, familiengef\u00fchrte Essigfabrik.<\/span><\/p>\n<p><span style=\"color: #808080;\">Seit 1892 stellen wir eines der authentischsten und traditionellsten Produkte unserer Region her, den Balsamico-Essig.<\/span><\/p>\n<p><span style=\"color: #808080;\">Dar\u00fcber hinaus produzieren wir echte Spezialit\u00e4ten mit Balsamico-Essig aus Modena g.g.A., sowie traditionellen Balsamico-Essig aus Reggio Emilia g.U. und verschiedene Balsamico-Dressings.<\/span><\/p>\n<p><span style=\"color: #808080;\">In der Rubrik Produkte finden Sie alle Spezialit\u00e4ten, die wir herstellen, von traditionellen bis hin zu innovativen Produkten.<\/span><\/p>\n<p><span style=\"color: #808080;\">Wenn Sie uns in der Acetaia besuchen, kann Ihnen einer unserer Experten die beste Beratung f\u00fcr Ihren Balsamico-Einkauf geben.<\/span><\/p>\n","protected":false},"excerpt":{"rendered":"<p>Karton mit Perlen mit &#8220;Balsamico-Essig aus Modena g.g.A.&#8221; &#8211; 50 g<\/p>\n<p><strong>Menge:<\/strong><\/p>\n<p>1 Karton = 12 St\u00fcck (Flaschen)<\/p>\n<p>&nbsp;<\/p>\n","protected":false},"featured_media":9656,"comment_status":"open","ping_status":"closed","template":"","meta":[],"_links":{"self":[{"href":"https:\/\/www.boncibum.com\/de\/wp-json\/wp\/v2\/product\/12161"}],"collection":[{"href":"https:\/\/www.boncibum.com\/de\/wp-json\/wp\/v2\/product"}],"about":[{"href":"https:\/\/www.boncibum.com\/de\/wp-json\/wp\/v2\/types\/product"}],"replies":[{"embeddable":true,"href":"https:\/\/www.boncibum.com\/de\/wp-json\/wp\/v2\/comments?post=12161"}],"version-history":[{"count":1,"href":"https:\/\/www.boncibum.com\/de\/wp-json\/wp\/v2\/product\/12161\/revisions"}],"predecessor-version":[{"id":15533,"href":"https:\/\/www.boncibum.com\/de\/wp-json\/wp\/v2\/product\/12161\/revisions\/15533"}],"wp:featuredmedia":[{"embeddable":true,"href":"https:\/\/www.boncibum.com\/de\/wp-json\/wp\/v2\/media\/9656"}],"wp:attachment":[{"href":"https:\/\/www.boncibum.com\/de\/wp-json\/wp\/v2\/media?parent=12161"}],"curies":[{"name":"wp","href":"https:\/\/api.w.org\/{rel}","templated":true}]}}