{"id":12165,"date":"2022-05-05T10:51:51","date_gmt":"2022-05-05T08:51:51","guid":{"rendered":"https:\/\/www.boncibum.com\/prodotto\/kartons-mit-crema-allaceto-balsamico-di-modena-igp\/"},"modified":"2022-10-25T11:58:51","modified_gmt":"2022-10-25T09:58:51","slug":"cartoni-di-crema-alles-aceto-balsamico-di-modena-igp","status":"publish","type":"product","link":"https:\/\/www.boncibum.com\/de\/prodotto\/cartoni-di-crema-alles-aceto-balsamico-di-modena-igp\/","title":{"rendered":"Kartons mit Crema all&#8217;Aceto Balsamico di Modena IGP"},"content":{"rendered":"<p><strong><span style=\"color: #339966;\">SHIPPING<\/span><\/strong>:<br \/>\nVersandzeit Italien: 24\/48 Stunden<\/p>\n<h4><span style=\"color: #dc9814;\">BESCHREIBUNG<\/span><\/h4>\n<p>Mit seiner einzigartigen, auff\u00e4lligen Verpackung hat er eine leuchtende Farbe, einen s\u00fc\u00dfen, fruchtigen Geschmack und ein unverwechselbares Balsamico-Aroma.<\/p>\n<p>Unsere k\u00f6stliche Creme aus &#8220;Balsamico-Essig aus Modena g.g.A.&#8221; ist ideal zum Garnieren und W\u00fcrzen Ihrer Gerichte, sofort einsatzbereit und einfach zu verwenden.<\/p>\n<p>Er ist frei von Farbstoffen, Karamell und Gluten, hat eine sirupartige Dichte und einen s\u00fc\u00df-s\u00e4uerlichen, angenehm aromatischen Geschmack. Hervorragend zu ersten G\u00e4ngen, Gem\u00fcse, Salaten, rotem und wei\u00dfem Fleisch, Eiscreme und reifem K\u00e4se.<\/p>\n<h4><span style=\"color: #dc9814;\">FEATURES<\/span><\/h4>\n<p><strong>Farbe:<\/strong> Intensives Schwarz<\/p>\n<p><strong>Nase:<\/strong> Intensiv, mit leichter s\u00e4uerlicher Ader, gro\u00dfe Intensit\u00e4t und Ausdauer<\/p>\n<p><strong>Geschmack:<\/strong> Vollmundig, mit intensivem, harmonischem Geschmack und angenehmer S\u00e4ure<\/p>\n<p><strong>Dichte:<\/strong> ca. 1,25<\/p>\n<p><strong>Zutaten:<\/strong> Gekochter Traubenmost, Balsamico-Essig aus Modena I.G.P. (39%) (Weinessig, gekochter Traubenmost), Zucker, modifizierte Maisst\u00e4rke<\/p>\n<h2><span style=\"color: #0498a0;\">Produzent Geschichte<\/span><\/h2>\n<p><span style=\"color: #808080;\"><img loading=\"lazy\" class=\"wp-image-9614 alignleft\" src=\"https:\/\/www.boncibum.com\/wp-content\/uploads\/2022\/04\/DSC00383-600x400-1-300x201.jpg\" alt=\"Terra del Tuono ist ein altes Essigwerk\" width=\"275\" height=\"184\" srcset=\"https:\/\/www.boncibum.com\/wp-content\/uploads\/2022\/04\/DSC00383-600x400-1-300x201.jpg 300w, https:\/\/www.boncibum.com\/wp-content\/uploads\/2022\/04\/DSC00383-600x400-1-150x100.jpg 150w, https:\/\/www.boncibum.com\/wp-content\/uploads\/2022\/04\/DSC00383-600x400-1-135x90.jpg 135w, https:\/\/www.boncibum.com\/wp-content\/uploads\/2022\/04\/DSC00383-600x400-1.jpg 600w\" sizes=\"(max-width: 275px) 100vw, 275px\" \/><\/span><\/p>\n<p><span style=\"color: #808080;\">Terra del Tuono ist eine alte, familiengef\u00fchrte Essigfabrik.<\/span><\/p>\n<p><span style=\"color: #808080;\">Seit 1892 stellen wir eines der authentischsten und traditionellsten Produkte unserer Region her, den Balsamico-Essig.<\/span><\/p>\n<p><span style=\"color: #808080;\">Dar\u00fcber hinaus produzieren wir echte Spezialit\u00e4ten mit Balsamico-Essig aus Modena g.g.A., sowie traditionellen Balsamico-Essig aus Reggio Emilia g.U. und verschiedene Balsamico-Dressings.<\/span><\/p>\n<p><span style=\"color: #808080;\">In der Rubrik Produkte finden Sie alle Spezialit\u00e4ten, die wir herstellen, von traditionellen bis hin zu innovativen Produkten.<\/span><\/p>\n<p><span style=\"color: #808080;\">Wenn Sie uns in der Acetaia besuchen, kann Ihnen einer unserer Experten die beste Beratung f\u00fcr Ihren Balsamico-Einkauf geben.<\/span><\/p>\n","protected":false},"excerpt":{"rendered":"<p>Balsamico-Essig Creme di Modena g.g.A. | 250 ml<\/p>\n<p><strong>Menge:<\/strong><\/p>\n<p>1 Karton = 6 St\u00fcck (Flaschen)<\/p>\n<p>&nbsp;<\/p>\n","protected":false},"featured_media":9615,"comment_status":"open","ping_status":"closed","template":"","meta":[],"_links":{"self":[{"href":"https:\/\/www.boncibum.com\/de\/wp-json\/wp\/v2\/product\/12165"}],"collection":[{"href":"https:\/\/www.boncibum.com\/de\/wp-json\/wp\/v2\/product"}],"about":[{"href":"https:\/\/www.boncibum.com\/de\/wp-json\/wp\/v2\/types\/product"}],"replies":[{"embeddable":true,"href":"https:\/\/www.boncibum.com\/de\/wp-json\/wp\/v2\/comments?post=12165"}],"version-history":[{"count":1,"href":"https:\/\/www.boncibum.com\/de\/wp-json\/wp\/v2\/product\/12165\/revisions"}],"predecessor-version":[{"id":15558,"href":"https:\/\/www.boncibum.com\/de\/wp-json\/wp\/v2\/product\/12165\/revisions\/15558"}],"wp:featuredmedia":[{"embeddable":true,"href":"https:\/\/www.boncibum.com\/de\/wp-json\/wp\/v2\/media\/9615"}],"wp:attachment":[{"href":"https:\/\/www.boncibum.com\/de\/wp-json\/wp\/v2\/media?parent=12165"}],"curies":[{"name":"wp","href":"https:\/\/api.w.org\/{rel}","templated":true}]}}