{"id":12179,"date":"2022-05-05T03:05:44","date_gmt":"2022-05-05T01:05:44","guid":{"rendered":"https:\/\/www.boncibum.com\/prodotto\/kartons-mit-geraeuchertem-balsamico-meersalzgewuerz-100-ml\/"},"modified":"2022-10-26T05:41:38","modified_gmt":"2022-10-26T03:41:38","slug":"kartonkonditionierung-balsamico-salz-gerauchert-marin-gerauchert-100-ml","status":"publish","type":"product","link":"https:\/\/www.boncibum.com\/de\/prodotto\/kartonkonditionierung-balsamico-salz-gerauchert-marin-gerauchert-100-ml\/","title":{"rendered":"Kartons mit ger\u00e4uchertem Balsamico-Meersalzgew\u00fcrz &#8211; 100 ml"},"content":{"rendered":"<p><strong><span style=\"color: #339966;\">SHIPPING<\/span><\/strong>:<br \/>\nVersandzeit Italien: 24\/48 Stunden<\/p>\n<h4><span style=\"color: #dc9814;\">BESCHREIBUNG<\/span><\/h4>\n<p>Unser wei\u00dfes Gew\u00fcrz trifft auf angenehm ger\u00e4uchertes Meersalz mit einem Hauch von Buchenholz. Das Ergebnis ist ein schmackhaftes und innovatives Elixier.<\/p>\n<p>Er passt hervorragend zu Salaten und Gem\u00fcse, schmeckt aber auch zu rotem Fleisch, Steaks und Tartar.<\/p>\n<p>Sein frischer und leicht ger\u00e4ucherter Geschmack, kombiniert mit einer angenehmen W\u00fcrze, ist sehr interessant f\u00fcr gegrilltes Fleisch, gegrillten Fisch und Meeresfr\u00fcchte.<\/p>\n<p>Ein paar Tropfen dieses gebrauchsfertigen Gew\u00fcrzes gen\u00fcgen, um jedes Ihrer Gerichte geschmacklich zu verfeinern!<\/p>\n<p>100 ml Flasche.<\/p>\n<h4><span style=\"color: #dc9814;\">FEATURES<\/span><\/h4>\n<p><strong>Farbe<\/strong>: Haselnuss, transparent, mit dunklen Reflexen<br \/>\n<strong>Geruch<\/strong>: seine starken rauchigen Noten k\u00f6nnen wahrgenommen werden<br \/>\n<strong>Geschmack<\/strong>: langanhaltend am Gaumen, angenehm s\u00fc\u00df und sauer, mit salzigen Noten, kombiniert mit einer k\u00f6stlichen, ausgewogenen Rauchnote<br \/>\n<strong>Dichte<\/strong>: ca. 1,20<br \/>\n<strong>Alterung<\/strong>: f\u00fcr eine kurze Zeit<br \/>\n<strong>Zutaten<\/strong>: konzentrierter Traubenmost, Wei\u00dfweinessig, Balsamico-Essig aus Modena g.g.A. (5%), ger\u00e4uchertes Meersalz (4,5%), nat\u00fcrliches Aroma. Enth\u00e4lt Sulfite.<\/p>\n<h2><span style=\"color: #0498a0;\">Produzent Geschichte<\/span><\/h2>\n<p><span style=\"color: #808080;\"><img loading=\"lazy\" class=\"wp-image-9614 alignleft\" src=\"https:\/\/www.boncibum.com\/wp-content\/uploads\/2022\/04\/DSC00383-600x400-1-300x201.jpg\" alt=\"Terra del Tuono ist ein altes Essigwerk\" width=\"275\" height=\"184\" srcset=\"https:\/\/www.boncibum.com\/wp-content\/uploads\/2022\/04\/DSC00383-600x400-1-300x201.jpg 300w, https:\/\/www.boncibum.com\/wp-content\/uploads\/2022\/04\/DSC00383-600x400-1-150x100.jpg 150w, https:\/\/www.boncibum.com\/wp-content\/uploads\/2022\/04\/DSC00383-600x400-1-135x90.jpg 135w, https:\/\/www.boncibum.com\/wp-content\/uploads\/2022\/04\/DSC00383-600x400-1.jpg 600w\" sizes=\"(max-width: 275px) 100vw, 275px\" \/><\/span><\/p>\n<p><span style=\"color: #808080;\">Terra del Tuono ist eine alte, familiengef\u00fchrte Essigfabrik.<\/span><\/p>\n<p><span style=\"color: #808080;\">Seit 1892 stellen wir eines der authentischsten und traditionellsten Produkte unserer Region her, den Balsamico-Essig.<\/span><\/p>\n<p><span style=\"color: #808080;\">Dar\u00fcber hinaus produzieren wir echte Spezialit\u00e4ten mit Balsamico-Essig aus Modena g.g.A., sowie traditionellen Balsamico-Essig aus Reggio Emilia g.U. und verschiedene Balsamico-Dressings.<\/span><\/p>\n<p><span style=\"color: #808080;\">In der Rubrik Produkte finden Sie alle Spezialit\u00e4ten, die wir herstellen, von traditionellen bis hin zu innovativen Produkten.<\/span><\/p>\n<p><span style=\"color: #808080;\">Wenn Sie uns in der Acetaia besuchen, kann Ihnen einer unserer Experten die beste Beratung f\u00fcr Ihren Balsamico-Einkauf geben.<\/span><\/p>\n","protected":false},"excerpt":{"rendered":"<p>Ger\u00e4uchertes Meersalz Balsamico-W\u00fcrzmittel &#8211; 100 ml<\/p>\n<p><strong>Menge:<\/strong><\/p>\n<p>1 Karton = 12 St\u00fcck (Flaschen)<\/p>\n<p>&nbsp;<\/p>\n","protected":false},"featured_media":9650,"comment_status":"open","ping_status":"closed","template":"","meta":[],"_links":{"self":[{"href":"https:\/\/www.boncibum.com\/de\/wp-json\/wp\/v2\/product\/12179"}],"collection":[{"href":"https:\/\/www.boncibum.com\/de\/wp-json\/wp\/v2\/product"}],"about":[{"href":"https:\/\/www.boncibum.com\/de\/wp-json\/wp\/v2\/types\/product"}],"replies":[{"embeddable":true,"href":"https:\/\/www.boncibum.com\/de\/wp-json\/wp\/v2\/comments?post=12179"}],"version-history":[{"count":1,"href":"https:\/\/www.boncibum.com\/de\/wp-json\/wp\/v2\/product\/12179\/revisions"}],"predecessor-version":[{"id":15755,"href":"https:\/\/www.boncibum.com\/de\/wp-json\/wp\/v2\/product\/12179\/revisions\/15755"}],"wp:featuredmedia":[{"embeddable":true,"href":"https:\/\/www.boncibum.com\/de\/wp-json\/wp\/v2\/media\/9650"}],"wp:attachment":[{"href":"https:\/\/www.boncibum.com\/de\/wp-json\/wp\/v2\/media?parent=12179"}],"curies":[{"name":"wp","href":"https:\/\/api.w.org\/{rel}","templated":true}]}}