{"id":12183,"date":"2022-05-05T02:34:19","date_gmt":"2022-05-05T00:34:19","guid":{"rendered":"https:\/\/www.boncibum.com\/prodotto\/geschenkkarton-vittoria-flasche-250-ml\/"},"modified":"2022-10-28T08:18:44","modified_gmt":"2022-10-28T06:18:44","slug":"kartonverpackung-geschenkflasche-victory-250-ml","status":"publish","type":"product","link":"https:\/\/www.boncibum.com\/de\/prodotto\/kartonverpackung-geschenkflasche-victory-250-ml\/","title":{"rendered":"Geschenkkarton Vittoria Flasche 250 ml"},"content":{"rendered":"<p><strong><span style=\"color: #339966;\">VERSAND<\/span>:<\/strong><br \/>\nVersandzeit Italien: 24\/48 Stunden<\/p>\n<h4><span style=\"color: #dc9814;\">BESCHREIBUNG<\/span><\/h4>\n<p>Die elegante und kostbare Vittoria-Verpackung ist ein Einzelst\u00fcck aus unserem Essigwerk. Jede Flasche wird von Hand verpackt und versiegelt und mit einem Wachslackstempel verziert. Im Inneren befindet sich unser gesch\u00e4tzter Balsamico-Essig aus Modena g.g.A., der bis zu einer sehr hohen Dichte gereift ist. Gewonnen nach der altbew\u00e4hrten Methode unserer Tradition, nur aus ausgew\u00e4hlten Traubenmosten, die bei direkter Hitze gekocht und dann mit bestem, gut gereiftem Weinessig vermischt werden.<\/p>\n<p>Die Konsistenz ist sirupartig, die Farbe dunkel und gl\u00e4nzend, der Geschmack angenehm bitters\u00fc\u00df und angenehm aromatisch. Er hat eine ausgezeichnete Ausgewogenheit und eine gute Struktur. Der Geschmack ist intensiv, frisch und ausgewogen, mit einem sauberen, aromatischen und anhaltenden Abgang.<\/p>\n<p>Das perfekte Geschenk f\u00fcr traditionsbewusste Genie\u00dfer von Eleganz und Geschmack!<\/p>\n<h4><span style=\"color: #dc9814;\">FEATURES<\/span><\/h4>\n<p><strong>Farbe: <\/strong>dunkelschwarz, vollmundig und konsistent.<\/p>\n<p><strong>Geruch:<\/strong> feiner und umh\u00fcllender Duft, elegant und harmonisch, mit dem charakteristischen Aroma reifer Trauben und gut eingebundenen Tanninen<\/p>\n<p><strong>Geschmack:<\/strong> Der Geschmack ist voll und anhaltend, gro\u00dfz\u00fcgig und tendenziell weich, reich an Aroma und mit bemerkenswerter Geschmacksausdauer.<\/p>\n<p><strong>Dichte:<\/strong> ca. 1,35<\/p>\n<p><strong>Reifung<\/strong>: langfristig, in edlen Eichenf\u00e4ssern<\/p>\n<p><strong>Zutaten:<\/strong> Gekochter Most, Weinessig. Hergestellt aus hochwertigem, 100% nat\u00fcrlichem italienischen Traubenmost. Es enth\u00e4lt keine Farbstoffe, Verdickungsmittel, Konservierungsmittel oder Karamell. Enth\u00e4lt Sulfite<\/p>\n<h2><span style=\"color: #0498a0;\">Produzent Geschichte<\/span><\/h2>\n<p><span style=\"color: #808080;\"><img loading=\"lazy\" class=\"wp-image-9614 alignleft\" src=\"https:\/\/www.boncibum.com\/wp-content\/uploads\/2022\/04\/DSC00383-600x400-1-300x201.jpg\" alt=\"Terra del Tuono ist ein altes Essigwerk\" width=\"275\" height=\"184\" srcset=\"https:\/\/www.boncibum.com\/wp-content\/uploads\/2022\/04\/DSC00383-600x400-1-300x201.jpg 300w, https:\/\/www.boncibum.com\/wp-content\/uploads\/2022\/04\/DSC00383-600x400-1-150x100.jpg 150w, https:\/\/www.boncibum.com\/wp-content\/uploads\/2022\/04\/DSC00383-600x400-1-135x90.jpg 135w, https:\/\/www.boncibum.com\/wp-content\/uploads\/2022\/04\/DSC00383-600x400-1.jpg 600w\" sizes=\"(max-width: 275px) 100vw, 275px\" \/><\/span><\/p>\n<p><span style=\"color: #808080;\">Terra del Tuono ist eine alte, familiengef\u00fchrte Essigfabrik.<\/span><\/p>\n<p><span style=\"color: #808080;\">Seit 1892 stellen wir eines der authentischsten und traditionellsten Produkte unserer Region her, den Balsamico-Essig.<\/span><\/p>\n<p><span style=\"color: #808080;\">Dar\u00fcber hinaus produzieren wir echte Spezialit\u00e4ten mit Balsamico-Essig aus Modena g.g.A., sowie traditionellen Balsamico-Essig aus Reggio Emilia g.U. und verschiedene Balsamico-Dressings.<\/span><\/p>\n<p><span style=\"color: #808080;\">In der Rubrik Produkte finden Sie alle Spezialit\u00e4ten, die wir herstellen, von traditionellen bis hin zu innovativen Produkten.<\/span><\/p>\n<p><span style=\"color: #808080;\">Wenn Sie uns in der Acetaia besuchen, kann Ihnen einer unserer Experten die beste Beratung f\u00fcr Ihren Balsamico-Einkauf geben.<\/span><\/p>\n","protected":false},"excerpt":{"rendered":"<p>Geschenkpackung Vittoria Flasche 250 ml<\/p>\n<p><strong>Menge:<\/strong><\/p>\n<p>1 Karton = 2 Packungen<\/p>\n<p>&nbsp;<\/p>\n","protected":false},"featured_media":9637,"comment_status":"open","ping_status":"closed","template":"","meta":[],"_links":{"self":[{"href":"https:\/\/www.boncibum.com\/de\/wp-json\/wp\/v2\/product\/12183"}],"collection":[{"href":"https:\/\/www.boncibum.com\/de\/wp-json\/wp\/v2\/product"}],"about":[{"href":"https:\/\/www.boncibum.com\/de\/wp-json\/wp\/v2\/types\/product"}],"replies":[{"embeddable":true,"href":"https:\/\/www.boncibum.com\/de\/wp-json\/wp\/v2\/comments?post=12183"}],"version-history":[{"count":1,"href":"https:\/\/www.boncibum.com\/de\/wp-json\/wp\/v2\/product\/12183\/revisions"}],"predecessor-version":[{"id":15971,"href":"https:\/\/www.boncibum.com\/de\/wp-json\/wp\/v2\/product\/12183\/revisions\/15971"}],"wp:featuredmedia":[{"embeddable":true,"href":"https:\/\/www.boncibum.com\/de\/wp-json\/wp\/v2\/media\/9637"}],"wp:attachment":[{"href":"https:\/\/www.boncibum.com\/de\/wp-json\/wp\/v2\/media?parent=12183"}],"curies":[{"name":"wp","href":"https:\/\/api.w.org\/{rel}","templated":true}]}}