{"id":12206,"date":"2022-05-04T10:29:49","date_gmt":"2022-05-04T08:29:49","guid":{"rendered":"https:\/\/www.boncibum.com\/prodotto\/kartons-traditioneller-balsamico-essig-aus-reggio-emilia-hummer-etikett-100-ml\/"},"modified":"2022-10-27T10:43:40","modified_gmt":"2022-10-27T08:43:40","slug":"kartons-traditioneller-balsamessig-aus-reggio-emilia-etikett-aragosta-100-ml","status":"publish","type":"product","link":"https:\/\/www.boncibum.com\/de\/prodotto\/kartons-traditioneller-balsamessig-aus-reggio-emilia-etikett-aragosta-100-ml\/","title":{"rendered":"Kartons Traditioneller Balsamico-Essig aus Reggio Emilia &#8211; Hummer-Etikett 100 ml"},"content":{"rendered":"<p><strong><span style=\"color: #339966;\">VERSAND<\/span>:<\/strong><br \/>\nVersandzeit Italien: 24\/48 Stunden<\/p>\n<h4><span style=\"color: #dc9814;\">BESCHREIBUNG<\/span><\/h4>\n<p>Terra del Tuono Terra del Tuono Aragosta Traditioneller Balsamico-Essig aus Reggio Emilia wird mindestens 12 Jahre lang in kleinen F\u00e4ssern aus verschiedenen H\u00f6lzern gelagert. Haupts\u00e4chlich werden Eichen-, Kastanien-, Maulbeer-, Kirsch-, Eschen- und Wacholderf\u00e4sser verwendet, von denen jedes ein besonderes Aroma hat.<\/p>\n<p>Das Ergebnis ist ein s\u00fc\u00df-s\u00e4uerliches Produkt, dessen fl\u00fcchtige S\u00e4ureempfindungen noch sehr ausgepr\u00e4gt sind, aber bereits durch die S\u00fc\u00dfe des im gekochten Traubenmost enthaltenen Zuckers gemildert werden.<\/p>\n<p>Der traditionelle Balsamico-Essig &#8220;Aragosta&#8221; von Terra del Tuono kann dank seines sanften, delikaten Aromas und seiner charakteristischen weichen S\u00e4ure Carpaccio, Pinzimoni und Salate bereichern. Es wird zum W\u00fcrzen von Schalentieren, Lammkoteletts, H\u00fchnerbrust und nicht durchgegartem rotem Fleisch verwendet.<br \/>\nEs eignet sich auch f\u00fcr die Zubereitung von Wildbratens\u00e4ften.<\/p>\n<p>100 ml Flasche.<\/p>\n<h4><span style=\"color: #dc9814;\">FEATURES<\/span><\/h4>\n<p><strong>Farbe<\/strong>: schwarz, mittlere Dicke mit intensiven Reflexen.<br \/>\n<strong>Geruch<\/strong>: reichhaltiger, zarter und intensiver Duft. In der Nase entfalten sich frische, fruchtige D\u00fcfte mit deutlichen Noten der Rebsorte.<br \/>\n<strong>Geschmack<\/strong>: vollmundig, ausgewogen und sehr geschmeidig, der Geschmack ist sauber, fein und elegant.<br \/>\n<strong>Dichte<\/strong>: ca. 1,33<br \/>\n<strong>Reifung<\/strong>: traditionell, mit j\u00e4hrlicher Umf\u00fcllung in kleine F\u00e4sser aus verschiedenen Edelh\u00f6lzern<br \/>\n<strong>Zutaten<\/strong>: gekochter Most aus italienischen Trauben, nach alter Tradition in Eichen-, Kastanien-, Kirsch-, Maulbeer- und Wacholderf\u00e4ssern gereift. Ein hochwertiges, 100 % nat\u00fcrliches, handgefertigtes Produkt, das keine Farbstoffe, Verdickungsmittel, Konservierungsmittel oder Karamell enth\u00e4lt.<\/p>\n<h2><span style=\"color: #0498a0;\">Produzent Geschichte<\/span><\/h2>\n<p><span style=\"color: #808080;\"><img loading=\"lazy\" class=\"wp-image-9614 alignleft\" src=\"https:\/\/www.boncibum.com\/wp-content\/uploads\/2022\/04\/DSC00383-600x400-1-300x201.jpg\" alt=\"Terra del Tuono ist ein altes Essigwerk\" width=\"275\" height=\"184\" srcset=\"https:\/\/www.boncibum.com\/wp-content\/uploads\/2022\/04\/DSC00383-600x400-1-300x201.jpg 300w, https:\/\/www.boncibum.com\/wp-content\/uploads\/2022\/04\/DSC00383-600x400-1-150x100.jpg 150w, https:\/\/www.boncibum.com\/wp-content\/uploads\/2022\/04\/DSC00383-600x400-1-135x90.jpg 135w, https:\/\/www.boncibum.com\/wp-content\/uploads\/2022\/04\/DSC00383-600x400-1.jpg 600w\" sizes=\"(max-width: 275px) 100vw, 275px\" \/><\/span><\/p>\n<p><span style=\"color: #808080;\">Terra del Tuono ist eine alte, familiengef\u00fchrte Essigfabrik.<\/span><\/p>\n<p><span style=\"color: #808080;\">Seit 1892 stellen wir eines der authentischsten und traditionellsten Produkte unserer Region her, den Balsamico-Essig.<\/span><\/p>\n<p><span style=\"color: #808080;\">Dar\u00fcber hinaus produzieren wir echte Spezialit\u00e4ten mit Balsamico-Essig aus Modena g.g.A., sowie traditionellen Balsamico-Essig aus Reggio Emilia g.U. und verschiedene Balsamico-Dressings.<\/span><\/p>\n<p><span style=\"color: #808080;\">In der Rubrik Produkte finden Sie alle Spezialit\u00e4ten, die wir herstellen, von traditionellen bis hin zu innovativen Produkten.<\/span><\/p>\n<p><span style=\"color: #808080;\">Wenn Sie uns in der Acetaia besuchen, kann Ihnen einer unserer Experten die beste Beratung f\u00fcr Ihren Balsamico-Einkauf geben.<\/span><\/p>\n","protected":false},"excerpt":{"rendered":"<p>Kartons Traditioneller Balsamico-Essig aus Reggio Emilia &#8211; Hummer-Etikett 100 ml<\/p>\n<p><strong>Menge:<\/strong><\/p>\n<p>1 Karton = 3 St\u00fcck (Flaschen)<\/p>\n<p>&nbsp;<\/p>\n","protected":false},"featured_media":9646,"comment_status":"open","ping_status":"closed","template":"","meta":[],"_links":{"self":[{"href":"https:\/\/www.boncibum.com\/de\/wp-json\/wp\/v2\/product\/12206"}],"collection":[{"href":"https:\/\/www.boncibum.com\/de\/wp-json\/wp\/v2\/product"}],"about":[{"href":"https:\/\/www.boncibum.com\/de\/wp-json\/wp\/v2\/types\/product"}],"replies":[{"embeddable":true,"href":"https:\/\/www.boncibum.com\/de\/wp-json\/wp\/v2\/comments?post=12206"}],"version-history":[{"count":1,"href":"https:\/\/www.boncibum.com\/de\/wp-json\/wp\/v2\/product\/12206\/revisions"}],"predecessor-version":[{"id":15864,"href":"https:\/\/www.boncibum.com\/de\/wp-json\/wp\/v2\/product\/12206\/revisions\/15864"}],"wp:featuredmedia":[{"embeddable":true,"href":"https:\/\/www.boncibum.com\/de\/wp-json\/wp\/v2\/media\/9646"}],"wp:attachment":[{"href":"https:\/\/www.boncibum.com\/de\/wp-json\/wp\/v2\/media?parent=12206"}],"curies":[{"name":"wp","href":"https:\/\/api.w.org\/{rel}","templated":true}]}}