{"id":12259,"date":"2022-05-03T19:25:20","date_gmt":"2022-05-03T17:25:20","guid":{"rendered":"https:\/\/www.boncibum.com\/prodotto\/karton-mit-3-kg-nudeln-lagaia-artisan-trofie\/"},"modified":"2022-05-03T19:25:20","modified_gmt":"2022-05-03T17:25:20","slug":"karton-3-kg-pasta-lagaia-trophies-artisan","status":"publish","type":"product","link":"https:\/\/www.boncibum.com\/de\/prodotto\/karton-3-kg-pasta-lagaia-trophies-artisan\/","title":{"rendered":"Karton mit 3 kg Nudeln LAGAIA Artisan Trofie"},"content":{"rendered":"<p><strong><br \/>\n  <span style=\"color: #339966;\">SHIPPING<\/span><br \/>\n<\/strong>LIEFERZEIT: 5 Arbeitstage<\/p>\n<h4><span style=\"color: #dc9814;\">BESCHREIBUNG<\/span><\/h4>\n<p>Die Trofie ist die Pasta par excellence der ligurischen Gastronomie. Ihr Herkunftsort ist die Stadt Sori, die nur wenige Kilometer von Genua entfernt an der Riviera di Levante liegt.<\/p>\n<h4><span style=\"color: #dc9814;\">FEATURES<\/span><\/h4>\n<p><strong>Format<\/strong>: 300 g<br \/>\n<strong>Zutaten<\/strong>: <strong>Hartweizengrie\u00df<\/strong><br \/>\n<strong>Herkunft des Weizens<\/strong>: Italien<br \/>\n<strong>Kochzeit<\/strong>: 12 Min.<\/p>\n<h2><span style=\"color: #0498a0;\">Produzent Geschichte<\/span><\/h2>\n<p><span style=\"color: #808080;\"><img loading=\"lazy\" class=\"wp-image-9609 alignleft\" src=\"https:\/\/www.boncibum.com\/wp-content\/uploads\/2022\/03\/storia-pastificio.fiorini-292x300.jpg\" alt=\"geschichte der nudelfabrik Fiorini\" width=\"224\" height=\"230\" srcset=\"https:\/\/www.boncibum.com\/wp-content\/uploads\/2022\/03\/storia-pastificio.fiorini-292x300.jpg 292w, https:\/\/www.boncibum.com\/wp-content\/uploads\/2022\/03\/storia-pastificio.fiorini-146x150.jpg 146w, https:\/\/www.boncibum.com\/wp-content\/uploads\/2022\/03\/storia-pastificio.fiorini-88x90.jpg 88w, https:\/\/www.boncibum.com\/wp-content\/uploads\/2022\/03\/storia-pastificio.fiorini.jpg 508w\" sizes=\"(max-width: 224px) 100vw, 224px\" \/><\/span><span style=\"color: #808080;\">Die &#8220;Pastificio Artigianale Fiorini&#8221; er\u00f6ffnete 1967 ihre Werkstatt mit angeschlossenem Gesch\u00e4ft im malerischen historischen Zentrum von Varazze und widmet sich seitdem der Herstellung von Spitzenprodukten, wobei sie sich Jahr f\u00fcr Jahr erneuert, aber die Tradition respektiert. Das Unternehmen wird von der Familie Fiorini mit gro\u00dfer Leidenschaft gef\u00fchrt, auf der st\u00e4ndigen Suche nach Frische, G\u00fcte und Originalit\u00e4t der Produkte.<\/span><\/p>\n<p><span style=\"color: #808080;\">Das Labor ist nach den heutigen strengen Gesundheitsvorschriften strukturiert und wird durch das HACCP-System kontrolliert, um die strengen Hygienestandards der lebensmittelrechtlichen Verfahren zu erf\u00fcllen.<\/span><br \/>\n<span style=\"color: #808080;\">All dies, zusammen mit der gro\u00dfen Begeisterung, die uns antreibt, tr\u00e4gt zu gesunden Produkten von anerkannter Qualit\u00e4t bei.<\/span><\/p>\n","protected":false},"excerpt":{"rendered":"<p>Karton mit 3 kg Nudeln LAGAIA Artisanal Trofie<\/p>\n","protected":false},"featured_media":9837,"comment_status":"open","ping_status":"closed","template":"","meta":[],"_links":{"self":[{"href":"https:\/\/www.boncibum.com\/de\/wp-json\/wp\/v2\/product\/12259"}],"collection":[{"href":"https:\/\/www.boncibum.com\/de\/wp-json\/wp\/v2\/product"}],"about":[{"href":"https:\/\/www.boncibum.com\/de\/wp-json\/wp\/v2\/types\/product"}],"replies":[{"embeddable":true,"href":"https:\/\/www.boncibum.com\/de\/wp-json\/wp\/v2\/comments?post=12259"}],"version-history":[{"count":0,"href":"https:\/\/www.boncibum.com\/de\/wp-json\/wp\/v2\/product\/12259\/revisions"}],"wp:featuredmedia":[{"embeddable":true,"href":"https:\/\/www.boncibum.com\/de\/wp-json\/wp\/v2\/media\/9837"}],"wp:attachment":[{"href":"https:\/\/www.boncibum.com\/de\/wp-json\/wp\/v2\/media?parent=12259"}],"curies":[{"name":"wp","href":"https:\/\/api.w.org\/{rel}","templated":true}]}}