{"id":12263,"date":"2022-05-03T09:43:13","date_gmt":"2022-05-03T07:43:13","guid":{"rendered":"https:\/\/www.boncibum.com\/prodotto\/karton-dreifingerweizen-500g\/"},"modified":"2022-09-25T11:45:09","modified_gmt":"2022-09-25T09:45:09","slug":"drei-finger-korn-pappe-500g","status":"publish","type":"product","link":"https:\/\/www.boncibum.com\/de\/prodotto\/drei-finger-korn-pappe-500g\/","title":{"rendered":"Karton Dreifingerweizen 500g"},"content":{"rendered":"<p><strong><span style=\"color: #339966;\">VERSAND<\/span>:<\/strong><br \/>\n<strong>Lieferzeit<\/strong>: Bestellung bis Donnerstag 13.00 Uhr &#8211; Lieferung zwischen dem darauf folgenden Montag und Mittwoch.<\/p>\n<h4><span style=\"color: #dc9814;\">BESCHREIBUNG<\/span><\/h4>\n<div class=\"woocommerce-product-details__short-description\">\n<p>Typisches Format aus Apulien und der Basilikata, das wir als &#8220;Dreifinger&#8221; bezeichnen, weil es mit den Fingerspitzen von drei Fingern &#8220;geformt&#8221; wurde. Im Allgemeinen &#8220;Cicatelli&#8221; oder &#8220;Capunti&#8221; genannt.<\/p>\n<\/div>\n<h4><span style=\"color: #dc9814;\">FEATURES<\/span><\/h4>\n<p>ZERTIFIZIERTES BIO-PRODUKT<\/p>\n<p>Typisch f\u00fcr Apulien, insbesondere f\u00fcr das Gebiet um Foggia. Der Grano Arso hat seinen Ursprung in der b\u00e4uerlichen Tradition und wird durch das R\u00f6sten von Weizen aus dem Tavoliere delle Puglie gewonnen.<\/p>\n<p><strong>Verfallsdatum<\/strong>: 2 Jahre<\/p>\n<p><strong>Herkunft des Weizens<\/strong>: 100% Italien<\/p>\n<p><strong>Kochzeit<\/strong>: 13 Minuten<\/p>\n<p><strong>Gewicht<\/strong>: 500g<\/p>\n<p><strong>Methode<\/strong>: Bronzegezogen und langsam getrocknet.<\/p>\n<h2><span style=\"color: #0498a0;\">Produzent Geschichte<\/span><\/h2>\n<p><span style=\"color: #808080;\"><img loading=\"lazy\" class=\"wp-image-9602 alignleft\" src=\"https:\/\/www.boncibum.com\/wp-content\/uploads\/2022\/03\/storia-casa-prencipe-300x167.jpg\" alt=\"Haus Prencipe\" width=\"227\" height=\"126\" srcset=\"https:\/\/www.boncibum.com\/wp-content\/uploads\/2022\/03\/storia-casa-prencipe-300x167.jpg 300w, https:\/\/www.boncibum.com\/wp-content\/uploads\/2022\/03\/storia-casa-prencipe-150x83.jpg 150w, https:\/\/www.boncibum.com\/wp-content\/uploads\/2022\/03\/storia-casa-prencipe-162x90.jpg 162w, https:\/\/www.boncibum.com\/wp-content\/uploads\/2022\/03\/storia-casa-prencipe.jpg 439w\" sizes=\"(max-width: 227px) 100vw, 227px\" \/><\/span><span style=\"color: #808080;\">Wir sind das Pastificio Artigianale del Gargano. In unseren Werkst\u00e4tten stellen wir verpackte frische Pasta und langsam getrocknete Pasta mit Rohstoffen aus kurzen Lieferketten her.<\/span><\/p>\n<p><span style=\"color: #808080;\">Die Produktion von nur wenigen Doppelzentnern pro Tag erm\u00f6glicht es uns, jede Phase der Verarbeitung bis zur Perfektion zu verfolgen. Ein sorgf\u00e4ltiger handwerklicher Prozess und eine sorgf\u00e4ltige Untersuchung des Teigs erm\u00f6glichen es uns, eine exklusive und hoch gesch\u00e4tzte Pasta zu kreieren, die die gro\u00dfe italienische Tradition respektiert.<\/span><\/p>\n<p><span style=\"color: #808080;\">.<\/span><\/p>\n","protected":false},"excerpt":{"rendered":"<p>Karton Dreifingerweizen 500g<\/p>\n<p><strong>Menge:<\/strong><\/p>\n<p>1 Packung = 0,5 kg<\/p>\n<p>1 Karton = 10 St\u00fcck (Pakete)<\/p>\n<p><strong>Bestellungen:<\/strong><\/p>\n<p>| Mindestbestellmenge Nr. 5 Kartons |<\/p>\n","protected":false},"featured_media":9844,"comment_status":"open","ping_status":"closed","template":"","meta":[],"_links":{"self":[{"href":"https:\/\/www.boncibum.com\/de\/wp-json\/wp\/v2\/product\/12263"}],"collection":[{"href":"https:\/\/www.boncibum.com\/de\/wp-json\/wp\/v2\/product"}],"about":[{"href":"https:\/\/www.boncibum.com\/de\/wp-json\/wp\/v2\/types\/product"}],"replies":[{"embeddable":true,"href":"https:\/\/www.boncibum.com\/de\/wp-json\/wp\/v2\/comments?post=12263"}],"version-history":[{"count":1,"href":"https:\/\/www.boncibum.com\/de\/wp-json\/wp\/v2\/product\/12263\/revisions"}],"predecessor-version":[{"id":13677,"href":"https:\/\/www.boncibum.com\/de\/wp-json\/wp\/v2\/product\/12263\/revisions\/13677"}],"wp:featuredmedia":[{"embeddable":true,"href":"https:\/\/www.boncibum.com\/de\/wp-json\/wp\/v2\/media\/9844"}],"wp:attachment":[{"href":"https:\/\/www.boncibum.com\/de\/wp-json\/wp\/v2\/media?parent=12263"}],"curies":[{"name":"wp","href":"https:\/\/api.w.org\/{rel}","templated":true}]}}