{"id":12303,"date":"2022-05-03T00:39:05","date_gmt":"2022-05-02T22:39:05","guid":{"rendered":"https:\/\/www.boncibum.com\/prodotto\/pesto-alla-genovese-eimer\/"},"modified":"2022-10-29T08:39:29","modified_gmt":"2022-10-29T06:39:29","slug":"pesto-alla-genovese-secchiello","status":"publish","type":"product","link":"https:\/\/www.boncibum.com\/de\/prodotto\/pesto-alla-genovese-secchiello\/","title":{"rendered":"Pesto alla Genovese &#8211; Eimer"},"content":{"rendered":"<p><strong><span style=\"color: #339966;\">SHIPPING<\/span><\/strong>:<\/p>\n<p><strong>Lieferzeit<\/strong>: 5 Arbeitstage<\/p>\n<p>Kostenloser Versand innerhalb Italiens bei einem Mindestbestellwert von 99,00 \u20ac.<\/p>\n<h4><span style=\"color: #dc9814;\">BESCHREIBUNG<\/span><\/h4>\n<p>Handwerklich hergestelltes Pesto alla Genovese in einem Plastikgef\u00e4\u00df.<\/p>\n<p><span style=\"color: #808080;\">Erh\u00e4ltlich in 3 kg und 5 kg.<\/span><\/p>\n<h4><span style=\"color: #dc9814;\">FEATURES<\/span><\/h4>\n<p><strong>Eigenschaften<\/strong>: frisches, unpasteurisiertes Produkt, ohne Konservierungsstoffe.<\/p>\n<p><strong>Zutaten<\/strong>: Oliven\u00f6l, Parmigiano Reggiano DOP (Milch), Basilikum Genovese DOP (20%), Pinienkerne, Salz, Knoblauch.<br \/>\nKann Spuren von Gluten enthalten.<br \/>\n<strong>Lagerung<\/strong>: 30 Tage im K\u00fchlschrank bei +4\u00b0C<\/p>\n<h2><span style=\"color: #0498a0;\">Produzent Geschichte<\/span><\/h2>\n<p><span style=\"color: #808080;\"><img loading=\"lazy\" class=\"wp-image-9609 alignleft\" src=\"https:\/\/www.boncibum.com\/wp-content\/uploads\/2022\/03\/storia-pastificio.fiorini-292x300.jpg\" alt=\"geschichte der nudelfabrik Fiorini\" width=\"224\" height=\"230\" srcset=\"https:\/\/www.boncibum.com\/wp-content\/uploads\/2022\/03\/storia-pastificio.fiorini-292x300.jpg 292w, https:\/\/www.boncibum.com\/wp-content\/uploads\/2022\/03\/storia-pastificio.fiorini-146x150.jpg 146w, https:\/\/www.boncibum.com\/wp-content\/uploads\/2022\/03\/storia-pastificio.fiorini-88x90.jpg 88w, https:\/\/www.boncibum.com\/wp-content\/uploads\/2022\/03\/storia-pastificio.fiorini.jpg 508w\" sizes=\"(max-width: 224px) 100vw, 224px\" \/><\/span><span style=\"color: #808080;\">Die &#8220;Pastificio Artigianale Fiorini&#8221; er\u00f6ffnete 1967 ihre Werkstatt mit angeschlossenem Gesch\u00e4ft im malerischen historischen Zentrum von Varazze und widmet sich seitdem der Herstellung von Spitzenprodukten, wobei sie sich Jahr f\u00fcr Jahr erneuert, aber die Tradition respektiert. Das Unternehmen wird von der Familie Fiorini mit gro\u00dfer Leidenschaft gef\u00fchrt, auf der st\u00e4ndigen Suche nach Frische, G\u00fcte und Originalit\u00e4t der Produkte.<\/span><\/p>\n<p><span style=\"color: #808080;\">Das Labor ist nach den heutigen strengen Gesundheitsvorschriften strukturiert und wird durch das HACCP-System kontrolliert, um die strengen Hygienestandards der lebensmittelrechtlichen Verfahren zu erf\u00fcllen.<\/span><br \/>\n<span style=\"color: #808080;\">All dies, zusammen mit der gro\u00dfen Begeisterung, die uns antreibt, tr\u00e4gt zu gesunden Produkten von anerkannter Qualit\u00e4t bei.<\/span><\/p>\n","protected":false},"excerpt":{"rendered":"<p>Artisanales Pesto alla Genovese. Gro\u00dfes Format.<\/p>\n<p><span style=\"color: #808080;\">Erh\u00e4ltlich in 3 kg und 5 kg.<\/span><\/p>\n","protected":false},"featured_media":9835,"comment_status":"open","ping_status":"closed","template":"","meta":[],"_links":{"self":[{"href":"https:\/\/www.boncibum.com\/de\/wp-json\/wp\/v2\/product\/12303"}],"collection":[{"href":"https:\/\/www.boncibum.com\/de\/wp-json\/wp\/v2\/product"}],"about":[{"href":"https:\/\/www.boncibum.com\/de\/wp-json\/wp\/v2\/types\/product"}],"replies":[{"embeddable":true,"href":"https:\/\/www.boncibum.com\/de\/wp-json\/wp\/v2\/comments?post=12303"}],"version-history":[{"count":1,"href":"https:\/\/www.boncibum.com\/de\/wp-json\/wp\/v2\/product\/12303\/revisions"}],"predecessor-version":[{"id":16059,"href":"https:\/\/www.boncibum.com\/de\/wp-json\/wp\/v2\/product\/12303\/revisions\/16059"}],"wp:featuredmedia":[{"embeddable":true,"href":"https:\/\/www.boncibum.com\/de\/wp-json\/wp\/v2\/media\/9835"}],"wp:attachment":[{"href":"https:\/\/www.boncibum.com\/de\/wp-json\/wp\/v2\/media?parent=12303"}],"curies":[{"name":"wp","href":"https:\/\/api.w.org\/{rel}","templated":true}]}}