{"id":12306,"date":"2022-05-03T00:20:23","date_gmt":"2022-05-02T22:20:23","guid":{"rendered":"https:\/\/www.boncibum.com\/prodotto\/pesto-alla-genovese-kunststoffverpackung\/"},"modified":"2022-05-03T00:20:23","modified_gmt":"2022-05-02T22:20:23","slug":"pesto-alla-genovese-plastic","status":"publish","type":"product","link":"https:\/\/www.boncibum.com\/de\/prodotto\/pesto-alla-genovese-plastic\/","title":{"rendered":"Pesto alla Genovese &#8211; Kunststoffverpackung"},"content":{"rendered":"<p><strong><br \/>\n  <span style=\"color: #339966;\">SHIPPING<\/span><br \/>\n<\/strong>: Kostenloser Versand innerhalb Italiens bei einem Mindestbestellwert von 99,00 \u20ac.<br \/>\nInternationaler Versand \u20ac 18,00.<\/p>\n<h4><span style=\"color: #dc9814;\">BESCHREIBUNG<\/span><\/h4>\n<p>Handwerklich hergestelltes Pesto alla Genovese in einem Plastikgef\u00e4\u00df.<\/p>\n<p><span style=\"color: #808080;\">Erh\u00e4ltlich in verschiedenen Formaten:<\/span><br \/>\n<span style=\"color: #808080;\">100 gr, 130 gr, 200 gr, 350 gr, 450 gr, 1000 gr.<\/span><\/p>\n<h4><span style=\"color: #dc9814;\">FEATURES<\/span><\/h4>\n<p><strong>Zutaten<\/strong>: Oliven\u00f6l, Parmigiano Reggiano DOP (Milch), Basilikum Genovese DOP (20%), Pinienkerne, Salz, Knoblauch.<br \/>\nKann Spuren von Gluten enthalten.<br \/>\n<strong>Lagerung<\/strong>: 30 Tage im K\u00fchlschrank bei +4\u00b0C<\/p>\n<p><strong>Eigenschaften<\/strong>: frisches, unpasteurisiertes Produkt, ohne Konservierungsstoffe.<br \/>\n<strong>Verkaufseinheit<\/strong>: 1 Karton mit 12 Gl\u00e4sern<br \/>\n<strong>Zahlungen<\/strong>: Nachnahme &#8211; Bank\u00fcberweisung Rechnungsansicht<br \/>\n<strong>Verfallsdatum<\/strong>: 02 Monate in der Glasverpackung<br \/>\n<strong>Lagerung<\/strong>: im K\u00fchlschrank<br \/>\n<strong>Lieferzeit<\/strong>: 5 Arbeitstage nach Bestellung<\/p>\n<h2><span style=\"color: #0498a0;\">Produzent Geschichte<\/span><\/h2>\n<p><span style=\"color: #808080;\"><img loading=\"lazy\" class=\"wp-image-9609 alignleft\" src=\"https:\/\/www.boncibum.com\/wp-content\/uploads\/2022\/03\/storia-pastificio.fiorini-292x300.jpg\" alt=\"geschichte der nudelfabrik Fiorini\" width=\"224\" height=\"230\" srcset=\"https:\/\/www.boncibum.com\/wp-content\/uploads\/2022\/03\/storia-pastificio.fiorini-292x300.jpg 292w, https:\/\/www.boncibum.com\/wp-content\/uploads\/2022\/03\/storia-pastificio.fiorini-146x150.jpg 146w, https:\/\/www.boncibum.com\/wp-content\/uploads\/2022\/03\/storia-pastificio.fiorini-88x90.jpg 88w, https:\/\/www.boncibum.com\/wp-content\/uploads\/2022\/03\/storia-pastificio.fiorini.jpg 508w\" sizes=\"(max-width: 224px) 100vw, 224px\" \/><\/span><span style=\"color: #808080;\">Die &#8220;Pastificio Artigianale Fiorini&#8221; er\u00f6ffnete 1967 ihre Werkstatt mit angeschlossenem Gesch\u00e4ft im malerischen historischen Zentrum von Varazze und widmet sich seitdem der Herstellung von Spitzenprodukten, wobei sie sich Jahr f\u00fcr Jahr erneuert, aber die Tradition respektiert. Das Unternehmen wird von der Familie Fiorini mit gro\u00dfer Leidenschaft gef\u00fchrt, auf der st\u00e4ndigen Suche nach Frische, G\u00fcte und Originalit\u00e4t der Produkte.<\/span><\/p>\n<p><span style=\"color: #808080;\">Das Labor ist nach den heutigen strengen Gesundheitsvorschriften strukturiert und wird durch das HACCP-System kontrolliert, um die strengen Hygienestandards der lebensmittelrechtlichen Verfahren zu erf\u00fcllen.<\/span><br \/>\n<span style=\"color: #808080;\">All dies, zusammen mit der gro\u00dfen Begeisterung, die uns antreibt, tr\u00e4gt zu gesunden Produkten von anerkannter Qualit\u00e4t bei.<\/span><\/p>\n","protected":false},"excerpt":{"rendered":"<p>Handwerklich hergestelltes Pesto alla Genovese in einem Plastikgef\u00e4\u00df.<\/p>\n<p><span style=\"color: #808080;\">Erh\u00e4ltlich in den Gr\u00f6\u00dfen 100 gr, 130 gr, 200 gr, 350 gr, 450 gr, 1000 gr.<\/span><\/p>\n","protected":false},"featured_media":9834,"comment_status":"open","ping_status":"closed","template":"","meta":[],"_links":{"self":[{"href":"https:\/\/www.boncibum.com\/de\/wp-json\/wp\/v2\/product\/12306"}],"collection":[{"href":"https:\/\/www.boncibum.com\/de\/wp-json\/wp\/v2\/product"}],"about":[{"href":"https:\/\/www.boncibum.com\/de\/wp-json\/wp\/v2\/types\/product"}],"replies":[{"embeddable":true,"href":"https:\/\/www.boncibum.com\/de\/wp-json\/wp\/v2\/comments?post=12306"}],"version-history":[{"count":0,"href":"https:\/\/www.boncibum.com\/de\/wp-json\/wp\/v2\/product\/12306\/revisions"}],"wp:featuredmedia":[{"embeddable":true,"href":"https:\/\/www.boncibum.com\/de\/wp-json\/wp\/v2\/media\/9834"}],"wp:attachment":[{"href":"https:\/\/www.boncibum.com\/de\/wp-json\/wp\/v2\/media?parent=12306"}],"curies":[{"name":"wp","href":"https:\/\/api.w.org\/{rel}","templated":true}]}}