{"id":12319,"date":"2022-05-03T00:00:07","date_gmt":"2022-05-02T22:00:07","guid":{"rendered":"https:\/\/www.boncibum.com\/prodotto\/karton-mit-zitronennudeln-500g\/"},"modified":"2022-09-25T11:23:30","modified_gmt":"2022-09-25T09:23:30","slug":"zitronennudel-karton-500g","status":"publish","type":"product","link":"https:\/\/www.boncibum.com\/de\/prodotto\/zitronennudel-karton-500g\/","title":{"rendered":"Karton mit Zitronennudeln 500g"},"content":{"rendered":"<p><strong><span style=\"color: #339966;\">VERSAND<\/span>:<\/strong><br \/>\n<strong>Lieferzeit<\/strong>: Bestellung bis Donnerstag 13.00 Uhr &#8211; Lieferung zwischen dem darauf folgenden Montag und Mittwoch.<\/p>\n<h4><span style=\"color: #dc9814;\">BESCHREIBUNG<\/span><\/h4>\n<p>Unser Arbeitspferd: die in Bronze gezogenen Tagliolini. In dieser Version bieten wir sie mit Zitrone aromatisiert an. Zur Zubereitung absolut einzigartiger Fisch- (und anderer) Gerichte.<\/p>\n<h4><span style=\"color: #dc9814;\">FEATURES<\/span><\/h4>\n<p>ZERTIFIZIERTES BIO-PRODUKT<\/p>\n<p><strong>Verfallsdatum<\/strong>: 2 Jahre<\/p>\n<p><strong>Herkunft des Weizens<\/strong>: 100% Italien<\/p>\n<p><strong>Kochzeit<\/strong>: 13 Minuten<\/p>\n<p><strong>Gewicht<\/strong>: 500g<\/p>\n<p><strong>Methode<\/strong>: Bronzegezogen und langsam getrocknet.<\/p>\n<h2><span style=\"color: #0498a0;\">Produzent Geschichte<\/span><\/h2>\n<p><span style=\"color: #808080;\"><img loading=\"lazy\" class=\"wp-image-9602 alignleft\" src=\"https:\/\/www.boncibum.com\/wp-content\/uploads\/2022\/03\/storia-casa-prencipe-300x167.jpg\" alt=\"Haus Prencipe\" width=\"227\" height=\"126\" srcset=\"https:\/\/www.boncibum.com\/wp-content\/uploads\/2022\/03\/storia-casa-prencipe-300x167.jpg 300w, https:\/\/www.boncibum.com\/wp-content\/uploads\/2022\/03\/storia-casa-prencipe-150x83.jpg 150w, https:\/\/www.boncibum.com\/wp-content\/uploads\/2022\/03\/storia-casa-prencipe-162x90.jpg 162w, https:\/\/www.boncibum.com\/wp-content\/uploads\/2022\/03\/storia-casa-prencipe.jpg 439w\" sizes=\"(max-width: 227px) 100vw, 227px\" \/><\/span><span style=\"color: #808080;\">Wir sind das Pastificio Artigianale del Gargano. In unseren Werkst\u00e4tten stellen wir verpackte frische Pasta und langsam getrocknete Pasta mit Rohstoffen aus kurzen Lieferketten her.<\/span><\/p>\n<p><span style=\"color: #808080;\">Die Produktion von nur wenigen Doppelzentnern pro Tag erm\u00f6glicht es uns, jede Phase der Verarbeitung bis zur Perfektion zu verfolgen. Ein sorgf\u00e4ltiger handwerklicher Prozess und eine sorgf\u00e4ltige Untersuchung des Teigs erm\u00f6glichen es uns, eine exklusive und hoch gesch\u00e4tzte Pasta zu kreieren, die die gro\u00dfe italienische Tradition respektiert.<\/span><\/p>\n<p><span style=\"color: #808080;\">.<\/span><\/p>\n","protected":false},"excerpt":{"rendered":"<p>Karton mit Zitronennudeln 500g<\/p>\n<p><strong>Menge:<\/strong><\/p>\n<p>1 Packung = 0,5 kg<\/p>\n<p>1 Karton = 10 St\u00fcck (Pakete)<\/p>\n<p><strong>Bestellungen:<\/strong><\/p>\n<p>| Mindestbestellmenge Nr. 5 Kartons |<\/p>\n","protected":false},"featured_media":9833,"comment_status":"open","ping_status":"closed","template":"","meta":[],"_links":{"self":[{"href":"https:\/\/www.boncibum.com\/de\/wp-json\/wp\/v2\/product\/12319"}],"collection":[{"href":"https:\/\/www.boncibum.com\/de\/wp-json\/wp\/v2\/product"}],"about":[{"href":"https:\/\/www.boncibum.com\/de\/wp-json\/wp\/v2\/types\/product"}],"replies":[{"embeddable":true,"href":"https:\/\/www.boncibum.com\/de\/wp-json\/wp\/v2\/comments?post=12319"}],"version-history":[{"count":1,"href":"https:\/\/www.boncibum.com\/de\/wp-json\/wp\/v2\/product\/12319\/revisions"}],"predecessor-version":[{"id":13659,"href":"https:\/\/www.boncibum.com\/de\/wp-json\/wp\/v2\/product\/12319\/revisions\/13659"}],"wp:featuredmedia":[{"embeddable":true,"href":"https:\/\/www.boncibum.com\/de\/wp-json\/wp\/v2\/media\/9833"}],"wp:attachment":[{"href":"https:\/\/www.boncibum.com\/de\/wp-json\/wp\/v2\/media?parent=12319"}],"curies":[{"name":"wp","href":"https:\/\/api.w.org\/{rel}","templated":true}]}}