{"id":12519,"date":"2022-05-01T12:01:40","date_gmt":"2022-05-01T10:01:40","guid":{"rendered":"https:\/\/www.boncibum.com\/prodotto\/karton-12-flaschen-blanc-de-blancs-oberto-ca-nova\/"},"modified":"2022-08-29T19:26:05","modified_gmt":"2022-08-29T17:26:05","slug":"karton-12-flaschen-blanc-de-blancs-oberto-ca-nova","status":"publish","type":"product","link":"https:\/\/www.boncibum.com\/de\/prodotto\/karton-12-flaschen-blanc-de-blancs-oberto-ca-nova\/","title":{"rendered":"Karton 12 Flaschen Blanc de Blancs Oberto Ca&#8217; Nova"},"content":{"rendered":"<h4><span style=\"color: #dc9814;\">BESCHREIBUNG<\/span><\/h4>\n<p>Hauptmerkmale: Ein lebendiger, frisch zu genie\u00dfender Schaumwein, \u00fcberzeugend in der Nase, zart und reichhaltig am Gaumen, mit anhaltenden, umh\u00fcllenden Aromen von wei\u00dfen Blumen und aromatischen Kr\u00e4utern Trauben: Ortrugo 90%, Chardonnay 10% Weinart: Schaumwein Martinotti-Methode Anbaumethode: Konventionell Weinlese: Manuell Bezeichnung: Emilia IGP Anlass: Aperitif, Abendessen mit Freunden, Festlichkeiten Serviervorschl\u00e4ge: Aperitif, Abendessen mit Freunden, Festlichkeiten Paarungen: Delikate Fischgerichte, wei\u00dfes Fleisch und Vorspeisen Region: Emilia-Romagna Format: 75 cl Serviertemperatur: 6\/8\u00b0<\/p>\n<h2><span style=\"color: #0498a0;\">Produzent Geschichte<\/span><\/h2>\n<p><span style=\"color: #808080;\"><img loading=\"lazy\" class=\"wp-image-9579 alignleft\" src=\"https:\/\/www.boncibum.com\/wp-content\/uploads\/2022\/03\/canova-vini-e-vigne-agriturismo-300x155.jpg\" alt=\"Ca' nova-Weine\" width=\"315\" height=\"163\" srcset=\"https:\/\/www.boncibum.com\/wp-content\/uploads\/2022\/03\/canova-vini-e-vigne-agriturismo-300x155.jpg 300w, https:\/\/www.boncibum.com\/wp-content\/uploads\/2022\/03\/canova-vini-e-vigne-agriturismo-768x396.jpg 768w, https:\/\/www.boncibum.com\/wp-content\/uploads\/2022\/03\/canova-vini-e-vigne-agriturismo-600x309.jpg 600w, https:\/\/www.boncibum.com\/wp-content\/uploads\/2022\/03\/canova-vini-e-vigne-agriturismo-150x77.jpg 150w, https:\/\/www.boncibum.com\/wp-content\/uploads\/2022\/03\/canova-vini-e-vigne-agriturismo-175x90.jpg 175w, https:\/\/www.boncibum.com\/wp-content\/uploads\/2022\/03\/canova-vini-e-vigne-agriturismo.jpg 960w\" sizes=\"(max-width: 315px) 100vw, 315px\" \/>Die Weinkellerei Ca&#8217;Nova befindet sich auf der Wasserscheide eines Zwischenh\u00fcgels, &#8220;an der K\u00fcste zwischen zwei anderen&#8221;, in einer privilegierten Lage: Die fruchtbaren, sonnigen H\u00e4nge, das milde Klima und der nat\u00fcrliche Schutz vor den Unbilden des Winters sind seit der Zeit Friedrichs II. die Quelle des Weinbaus.<\/span><br \/>\n<span style=\"color: #808080;\">Diese Orte, die fr\u00fcher aufgrund der gro\u00dfen Anzahl von &#8220;tabernaria et tabernariorum&#8221;, Gasth\u00f6fen und Schenken, als CostaMediana Tabernariorum bekannt waren, waren schon immer Orte der Weinherstellung.<\/span><br \/>\n<span style=\"color: #808080;\">Eine Berufung, die sich sogar in dem Namen widerspiegelt, den das Haus, dem das Lehen anvertraut wurde, seinem Sitz gab: Castello del Tabernieri, dessen runder Turm und quadratischer Bergfried, die den Zahn der Zeit \u00fcberstanden haben, noch heute zwischen den Weinst\u00f6cken zu sehen sind, die ihn umgeben.<\/span><br \/>\n<span style=\"color: #808080;\">.<\/span><\/p>\n","protected":false},"excerpt":{"rendered":"<p>Blanc de Blancs Oberto Ca&#8217; Nova<\/p>\n","protected":false},"featured_media":9771,"comment_status":"open","ping_status":"closed","template":"","meta":[],"_links":{"self":[{"href":"https:\/\/www.boncibum.com\/de\/wp-json\/wp\/v2\/product\/12519"}],"collection":[{"href":"https:\/\/www.boncibum.com\/de\/wp-json\/wp\/v2\/product"}],"about":[{"href":"https:\/\/www.boncibum.com\/de\/wp-json\/wp\/v2\/types\/product"}],"replies":[{"embeddable":true,"href":"https:\/\/www.boncibum.com\/de\/wp-json\/wp\/v2\/comments?post=12519"}],"version-history":[{"count":0,"href":"https:\/\/www.boncibum.com\/de\/wp-json\/wp\/v2\/product\/12519\/revisions"}],"wp:featuredmedia":[{"embeddable":true,"href":"https:\/\/www.boncibum.com\/de\/wp-json\/wp\/v2\/media\/9771"}],"wp:attachment":[{"href":"https:\/\/www.boncibum.com\/de\/wp-json\/wp\/v2\/media?parent=12519"}],"curies":[{"name":"wp","href":"https:\/\/api.w.org\/{rel}","templated":true}]}}