{"id":12522,"date":"2022-05-01T11:42:50","date_gmt":"2022-05-01T09:42:50","guid":{"rendered":"https:\/\/www.boncibum.com\/prodotto\/karton-12-flaschen-rose-brut-iole-ca-nova\/"},"modified":"2022-08-29T19:26:11","modified_gmt":"2022-08-29T17:26:11","slug":"karton-12-flaschen-rose-brut-iole-ca-nova-2","status":"publish","type":"product","link":"https:\/\/www.boncibum.com\/de\/prodotto\/karton-12-flaschen-rose-brut-iole-ca-nova-2\/","title":{"rendered":"Karton 12 Flaschen Ros\u00e8 brut Iole Ca&#8217; Nova"},"content":{"rendered":"<h4><span style=\"color: #dc9814;\">BESCHREIBUNG<\/span><\/h4>\n<p>Hauptmerkmale: Brut Ros\u00e9 Sekt, frisch zu genie\u00dfen, \u00fcberzeugend in der Nase, zart und reichhaltig am Gaumen, mit anhaltenden und umh\u00fcllenden Aromen. Am Gaumen hat er eine gute Saftigkeit kombiniert mit der typischen Frische von s\u00fc\u00dfen Zitrusfr\u00fcchten Trauben: Merlot 100% Weinart: Rosensekt Martinotti-Anbauart: Konventionell Weinlese: Manuell Bezeichnung: Emilia IGP Anlass: Aperitif, Abendessen mit Freunden, Festlichkeiten Serviervorschl\u00e4ge: Krustentiere, Meeresfr\u00fcchte, wei\u00dfes Fleisch und gebratene Speisen im Allgemeinen Region: Emilia-Romagna Krustentiere, Meeresfr\u00fcchte, wei\u00dfes Fleisch und frittierte Speisen im Allgemeinen Region: Emilia-Romagna Format: 75 cl Serviertemperatur: 6\/8\u00b0<\/p>\n<h2><span style=\"color: #0498a0;\">Produzent Geschichte<\/span><\/h2>\n<p><span style=\"color: #808080;\"><img loading=\"lazy\" class=\"wp-image-9579 alignleft\" src=\"https:\/\/www.boncibum.com\/wp-content\/uploads\/2022\/03\/canova-vini-e-vigne-agriturismo-300x155.jpg\" alt=\"Ca' nova-Weine\" width=\"315\" height=\"163\" srcset=\"https:\/\/www.boncibum.com\/wp-content\/uploads\/2022\/03\/canova-vini-e-vigne-agriturismo-300x155.jpg 300w, https:\/\/www.boncibum.com\/wp-content\/uploads\/2022\/03\/canova-vini-e-vigne-agriturismo-768x396.jpg 768w, https:\/\/www.boncibum.com\/wp-content\/uploads\/2022\/03\/canova-vini-e-vigne-agriturismo-600x309.jpg 600w, https:\/\/www.boncibum.com\/wp-content\/uploads\/2022\/03\/canova-vini-e-vigne-agriturismo-150x77.jpg 150w, https:\/\/www.boncibum.com\/wp-content\/uploads\/2022\/03\/canova-vini-e-vigne-agriturismo-175x90.jpg 175w, https:\/\/www.boncibum.com\/wp-content\/uploads\/2022\/03\/canova-vini-e-vigne-agriturismo.jpg 960w\" sizes=\"(max-width: 315px) 100vw, 315px\" \/><\/span>Die Cantina Ca&#8217; Nova befindet sich auf der Wasserscheide eines Zwischenh\u00fcgels zwischen zwei anderen H\u00fcgeln, in einer privilegierten Lage. Diese Lage, die fruchtbaren und sonnigen H\u00e4nge, das milde Klima und der nat\u00fcrliche Schutz vor den Unbilden des Winters haben seit Friedrich II. zur Weinproduktion gef\u00fchrt. Die Cantina Ca&#8217; Nova wurde fr\u00fcher CostaMediana Tabernariorum genannt, weil es in ihren Stra\u00dfen zahlreiche Gasth\u00e4user und Tavernen gab, die seit jeher mit der Weinherstellung in Verbindung gebracht werden. Das spiegelt sich auch im Namen des Schlosses wider: Castello del Tabernieri, dessen runder und quadratischer Turm noch erhalten sind, die beide inmitten der umliegenden Weinberge zu sehen sind.<br \/>\n<span style=\"color: #808080;\">.<\/span><\/p>\n","protected":false},"excerpt":{"rendered":"<p>Ros\u00e8 brut Iole Ca&#8217; Nova<\/p>\n","protected":false},"featured_media":9772,"comment_status":"open","ping_status":"closed","template":"","meta":[],"_links":{"self":[{"href":"https:\/\/www.boncibum.com\/de\/wp-json\/wp\/v2\/product\/12522"}],"collection":[{"href":"https:\/\/www.boncibum.com\/de\/wp-json\/wp\/v2\/product"}],"about":[{"href":"https:\/\/www.boncibum.com\/de\/wp-json\/wp\/v2\/types\/product"}],"replies":[{"embeddable":true,"href":"https:\/\/www.boncibum.com\/de\/wp-json\/wp\/v2\/comments?post=12522"}],"version-history":[{"count":0,"href":"https:\/\/www.boncibum.com\/de\/wp-json\/wp\/v2\/product\/12522\/revisions"}],"wp:featuredmedia":[{"embeddable":true,"href":"https:\/\/www.boncibum.com\/de\/wp-json\/wp\/v2\/media\/9772"}],"wp:attachment":[{"href":"https:\/\/www.boncibum.com\/de\/wp-json\/wp\/v2\/media?parent=12522"}],"curies":[{"name":"wp","href":"https:\/\/api.w.org\/{rel}","templated":true}]}}