{"id":12559,"date":"2022-04-08T10:55:01","date_gmt":"2022-04-08T08:55:01","guid":{"rendered":"https:\/\/www.boncibum.com\/prodotto\/lambrusco-ca-nova\/"},"modified":"2022-11-18T18:49:40","modified_gmt":"2022-11-18T17:49:40","slug":"lambrusco-ca-nova","status":"publish","type":"product","link":"https:\/\/www.boncibum.com\/de\/prodotto\/lambrusco-ca-nova\/","title":{"rendered":"Lambrusco Ca&#8217; Nova"},"content":{"rendered":"<h4><span style=\"color: #dc9814;\">BESCHREIBUNG<\/span><\/h4>\n<p>Hauptmerkmale: Kristallklarer, sch\u00e4umender Rotwein. Fruchtig in der Nase mit den typischen D\u00fcften der Rebe und einem ausgewogenen Geschmack zwischen Weichheit und Frische Trauben: Lambrusco 85%, Barbera 10%, Bonarda 5% Typ: Rotwein mit Kohlens\u00e4ure Martinotti Methode Anbauart: Konventionell Ernte: Manuell Bezeichnung: Emilia IGP Anlass: Mittagessen, Abendessen Paarungen: Typische erste G\u00e4nge der emilianischen K\u00fcche in Italien.<\/p>\n<p>&nbsp;<\/p>\n<h2><span style=\"color: #0498a0;\">Produzent Geschichte<\/span><\/h2>\n<p><span style=\"color: #808080;\"><img loading=\"lazy\" class=\"wp-image-9579 alignleft\" src=\"https:\/\/www.boncibum.com\/wp-content\/uploads\/2022\/03\/canova-vini-e-vigne-agriturismo-300x155.jpg\" alt=\"Ca' nova-Weine\" width=\"315\" height=\"163\" srcset=\"https:\/\/www.boncibum.com\/wp-content\/uploads\/2022\/03\/canova-vini-e-vigne-agriturismo-300x155.jpg 300w, https:\/\/www.boncibum.com\/wp-content\/uploads\/2022\/03\/canova-vini-e-vigne-agriturismo-768x396.jpg 768w, https:\/\/www.boncibum.com\/wp-content\/uploads\/2022\/03\/canova-vini-e-vigne-agriturismo-600x309.jpg 600w, https:\/\/www.boncibum.com\/wp-content\/uploads\/2022\/03\/canova-vini-e-vigne-agriturismo-150x77.jpg 150w, https:\/\/www.boncibum.com\/wp-content\/uploads\/2022\/03\/canova-vini-e-vigne-agriturismo-175x90.jpg 175w, https:\/\/www.boncibum.com\/wp-content\/uploads\/2022\/03\/canova-vini-e-vigne-agriturismo.jpg 960w\" sizes=\"(max-width: 315px) 100vw, 315px\" \/>Die Weinkellerei Ca&#8217;Nova befindet sich auf der Wasserscheide eines Zwischenh\u00fcgels, &#8220;an der K\u00fcste zwischen zwei anderen&#8221;, in einer privilegierten Lage: Die fruchtbaren, sonnigen H\u00e4nge, das milde Klima und der nat\u00fcrliche Schutz vor den Unbilden des Winters sind seit der Zeit Friedrichs II. die Quelle des Weinbaus.<\/span><br \/>\n<span style=\"color: #808080;\">Diese Orte, die fr\u00fcher aufgrund der gro\u00dfen Anzahl von &#8220;tabernaria et tabernariorum&#8221;, Gasth\u00f6fen und Schenken, als CostaMediana Tabernariorum bekannt waren, waren schon immer Orte der Weinherstellung.<\/span><br \/>\n<span style=\"color: #808080;\">Eine Berufung, die sich sogar in dem Namen widerspiegelt, den das Haus, dem das Lehen anvertraut wurde, seinem Sitz gab: Castello del Tabernieri, dessen runder Turm und quadratischer Bergfried, die den Zahn der Zeit \u00fcberstanden haben, noch heute zwischen den Weinst\u00f6cken zu sehen sind, die ihn umgeben.<\/span><br \/>\n<span style=\"color: #808080;\">.<\/span><\/p>\n","protected":false},"excerpt":{"rendered":"<p>Lambrusco Ca&#8217; Nova<\/p>\n","protected":false},"featured_media":9768,"comment_status":"open","ping_status":"closed","template":"","meta":[],"_links":{"self":[{"href":"https:\/\/www.boncibum.com\/de\/wp-json\/wp\/v2\/product\/12559"}],"collection":[{"href":"https:\/\/www.boncibum.com\/de\/wp-json\/wp\/v2\/product"}],"about":[{"href":"https:\/\/www.boncibum.com\/de\/wp-json\/wp\/v2\/types\/product"}],"replies":[{"embeddable":true,"href":"https:\/\/www.boncibum.com\/de\/wp-json\/wp\/v2\/comments?post=12559"}],"version-history":[{"count":1,"href":"https:\/\/www.boncibum.com\/de\/wp-json\/wp\/v2\/product\/12559\/revisions"}],"predecessor-version":[{"id":16846,"href":"https:\/\/www.boncibum.com\/de\/wp-json\/wp\/v2\/product\/12559\/revisions\/16846"}],"wp:featuredmedia":[{"embeddable":true,"href":"https:\/\/www.boncibum.com\/de\/wp-json\/wp\/v2\/media\/9768"}],"wp:attachment":[{"href":"https:\/\/www.boncibum.com\/de\/wp-json\/wp\/v2\/media?parent=12559"}],"curies":[{"name":"wp","href":"https:\/\/api.w.org\/{rel}","templated":true}]}}