{"id":12580,"date":"2022-04-07T17:37:23","date_gmt":"2022-04-07T15:37:23","guid":{"rendered":"https:\/\/www.boncibum.com\/prodotto\/cavatelli-500g\/"},"modified":"2022-04-07T17:37:23","modified_gmt":"2022-04-07T15:37:23","slug":"cavatelli-500g-2","status":"publish","type":"product","link":"https:\/\/www.boncibum.com\/de\/prodotto\/cavatelli-500g-2\/","title":{"rendered":"Cavatelli 500g"},"content":{"rendered":"<p><span style=\"color: #339966;\">SHIPPING<\/span>: Montag, Dienstag, Mittwoch (bis 15:00 Uhr)<br \/>\nVersandzeit: 24\/48 Stunden<\/p>\n<h4><span style=\"color: #dc9814;\">BESCHREIBUNG<\/span><\/h4>\n<div class=\"woocommerce-product-details__short-description\">\n<p>Ein typisch s\u00fcditalienisches Format, das aus bestem italienischen Grie\u00df hergestellt und von Hand verarbeitet wird. Hergestellt in Apulien.<\/p>\n<\/div>\n<h4><span style=\"color: #dc9814;\">FEATURES<\/span><\/h4>\n<p>ZERTIFIZIERTES BIO-PRODUKT<\/p>\n<p><strong>Herkunft des Weizens<\/strong>: 100% Italien<\/p>\n<p><strong>Kochzeit<\/strong>: 15 Minuten<\/p>\n<p><strong>Gewicht<\/strong>: 500g<\/p>\n<p>langsame Trocknung<\/p>\n<h2><span style=\"color: #0498a0;\">Produzent Geschichte<\/span><\/h2>\n<p><span style=\"color: #808080;\"><img loading=\"lazy\" class=\"wp-image-9602 alignleft\" src=\"https:\/\/www.boncibum.com\/wp-content\/uploads\/2022\/03\/storia-casa-prencipe-300x167.jpg\" alt=\"Haus Prencipe\" width=\"227\" height=\"126\" srcset=\"https:\/\/www.boncibum.com\/wp-content\/uploads\/2022\/03\/storia-casa-prencipe-300x167.jpg 300w, https:\/\/www.boncibum.com\/wp-content\/uploads\/2022\/03\/storia-casa-prencipe-150x83.jpg 150w, https:\/\/www.boncibum.com\/wp-content\/uploads\/2022\/03\/storia-casa-prencipe-162x90.jpg 162w, https:\/\/www.boncibum.com\/wp-content\/uploads\/2022\/03\/storia-casa-prencipe.jpg 439w\" sizes=\"(max-width: 227px) 100vw, 227px\" \/><\/span><span style=\"color: #808080;\">Wir sind das Pastificio Artigianale del Gargano. In unseren Werkst\u00e4tten stellen wir verpackte frische Pasta und langsam getrocknete Pasta mit Rohstoffen aus kurzen Lieferketten her.<\/span><\/p>\n<p><span style=\"color: #808080;\">Die Produktion von nur wenigen Doppelzentnern pro Tag erm\u00f6glicht es uns, jede Phase der Verarbeitung bis zur Perfektion zu verfolgen. Ein sorgf\u00e4ltiger handwerklicher Prozess und eine sorgf\u00e4ltige Untersuchung des Teigs erm\u00f6glichen es uns, eine exklusive und hoch gesch\u00e4tzte Pasta zu kreieren, die die gro\u00dfe italienische Tradition respektiert.<\/span><\/p>\n<p><span style=\"color: #808080;\">.<\/span><\/p>\n","protected":false},"excerpt":{"rendered":"<p>Cavatelli 500g<\/p>\n","protected":false},"featured_media":9706,"comment_status":"open","ping_status":"closed","template":"","meta":[],"_links":{"self":[{"href":"https:\/\/www.boncibum.com\/de\/wp-json\/wp\/v2\/product\/12580"}],"collection":[{"href":"https:\/\/www.boncibum.com\/de\/wp-json\/wp\/v2\/product"}],"about":[{"href":"https:\/\/www.boncibum.com\/de\/wp-json\/wp\/v2\/types\/product"}],"replies":[{"embeddable":true,"href":"https:\/\/www.boncibum.com\/de\/wp-json\/wp\/v2\/comments?post=12580"}],"version-history":[{"count":0,"href":"https:\/\/www.boncibum.com\/de\/wp-json\/wp\/v2\/product\/12580\/revisions"}],"wp:featuredmedia":[{"embeddable":true,"href":"https:\/\/www.boncibum.com\/de\/wp-json\/wp\/v2\/media\/9706"}],"wp:attachment":[{"href":"https:\/\/www.boncibum.com\/de\/wp-json\/wp\/v2\/media?parent=12580"}],"curies":[{"name":"wp","href":"https:\/\/api.w.org\/{rel}","templated":true}]}}