{"id":12606,"date":"2022-04-07T10:01:50","date_gmt":"2022-04-07T08:01:50","guid":{"rendered":"https:\/\/www.boncibum.com\/prodotto\/balsamico-essig-aus-modena-g-g-a-batterie-250-ml-3-sterne-qualitaet\/"},"modified":"2022-04-07T10:01:50","modified_gmt":"2022-04-07T08:01:50","slug":"essig-balsamico-modena-igp-batterie-250-ml-qualitat-3-sterne","status":"publish","type":"product","link":"https:\/\/www.boncibum.com\/de\/prodotto\/essig-balsamico-modena-igp-batterie-250-ml-qualitat-3-sterne\/","title":{"rendered":"Balsamico-Essig aus Modena g.g.A. &#8220;Batterie&#8221; &#8211; 250 ml 3-Sterne-Qualit\u00e4t"},"content":{"rendered":"<p><span style=\"color: #339966;\">SHIPPING<\/span>: Montag, Dienstag, Mittwoch (bis 15:00 Uhr)<br \/>\nVersandzeit: 24\/48 Stunden<\/p>\n<h4><span style=\"color: #dc9814;\">BESCHREIBUNG<\/span><\/h4>\n<p>Ein Gew\u00fcrz, das unter strenger Einhaltung einer Spezifikation der g.g.A. (gesch\u00fctzte geografische Angabe) ausschlie\u00dflich aus gekochtem Most und Weinessig, aber ohne Verwendung von Karamell oder anderen Verarbeitungsprodukten hergestellt wird.<\/p>\n<h2><span style=\"color: #0498a0;\">Produzent Geschichte<\/span><\/h2>\n<p><span style=\"color: #808080;\"><img loading=\"lazy\" class=\"wp-image-9620 alignleft\" src=\"https:\/\/www.boncibum.com\/wp-content\/uploads\/2022\/04\/acetaia-valeri-STORIA-300x195.jpg\" alt=\"Acetaia Valeri Geschichte\" width=\"272\" height=\"177\" srcset=\"https:\/\/www.boncibum.com\/wp-content\/uploads\/2022\/04\/acetaia-valeri-STORIA-300x195.jpg 300w, https:\/\/www.boncibum.com\/wp-content\/uploads\/2022\/04\/acetaia-valeri-STORIA-1024x666.jpg 1024w, https:\/\/www.boncibum.com\/wp-content\/uploads\/2022\/04\/acetaia-valeri-STORIA-768x499.jpg 768w, https:\/\/www.boncibum.com\/wp-content\/uploads\/2022\/04\/acetaia-valeri-STORIA-600x390.jpg 600w, https:\/\/www.boncibum.com\/wp-content\/uploads\/2022\/04\/acetaia-valeri-STORIA-150x98.jpg 150w, https:\/\/www.boncibum.com\/wp-content\/uploads\/2022\/04\/acetaia-valeri-STORIA-138x90.jpg 138w, https:\/\/www.boncibum.com\/wp-content\/uploads\/2022\/04\/acetaia-valeri-STORIA.jpg 1200w\" sizes=\"(max-width: 272px) 100vw, 272px\" \/><\/span><\/p>\n<p><span style=\"color: #808080;\">Die Leidenschaft f\u00fcr diesen Nektar blieb ein gefr\u00e4\u00dfiges Gef\u00fchl, das nur einigen wenigen vorbehalten war, die das Engagement und die Opfer aufbrachten, um ihn zu &#8220;kultivieren&#8221;.<\/span><br \/>\n<span style=\"color: #808080;\">Wenn ich mich recht erinnere, k\u00fcmmerte sich im Hause Valeri zun\u00e4chst Gro\u00dfvater Giuseppe, dann Vater Gerardo und sp\u00e4ter Onkel Egidio um eine diskrete &#8220;Batterie&#8221; gro\u00dfer F\u00e4sser, die die Versorgung der gro\u00dfen Familie \u00fcber Jahre hinweg sicherstellte. Dann setzten Valerio und Giuseppe zusammen mit ihrer Mutter Cuoghi Marcolina die Tradition ihres Vaters fort und begannen 1976 mit der Anpflanzung weiterer F\u00e4sser, wobei sie die Ratschl\u00e4ge ber\u00fccksichtigten, die sie in jungen Jahren gelernt hatten, und mit ihrer kosteng\u00fcnstigen Anpflanzung sorgten sie f\u00fcr ein gutes Produkt bis zum Ende des 20. In der grenzenlosen Phantasie der sich st\u00e4ndig weiterentwickelnden Rezepte hat sich das Grundrezept nie ver\u00e4ndert und ist auch heute noch das, das wir empfehlen. Es ist ein orthodoxes Destillat, die Frucht von Geduld und Liebe, die Sorgfalt und Aufmerksamkeit erfordert, damit die Reifung vollmundig, aromatisch und ausschlie\u00dflich aus einheimischen Mosten erfolgt. Es gibt ein paar kleine Geheimnisse, und jeder Produzent, auch der Amateur, h\u00fctet sie wie ein Familiengeheimnis, das andere mit List und T\u00fccke stehlen k\u00f6nnten.<\/span><br \/>\n<span style=\"color: #808080;\">Die Trauben, das Holz der F\u00e4sser, die Temperatur der Umgebung, die Luftfeuchtigkeit, die Luftstr\u00f6me, das Umf\u00fcllen von einem Beh\u00e4lter in den anderen sind nur einige der Elemente, die es erm\u00f6glichen, das Endergebnis zu erreichen: &#8220;schwarzes Gold&#8221; f\u00fcr uns, ein Traum f\u00fcr diejenigen, die aus anderen L\u00e4ndern kommen. Nach 30 Jahren Arbeit haben selbst die anspruchsvollsten Kritiker, wie die Consorteria dell&#8217;Aceto Balsamico Tradizionale di Modena und die Meister des Balsamico-Wissens, die ersten konkreten Ergebnisse geliefert<\/span><\/p>\n","protected":false},"excerpt":{"rendered":"<p>Balsamico-Essig aus Modena g.g.A. &#8220;Batterie&#8221; &#8211; 250 ml 3-Sterne-Qualit\u00e4t<\/p>\n","protected":false},"featured_media":9678,"comment_status":"open","ping_status":"closed","template":"","meta":[],"_links":{"self":[{"href":"https:\/\/www.boncibum.com\/de\/wp-json\/wp\/v2\/product\/12606"}],"collection":[{"href":"https:\/\/www.boncibum.com\/de\/wp-json\/wp\/v2\/product"}],"about":[{"href":"https:\/\/www.boncibum.com\/de\/wp-json\/wp\/v2\/types\/product"}],"replies":[{"embeddable":true,"href":"https:\/\/www.boncibum.com\/de\/wp-json\/wp\/v2\/comments?post=12606"}],"version-history":[{"count":0,"href":"https:\/\/www.boncibum.com\/de\/wp-json\/wp\/v2\/product\/12606\/revisions"}],"wp:featuredmedia":[{"embeddable":true,"href":"https:\/\/www.boncibum.com\/de\/wp-json\/wp\/v2\/media\/9678"}],"wp:attachment":[{"href":"https:\/\/www.boncibum.com\/de\/wp-json\/wp\/v2\/media?parent=12606"}],"curies":[{"name":"wp","href":"https:\/\/api.w.org\/{rel}","templated":true}]}}