{"id":12618,"date":"2022-04-07T08:33:59","date_gmt":"2022-04-07T06:33:59","guid":{"rendered":"https:\/\/www.boncibum.com\/prodotto\/100-bio-apfelgewuerz-gruene-version-250-ml\/"},"modified":"2022-04-07T08:33:59","modified_gmt":"2022-04-07T06:33:59","slug":"gewurz-organisch-100-apfel-version-grun-250-ml","status":"publish","type":"product","link":"https:\/\/www.boncibum.com\/de\/prodotto\/gewurz-organisch-100-apfel-version-grun-250-ml\/","title":{"rendered":"100% Bio-Apfelgew\u00fcrz &#8211; gr\u00fcne Version &#8211; 250 ml"},"content":{"rendered":"<p><span style=\"color: #339966;\">SHIPPING<\/span>: Montag, Dienstag, Mittwoch (bis 15:00 Uhr)<br \/>\nVersandzeit: 24\/48 Stunden<\/p>\n<h4><span style=\"color: #dc9814;\">BESCHREIBUNG<\/span><\/h4>\n<p>Durch ein handwerkliches Verfahren der langsamen Reifung und S\u00e4uerung des gekochten Apfelmosts gewonnen, hat das s\u00fc\u00df-saure Gew\u00fcrz 100% Mela BIO &#8211; Gr\u00fcne Version ein intensives Aroma und einen k\u00f6stlichen frischen und fruchtigen Geschmack, typisch f\u00fcr den Gr\u00fcnen Apfel.<\/p>\n<p>Aus ausgew\u00e4hlten Zutaten und einem v\u00f6llig nat\u00fcrlichen G\u00e4rungsprozess entsteht ein Produkt mit besonderem Geschmack&#8230; ein wahres Erlebnis f\u00fcr den Gaumen!<\/p>\n<p>Unser s\u00fc\u00df-saures 100% BIO-Apfelgew\u00fcrz &#8211; Gr\u00fcne Version passt hervorragend zu Vorspeisen und Risotto. Es ist das perfekte Gew\u00fcrz f\u00fcr Schweinefleisch und wei\u00dfes Fleisch.<\/p>\n<p>Er schmeckt zu Gem\u00fcse, Obst, Obstsalaten und Desserts und passt hervorragend zu frischem und gereiftem K\u00e4se.<\/p>\n<p>250 ml Flasche<\/p>\n<h4><span style=\"color: #dc9814;\">FEATURES<\/span><\/h4>\n<div class=\"fusion-li-item-content\">\n<div class=\"fusion-li-item-content\">\n<p><strong>Farbe<\/strong>: Klar, mit bernsteinfarbenen Reflexen.<br \/>\n<strong>Aroma<\/strong>: intensiver und anhaltender Apfelduft.<br \/>\n<strong>Geschmack<\/strong>: Warm und einh\u00fcllend, mit intensivem, anhaltendem und frischem Apfelgeschmack.<br \/>\n<strong>Dichte<\/strong>: ca. 1,18<br \/>\n<strong>S\u00e4uregehalt<\/strong>: 5%.<br \/>\n<strong>Reifung<\/strong>: Kurze Zeit in Holzf\u00e4ssern gereift.<br \/>\n<strong>Zutaten<\/strong>: Bio-Apfelsaftkonzentrat, Bio-Apfelsaftessig, nat\u00fcrliches Aroma<\/p>\n<\/div>\n<\/div>\n<h2><span style=\"color: #0498a0;\">Produzent Geschichte<\/span><\/h2>\n<p><span style=\"color: #808080;\"><img loading=\"lazy\" class=\"wp-image-9614 alignleft\" src=\"https:\/\/www.boncibum.com\/wp-content\/uploads\/2022\/04\/DSC00383-600x400-1-300x201.jpg\" alt=\"Terra del Tuono ist ein altes Essigwerk\" width=\"275\" height=\"184\" srcset=\"https:\/\/www.boncibum.com\/wp-content\/uploads\/2022\/04\/DSC00383-600x400-1-300x201.jpg 300w, https:\/\/www.boncibum.com\/wp-content\/uploads\/2022\/04\/DSC00383-600x400-1-150x100.jpg 150w, https:\/\/www.boncibum.com\/wp-content\/uploads\/2022\/04\/DSC00383-600x400-1-135x90.jpg 135w, https:\/\/www.boncibum.com\/wp-content\/uploads\/2022\/04\/DSC00383-600x400-1.jpg 600w\" sizes=\"(max-width: 275px) 100vw, 275px\" \/><\/span><\/p>\n<p><span style=\"color: #808080;\">Terra del Tuono ist eine alte, familiengef\u00fchrte Essigfabrik.<\/span><\/p>\n<p><span style=\"color: #808080;\">Seit 1892 stellen wir eines der authentischsten und traditionellsten Produkte unserer Region her, den Balsamico-Essig.<\/span><\/p>\n<p><span style=\"color: #808080;\">Dar\u00fcber hinaus produzieren wir echte Spezialit\u00e4ten mit Balsamico-Essig aus Modena g.g.A., sowie traditionellen Balsamico-Essig aus Reggio Emilia g.U. und verschiedene Balsamico-Dressings.<\/span><\/p>\n<p><span style=\"color: #808080;\">In der Rubrik Produkte finden Sie alle Spezialit\u00e4ten, die wir herstellen, von traditionellen bis hin zu innovativen Produkten.<\/span><\/p>\n<p><span style=\"color: #808080;\">Wenn Sie uns in der Acetaia besuchen, kann Ihnen einer unserer Experten die beste Beratung f\u00fcr Ihren Balsamico-Einkauf geben.<\/span><\/p>\n","protected":false},"excerpt":{"rendered":"<p>100% Bio-Apfelgew\u00fcrz &#8211; gr\u00fcne Version &#8211; 250 ml<\/p>\n","protected":false},"featured_media":9666,"comment_status":"open","ping_status":"closed","template":"","meta":[],"_links":{"self":[{"href":"https:\/\/www.boncibum.com\/de\/wp-json\/wp\/v2\/product\/12618"}],"collection":[{"href":"https:\/\/www.boncibum.com\/de\/wp-json\/wp\/v2\/product"}],"about":[{"href":"https:\/\/www.boncibum.com\/de\/wp-json\/wp\/v2\/types\/product"}],"replies":[{"embeddable":true,"href":"https:\/\/www.boncibum.com\/de\/wp-json\/wp\/v2\/comments?post=12618"}],"version-history":[{"count":0,"href":"https:\/\/www.boncibum.com\/de\/wp-json\/wp\/v2\/product\/12618\/revisions"}],"wp:featuredmedia":[{"embeddable":true,"href":"https:\/\/www.boncibum.com\/de\/wp-json\/wp\/v2\/media\/9666"}],"wp:attachment":[{"href":"https:\/\/www.boncibum.com\/de\/wp-json\/wp\/v2\/media?parent=12618"}],"curies":[{"name":"wp","href":"https:\/\/api.w.org\/{rel}","templated":true}]}}