{"id":12619,"date":"2022-04-07T08:30:30","date_gmt":"2022-04-07T06:30:30","guid":{"rendered":"https:\/\/www.boncibum.com\/prodotto\/bio-i-g-p-balsamico-essig-aus-modena-dichte-1-30-250-ml\/"},"modified":"2022-04-07T08:30:30","modified_gmt":"2022-04-07T06:30:30","slug":"aceto-balsamico-di-modena-i-g-p-biologico-densita-1-30-250-ml-2","status":"publish","type":"product","link":"https:\/\/www.boncibum.com\/de\/prodotto\/aceto-balsamico-di-modena-i-g-p-biologico-densita-1-30-250-ml-2\/","title":{"rendered":"Bio I.G.P. Balsamico-Essig aus Modena Dichte 1.30 &#8211; 250 ml"},"content":{"rendered":"<p><span style=\"color: #339966;\">SHIPPING<\/span>: Montag, Dienstag, Mittwoch (bis 15:00 Uhr)<br \/>\nVersandzeit: 24\/48 Stunden<\/p>\n<h4><span style=\"color: #dc9814;\">BESCHREIBUNG<\/span><\/h4>\n<p>Der Balsamico-Essig aus Modena P.G.I. aus biologischen Trauben wird ausschlie\u00dflich aus einer Mischung aus lange gekochtem Traubenmost und Weinessig aus biologischem Anbau gewonnen.<\/p>\n<p>Das Produkt reift lange Zeit in Eichenf\u00e4ssern, die ausschlie\u00dflich f\u00fcr die Lagerung von Bio-Balsamico-Essig bestimmt sind. Es handelt sich um ein vollmundiges Produkt mit einem ausgezeichneten Aroma und einem umh\u00fcllenden, anhaltenden Geschmack.<br \/>\nDie au\u00dfergew\u00f6hnlichen Eigenschaften der G\u00fcte ergeben sich auch aus der hohen Qualit\u00e4t der f\u00fcr unseren Acetaia verwendeten, ausschlie\u00dflich italienischen Trauben.<\/p>\n<p>Balsamico-Essig aus Modena I.G.P. aus biologischen Trauben eignet sich hervorragend zu delikaten Risottos und ersten G\u00e4ngen mit Fleisch- oder Gem\u00fcsesaucen.<br \/>\nEr passt am besten zu rotem und wei\u00dfem Fleisch, vor allem, wenn es nicht durchgebraten ist. Sein Beitrag ist wertvoll, um den Geschmack von mittelreifem K\u00e4se zu verbessern. Er l\u00e4sst sich dann ideal mit Desserts und Eiscreme kombinieren.<\/p>\n<p>250 ml Flasche<\/p>\n<h4><span style=\"color: #dc9814;\">FEATURES<\/span><\/h4>\n<div class=\"fusion-li-item-content\">\n<div class=\"fusion-li-item-content\">\n<p><strong>Farbe<\/strong>: Tiefschwarz.<br \/>\n<strong>Nase<\/strong>: von guter aromatischer Persistenz, mit intensiven Aromen von reifen Trauben, mit ausgepr\u00e4gten fruchtigen Noten.<br \/>\n<strong>Geschmack<\/strong>: Der Geschmack ist weich und tief, mit gutem K\u00f6rper, umh\u00fcllenden und anhaltenden Aromen.<br \/>\n<strong>Dichte<\/strong>: ca. 1,30<br \/>\n<strong>S\u00e4uregehalt<\/strong>: 6%.<br \/>\n<strong>Reifung<\/strong>: in Eichenf\u00e4ssern verfeinert<br \/>\n<strong>Zutaten<\/strong>: Gekochter Bio-Traubenmost, Bio-Weinessig. Enth\u00e4lt Sulfite.<\/p>\n<\/div>\n<\/div>\n<h2><span style=\"color: #0498a0;\">Produzent Geschichte<\/span><\/h2>\n<p><span style=\"color: #808080;\"><img loading=\"lazy\" class=\"wp-image-9614 alignleft\" src=\"https:\/\/www.boncibum.com\/wp-content\/uploads\/2022\/04\/DSC00383-600x400-1-300x201.jpg\" alt=\"Terra del Tuono ist ein altes Essigwerk\" width=\"275\" height=\"184\" srcset=\"https:\/\/www.boncibum.com\/wp-content\/uploads\/2022\/04\/DSC00383-600x400-1-300x201.jpg 300w, https:\/\/www.boncibum.com\/wp-content\/uploads\/2022\/04\/DSC00383-600x400-1-150x100.jpg 150w, https:\/\/www.boncibum.com\/wp-content\/uploads\/2022\/04\/DSC00383-600x400-1-135x90.jpg 135w, https:\/\/www.boncibum.com\/wp-content\/uploads\/2022\/04\/DSC00383-600x400-1.jpg 600w\" sizes=\"(max-width: 275px) 100vw, 275px\" \/><\/span><\/p>\n<p><span style=\"color: #808080;\">Terra del Tuono ist eine alte, familiengef\u00fchrte Essigfabrik.<\/span><\/p>\n<p><span style=\"color: #808080;\">Seit 1892 stellen wir eines der authentischsten und traditionellsten Produkte unserer Region her, den Balsamico-Essig.<\/span><\/p>\n<p><span style=\"color: #808080;\">Dar\u00fcber hinaus produzieren wir echte Spezialit\u00e4ten mit Balsamico-Essig aus Modena g.g.A., sowie traditionellen Balsamico-Essig aus Reggio Emilia g.U. und verschiedene Balsamico-Dressings.<\/span><\/p>\n<p><span style=\"color: #808080;\">In der Rubrik Produkte finden Sie alle Spezialit\u00e4ten, die wir herstellen, von traditionellen bis hin zu innovativen Produkten.<\/span><\/p>\n<p><span style=\"color: #808080;\">Wenn Sie uns in der Acetaia besuchen, kann Ihnen einer unserer Experten die beste Beratung f\u00fcr Ihren Balsamico-Einkauf geben.<\/span><\/p>\n","protected":false},"excerpt":{"rendered":"<p>Bio I.G.P. Balsamico-Essig aus Modena Dichte 1.30 &#8211; 250 ml<\/p>\n","protected":false},"featured_media":9661,"comment_status":"open","ping_status":"closed","template":"","meta":[],"_links":{"self":[{"href":"https:\/\/www.boncibum.com\/de\/wp-json\/wp\/v2\/product\/12619"}],"collection":[{"href":"https:\/\/www.boncibum.com\/de\/wp-json\/wp\/v2\/product"}],"about":[{"href":"https:\/\/www.boncibum.com\/de\/wp-json\/wp\/v2\/types\/product"}],"replies":[{"embeddable":true,"href":"https:\/\/www.boncibum.com\/de\/wp-json\/wp\/v2\/comments?post=12619"}],"version-history":[{"count":0,"href":"https:\/\/www.boncibum.com\/de\/wp-json\/wp\/v2\/product\/12619\/revisions"}],"wp:featuredmedia":[{"embeddable":true,"href":"https:\/\/www.boncibum.com\/de\/wp-json\/wp\/v2\/media\/9661"}],"wp:attachment":[{"href":"https:\/\/www.boncibum.com\/de\/wp-json\/wp\/v2\/media?parent=12619"}],"curies":[{"name":"wp","href":"https:\/\/api.w.org\/{rel}","templated":true}]}}