{"id":12620,"date":"2022-04-07T08:22:29","date_gmt":"2022-04-07T06:22:29","guid":{"rendered":"https:\/\/www.boncibum.com\/prodotto\/kugel-mit-balsamico-essig-aus-modena-g-g-a-zum-reiben-75-g\/"},"modified":"2022-04-07T08:22:29","modified_gmt":"2022-04-07T06:22:29","slug":"kugel-mit-balsamico-essig-aus-modena-igp-zu-crush-75-g","status":"publish","type":"product","link":"https:\/\/www.boncibum.com\/de\/prodotto\/kugel-mit-balsamico-essig-aus-modena-igp-zu-crush-75-g\/","title":{"rendered":"Kugel mit &#8216;Balsamico-Essig aus Modena g.g.A.&#8217; zum Reiben &#8211; 75 g"},"content":{"rendered":"<p><span style=\"color: #339966;\">SHIPPING<\/span>: Montag, Dienstag, Mittwoch (bis 15:00 Uhr)<br \/>\nVersandzeit: 24\/48 Stunden<\/p>\n<h4><span style=\"color: #dc9814;\">BESCHREIBUNG<\/span><\/h4>\n<p>Die Kugel mit &#8220;Balsamico-Essig aus Modena g.g.A.&#8221; kann nach Belieben gerieben, gemahlen oder in Scheiben geschnitten werden.<\/p>\n<p>Er passt hervorragend zu Vorspeisen und Aperitifs, ersten G\u00e4ngen, Risottos und gebackenen Nudeln.<br \/>\nEr schmeckt zu Fleisch- und Fischgerichten und passt hervorragend zu Gem\u00fcse und Salaten. Die s\u00fc\u00df-s\u00e4uerlichen Noten passen perfekt zu frischem und gereiftem K\u00e4se. Hervorragend auch auf Obst und Desserts, L\u00f6ffelbiskuits und Eiscreme.<\/p>\n<p>75 g-Glas<\/p>\n<h4><span style=\"color: #dc9814;\">FEATURES<\/span><\/h4>\n<div class=\"fusion-li-item-content\">\n<div class=\"fusion-li-item-content\">\n<p><strong>Farbe<\/strong>: Intensives Schwarz<\/p>\n<p><strong>Geruch<\/strong>: Der Duft ist wohlriechend, jung und frisch<\/p>\n<p><strong>Geschmack<\/strong>: Ausgewogen, fein, angenehm s\u00e4uerlich am Gaumen<\/p>\n<\/div>\n<\/div>\n<h2><span style=\"color: #0498a0;\">Produzent Geschichte<\/span><\/h2>\n<p><span style=\"color: #808080;\"><img loading=\"lazy\" class=\"wp-image-9614 alignleft\" src=\"https:\/\/www.boncibum.com\/wp-content\/uploads\/2022\/04\/DSC00383-600x400-1-300x201.jpg\" alt=\"Terra del Tuono ist ein altes Essigwerk\" width=\"275\" height=\"184\" srcset=\"https:\/\/www.boncibum.com\/wp-content\/uploads\/2022\/04\/DSC00383-600x400-1-300x201.jpg 300w, https:\/\/www.boncibum.com\/wp-content\/uploads\/2022\/04\/DSC00383-600x400-1-150x100.jpg 150w, https:\/\/www.boncibum.com\/wp-content\/uploads\/2022\/04\/DSC00383-600x400-1-135x90.jpg 135w, https:\/\/www.boncibum.com\/wp-content\/uploads\/2022\/04\/DSC00383-600x400-1.jpg 600w\" sizes=\"(max-width: 275px) 100vw, 275px\" \/><\/span><\/p>\n<p><span style=\"color: #808080;\">Terra del Tuono ist eine alte, familiengef\u00fchrte Essigfabrik.<\/span><\/p>\n<p><span style=\"color: #808080;\">Seit 1892 stellen wir eines der authentischsten und traditionellsten Produkte unserer Region her, den Balsamico-Essig.<\/span><\/p>\n<p><span style=\"color: #808080;\">Dar\u00fcber hinaus produzieren wir echte Spezialit\u00e4ten mit Balsamico-Essig aus Modena g.g.A., sowie traditionellen Balsamico-Essig aus Reggio Emilia g.U. und verschiedene Balsamico-Dressings.<\/span><\/p>\n<p><span style=\"color: #808080;\">In der Rubrik Produkte finden Sie alle Spezialit\u00e4ten, die wir herstellen, von traditionellen bis hin zu innovativen Produkten.<\/span><\/p>\n<p><span style=\"color: #808080;\">Wenn Sie uns in der Acetaia besuchen, kann Ihnen einer unserer Experten die beste Beratung f\u00fcr Ihren Balsamico-Einkauf geben.<\/span><\/p>\n","protected":false},"excerpt":{"rendered":"<p>Kugel mit &#8216;Balsamico-Essig aus Modena g.g.A.&#8217; zum Reiben &#8211; 75 g<\/p>\n","protected":false},"featured_media":9665,"comment_status":"open","ping_status":"closed","template":"","meta":[],"_links":{"self":[{"href":"https:\/\/www.boncibum.com\/de\/wp-json\/wp\/v2\/product\/12620"}],"collection":[{"href":"https:\/\/www.boncibum.com\/de\/wp-json\/wp\/v2\/product"}],"about":[{"href":"https:\/\/www.boncibum.com\/de\/wp-json\/wp\/v2\/types\/product"}],"replies":[{"embeddable":true,"href":"https:\/\/www.boncibum.com\/de\/wp-json\/wp\/v2\/comments?post=12620"}],"version-history":[{"count":0,"href":"https:\/\/www.boncibum.com\/de\/wp-json\/wp\/v2\/product\/12620\/revisions"}],"wp:featuredmedia":[{"embeddable":true,"href":"https:\/\/www.boncibum.com\/de\/wp-json\/wp\/v2\/media\/9665"}],"wp:attachment":[{"href":"https:\/\/www.boncibum.com\/de\/wp-json\/wp\/v2\/media?parent=12620"}],"curies":[{"name":"wp","href":"https:\/\/api.w.org\/{rel}","templated":true}]}}