{"id":12623,"date":"2022-04-07T07:54:48","date_gmt":"2022-04-07T05:54:48","guid":{"rendered":"https:\/\/www.boncibum.com\/prodotto\/balsamico-essig-g-g-a-gealtert-dichte-1-34-250-ml\/"},"modified":"2022-04-07T07:54:48","modified_gmt":"2022-04-07T05:54:48","slug":"essig-balsamico-igp-essig-gealtert-densita-1-34-250-ml","status":"publish","type":"product","link":"https:\/\/www.boncibum.com\/de\/prodotto\/essig-balsamico-igp-essig-gealtert-densita-1-34-250-ml\/","title":{"rendered":"Balsamico-Essig g.g.A. gealtert Dichte 1.34 &#8211; 250 ml"},"content":{"rendered":"<p><span style=\"color: #339966;\">SHIPPING<\/span>: Montag, Dienstag, Mittwoch (bis 15:00 Uhr)<br \/>\nVersandzeit: 24\/48 Stunden<\/p>\n<h4><span style=\"color: #dc9814;\">BESCHREIBUNG<\/span><\/h4>\n<p>Der Balsamico-Essig aus Modena I.G.P. Invecchiato wird nach der alten Methode unserer Tradition nur aus ausgew\u00e4hlten Traubenmosten gewonnen, die bei direkter Hitze gekocht und dann mit dem besten, gut gereiften Weinessig vermischt werden.<\/p>\n<p>Der Balsamico-Essig aus Modena I.G.P. Invecchiato hat eine sirupartige Konsistenz, eine dunkle, gl\u00e4nzende Farbe und einen angenehm bitters\u00fc\u00dfen, angenehm aromatischen Geschmack. Er hat eine ausgezeichnete Ausgewogenheit und eine gute Struktur. Der Geschmack ist intensiv, frisch und ausgewogen, mit einem sauberen, aromatischen und anhaltenden Abgang, der sich f\u00fcr die gesamte Mahlzeit eignet.<\/p>\n<p>Er passt auch hervorragend zu Meeresfr\u00fcchten, Reis- und Nudelgerichten. Er ist die perfekte Erg\u00e4nzung zu wei\u00dfem und rotem Fleisch und K\u00e4se, frisch oder gereift. Er passt hervorragend zu Obst, Desserts und Eiscreme.<\/p>\n<p>250 ml Flasche<\/p>\n<h4><span style=\"color: #dc9814;\">FEATURES<\/span><\/h4>\n<div class=\"fusion-li-item-content\">\n<div class=\"fusion-li-item-content\"><strong>Farbe:<\/strong> dunkelschwarz, vollmundig und konsistent.<\/div>\n<div class=\"fusion-li-item-content\"><strong>Bouquet: <\/strong>Das Bouquet ist fein und umh\u00fcllend, elegant und harmonisch, mit dem charakteristischen Aroma von reifen Trauben und hervorragend eingebundenen Tanninen.<\/div>\n<div class=\"fusion-li-item-content\"><strong>Geschmack: <\/strong> Der Geschmack ist voll und anhaltend, gro\u00dfz\u00fcgig und tendenziell weich, reich an Aroma und mit bemerkenswerter Geschmacksausdauer.<\/div>\n<div class=\"fusion-li-item-content\"><strong>Dichte:<\/strong> ca. 1,34<\/div>\n<div class=\"fusion-li-item-content\"><strong>S\u00e4uregehalt:<\/strong> 6%.<\/div>\n<div class=\"fusion-li-item-content\"><strong>Reifung:<\/strong> langfristig, in edlen Eichenf\u00e4ssern<\/div>\n<div class=\"fusion-li-item-content\"><strong>Zutaten:<\/strong> Gekochter Most, Weinessig. Hergestellt aus hochwertigem, 100% nat\u00fcrlichem italienischen Traubenmost. Es enth\u00e4lt keine Farbstoffe, Verdickungsmittel, Konservierungsmittel oder Karamell.  <strong>Enth\u00e4lt Sulfite.<\/strong><\/div>\n<\/div>\n<h2><span style=\"color: #0498a0;\">Produzent Geschichte<\/span><\/h2>\n<p><span style=\"color: #808080;\"><img loading=\"lazy\" class=\"wp-image-9614 alignleft\" src=\"https:\/\/www.boncibum.com\/wp-content\/uploads\/2022\/04\/DSC00383-600x400-1-300x201.jpg\" alt=\"Terra del Tuono ist ein altes Essigwerk\" width=\"275\" height=\"184\" srcset=\"https:\/\/www.boncibum.com\/wp-content\/uploads\/2022\/04\/DSC00383-600x400-1-300x201.jpg 300w, https:\/\/www.boncibum.com\/wp-content\/uploads\/2022\/04\/DSC00383-600x400-1-150x100.jpg 150w, https:\/\/www.boncibum.com\/wp-content\/uploads\/2022\/04\/DSC00383-600x400-1-135x90.jpg 135w, https:\/\/www.boncibum.com\/wp-content\/uploads\/2022\/04\/DSC00383-600x400-1.jpg 600w\" sizes=\"(max-width: 275px) 100vw, 275px\" \/><\/span><\/p>\n<p><span style=\"color: #808080;\">Terra del Tuono ist eine alte, familiengef\u00fchrte Essigfabrik.<\/span><\/p>\n<p><span style=\"color: #808080;\">Seit 1892 stellen wir eines der authentischsten und traditionellsten Produkte unserer Region her, den Balsamico-Essig.<\/span><\/p>\n<p><span style=\"color: #808080;\">Dar\u00fcber hinaus produzieren wir echte Spezialit\u00e4ten mit Balsamico-Essig aus Modena g.g.A., sowie traditionellen Balsamico-Essig aus Reggio Emilia g.U. und verschiedene Balsamico-Dressings.<\/span><\/p>\n<p><span style=\"color: #808080;\">In der Rubrik Produkte finden Sie alle Spezialit\u00e4ten, die wir herstellen, von traditionellen bis hin zu innovativen Produkten.<\/span><\/p>\n<p><span style=\"color: #808080;\">Wenn Sie uns in der Acetaia besuchen, kann Ihnen einer unserer Experten die beste Beratung f\u00fcr Ihren Balsamico-Einkauf geben.<\/span><\/p>\n","protected":false},"excerpt":{"rendered":"<p>Balsamico-Essig g.g.A. gealtert Dichte 1.34 &#8211; 250 ml<\/p>\n","protected":false},"featured_media":9662,"comment_status":"open","ping_status":"closed","template":"","meta":[],"_links":{"self":[{"href":"https:\/\/www.boncibum.com\/de\/wp-json\/wp\/v2\/product\/12623"}],"collection":[{"href":"https:\/\/www.boncibum.com\/de\/wp-json\/wp\/v2\/product"}],"about":[{"href":"https:\/\/www.boncibum.com\/de\/wp-json\/wp\/v2\/types\/product"}],"replies":[{"embeddable":true,"href":"https:\/\/www.boncibum.com\/de\/wp-json\/wp\/v2\/comments?post=12623"}],"version-history":[{"count":0,"href":"https:\/\/www.boncibum.com\/de\/wp-json\/wp\/v2\/product\/12623\/revisions"}],"wp:featuredmedia":[{"embeddable":true,"href":"https:\/\/www.boncibum.com\/de\/wp-json\/wp\/v2\/media\/9662"}],"wp:attachment":[{"href":"https:\/\/www.boncibum.com\/de\/wp-json\/wp\/v2\/media?parent=12623"}],"curies":[{"name":"wp","href":"https:\/\/api.w.org\/{rel}","templated":true}]}}