{"id":12632,"date":"2022-04-06T22:00:44","date_gmt":"2022-04-06T20:00:44","guid":{"rendered":"https:\/\/www.boncibum.com\/prodotto\/mediterranes-dressing-mit-balsamico-essig-aus-modena-g-g-a-100-ml\/"},"modified":"2022-10-01T02:10:40","modified_gmt":"2022-10-01T00:10:40","slug":"gewurz-mediterran-mit-balsamico-essig-aus-modena-igp-100-ml","status":"publish","type":"product","link":"https:\/\/www.boncibum.com\/de\/prodotto\/gewurz-mediterran-mit-balsamico-essig-aus-modena-igp-100-ml\/","title":{"rendered":"Mediterranes Dressing mit &#8216;Balsamico-Essig aus Modena g.g.A.&#8217; &#8211; 100 ml"},"content":{"rendered":"<p><span style=\"color: #339966;\">SHIPPING<\/span>: Montag, Dienstag, Mittwoch (bis 15:00 Uhr)<br \/>\nVersandzeit: 24\/48 Stunden<\/p>\n<h4><span style=\"color: #dc9814;\">BESCHREIBUNG<\/span><\/h4>\n<p>Unser Balsamico-Essig aus Modena g.g.A. verbindet sich mit den k\u00f6stlichen Noten und D\u00fcften von mediterranen Kr\u00e4utern, Tomaten und Rosmarin zu diesem schmackhaften Elixier.<\/p>\n<p>Er passt hervorragend zu Salaten, Braten, rotem Fleisch und reifem K\u00e4se, ist die perfekte Erg\u00e4nzung zu frischem Caprese oder w\u00fcrzt eine H\u00e4hnchen-Tagliata auf leichte und schmackhafte Weise.<\/p>\n<p>100 ml Flasche.<\/p>\n<h4><span style=\"color: #dc9814;\">FEATURES<\/span><\/h4>\n<p><strong>Farbe<\/strong>: gl\u00e4nzend schwarz, typisch f\u00fcr Balsamico-Essig aus Modena g.g.A.<br \/>\n<strong>Geruch<\/strong>: hat einen intensiven Duft nach mediterranen Kr\u00e4utern<br \/>\n<strong>Geschmack<\/strong>: intensiver Geschmack, fruchtig, angenehm s\u00fc\u00df und sauer, mit langem Nachklang<br \/>\n<strong>Dichte<\/strong>: ca. 1,30<br \/>\n<strong>Zutaten<\/strong>: gekochter Traubenmost, Weinessig, Balsamico-Essig aus Modena g.g.A. (gekochter Traubenmost, Weinessig) 10%, Tomatenkonzentrat, Rosmarinkonzentrat, Salz, Aromen. Enth\u00e4lt Sulfite.<\/p>\n<h2><span style=\"color: #0498a0;\">Produzent Geschichte<\/span><\/h2>\n<p><span style=\"color: #808080;\"><img loading=\"lazy\" class=\"wp-image-9614 alignleft\" src=\"https:\/\/www.boncibum.com\/wp-content\/uploads\/2022\/04\/DSC00383-600x400-1-300x201.jpg\" alt=\"Terra del Tuono ist ein altes Essigwerk\" width=\"275\" height=\"184\" srcset=\"https:\/\/www.boncibum.com\/wp-content\/uploads\/2022\/04\/DSC00383-600x400-1-300x201.jpg 300w, https:\/\/www.boncibum.com\/wp-content\/uploads\/2022\/04\/DSC00383-600x400-1-150x100.jpg 150w, https:\/\/www.boncibum.com\/wp-content\/uploads\/2022\/04\/DSC00383-600x400-1-135x90.jpg 135w, https:\/\/www.boncibum.com\/wp-content\/uploads\/2022\/04\/DSC00383-600x400-1.jpg 600w\" sizes=\"(max-width: 275px) 100vw, 275px\" \/><\/span><\/p>\n<p><span style=\"color: #808080;\">Terra del Tuono ist eine alte, familiengef\u00fchrte Essigfabrik.<\/span><\/p>\n<p><span style=\"color: #808080;\">Seit 1892 stellen wir eines der authentischsten und traditionellsten Produkte unserer Region her, den Balsamico-Essig.<\/span><\/p>\n<p><span style=\"color: #808080;\">Dar\u00fcber hinaus produzieren wir echte Spezialit\u00e4ten mit Balsamico-Essig aus Modena g.g.A., sowie traditionellen Balsamico-Essig aus Reggio Emilia g.U. und verschiedene Balsamico-Dressings.<\/span><\/p>\n<p><span style=\"color: #808080;\">In der Rubrik Produkte finden Sie alle Spezialit\u00e4ten, die wir herstellen, von traditionellen bis hin zu innovativen Produkten.<\/span><\/p>\n<p><span style=\"color: #808080;\">Wenn Sie uns in der Acetaia besuchen, kann Ihnen einer unserer Experten die beste Beratung f\u00fcr Ihren Balsamico-Einkauf geben.<\/span><\/p>\n","protected":false},"excerpt":{"rendered":"<p>Mediterranes Dressing mit &#8216;Balsamico-Essig aus Modena g.g.A.&#8217; &#8211; 100 ML<\/p>\n","protected":false},"featured_media":9651,"comment_status":"open","ping_status":"closed","template":"","meta":[],"_links":{"self":[{"href":"https:\/\/www.boncibum.com\/de\/wp-json\/wp\/v2\/product\/12632"}],"collection":[{"href":"https:\/\/www.boncibum.com\/de\/wp-json\/wp\/v2\/product"}],"about":[{"href":"https:\/\/www.boncibum.com\/de\/wp-json\/wp\/v2\/types\/product"}],"replies":[{"embeddable":true,"href":"https:\/\/www.boncibum.com\/de\/wp-json\/wp\/v2\/comments?post=12632"}],"version-history":[{"count":1,"href":"https:\/\/www.boncibum.com\/de\/wp-json\/wp\/v2\/product\/12632\/revisions"}],"predecessor-version":[{"id":13911,"href":"https:\/\/www.boncibum.com\/de\/wp-json\/wp\/v2\/product\/12632\/revisions\/13911"}],"wp:featuredmedia":[{"embeddable":true,"href":"https:\/\/www.boncibum.com\/de\/wp-json\/wp\/v2\/media\/9651"}],"wp:attachment":[{"href":"https:\/\/www.boncibum.com\/de\/wp-json\/wp\/v2\/media?parent=12632"}],"curies":[{"name":"wp","href":"https:\/\/api.w.org\/{rel}","templated":true}]}}