{"id":12634,"date":"2022-04-06T21:48:40","date_gmt":"2022-04-06T19:48:40","guid":{"rendered":"https:\/\/www.boncibum.com\/prodotto\/traditionelles-balsamico-gewuerz-aus-reggio-emilia-gruenes-etikett-linie-3-100-ml\/"},"modified":"2022-04-06T21:48:40","modified_gmt":"2022-04-06T19:48:40","slug":"alter-condimento-balsamico-von-reggio-emilia-tradition-etikett-grun-linie-3-100-ml","status":"publish","type":"product","link":"https:\/\/www.boncibum.com\/de\/prodotto\/alter-condimento-balsamico-von-reggio-emilia-tradition-etikett-grun-linie-3-100-ml\/","title":{"rendered":"Traditionelles Balsamico-Gew\u00fcrz aus Reggio Emilia gr\u00fcnes Etikett Linie 3 &#8211; 100 ml"},"content":{"rendered":"<p><span style=\"color: #339966;\">SHIPPING<\/span>: Montag, Dienstag, Mittwoch (bis 15:00 Uhr)<br \/>\nVersandzeit: 24\/48 Stunden<\/p>\n<h4><span style=\"color: #dc9814;\">BESCHREIBUNG<\/span><\/h4>\n<p>Das Gew\u00fcrz Agrodolce Terra del Tuono &#8211; 3 zeichnet sich durch einen leichten und frischen Geschmack aus, setzt eine ausgepr\u00e4gte fl\u00fcchtige S\u00e4ure frei und hat einen leicht aggressiven Geschmack am Gaumen. Agrodolce Terra del Tuono Condiment &#8211; 3 ist das j\u00fcngste und am wenigsten verfeinerte Produkt unseres Unternehmens.<\/p>\n<p>Er hat ein kr\u00e4ftiges Aroma und einen guten S\u00e4uregehalt und wird zur Verfeinerung von Carpaccio, Pinzimoni und frischen Salaten verwendet. Er kann am Ende des Kochvorgangs hinzugef\u00fcgt werden, um Meeresfr\u00fcchte, Lammkoteletts, H\u00fchnerbrust und rotes Fleisch zu w\u00fcrzen. Hervorragend zu Vorspeisen und H\u00e4ppchen, passt er gut zu allen wei\u00dfen Fleischsorten.<\/p>\n<p><strong>Farbe:<\/strong> schwarz mit granatroten Reflexen.<br \/>\n<strong>Nase<\/strong>: intensiv, mit einer leichten s\u00e4uerlichen Ader, gro\u00dfer Intensit\u00e4t und angenehm aggressivem Nachhall.<br \/>\n<strong>Geschmack<\/strong>: vollmundig, mit intensivem, harmonischem Geschmack, guter S\u00e4ure und anhaltender Tanninstruktur.<br \/>\n<strong>Dichte<\/strong>: ca. 1,30<br \/>\n<strong>Reifung<\/strong>: traditionelle Art, mit j\u00e4hrlicher Umf\u00fcllung in kleine F\u00e4sser aus verschiedenen Edelh\u00f6lzern<br \/>\n<strong>Zutaten<\/strong>: Gekochter Most aus zertifizierten italienischen Trauben, nach alter Tradition in Eichen-, Kastanien-, Kirsch-, Maulbeer- und Wacholderf\u00e4ssern gereift. Ein hochwertiges, 100 % nat\u00fcrliches, handgefertigtes Produkt, das keine Farbstoffe, Verdickungsmittel, Konservierungsmittel oder Karamell enth\u00e4lt.<br \/>\n100 ml Flasche.<\/p>\n<h4><span style=\"color: #dc9814;\">FEATURES<\/span><\/h4>\n<p><strong>Farbe<\/strong>: schwarz, mit sehr intensiven bernsteinfarbenen Reflexen.<br \/>\n<strong>Bouquet<\/strong>: Intensives Aroma mit reifen Noten und angenehmen, frischen D\u00fcften.<br \/>\n<strong>Geschmack<\/strong>: vollmundig, ausgewogen und sehr geschmeidig. Der Geschmack ist sauber, fein und elegant.<br \/>\n<strong>Dichte<\/strong>: ca. 1,30<br \/>\n<strong>Reifung<\/strong>: traditionelle Art, mit j\u00e4hrlicher Umf\u00fcllung in kleine F\u00e4sser aus verschiedenen Edelh\u00f6lzern<br \/>\n<strong>Zutaten<\/strong>: gekochter Most aus italienischen Trauben, s\u00e4urehaltiger italienischer Traubenmost, nach alter Tradition in Eichen-, Kastanien-, Kirsch-, Maulbeer- und Wacholderf\u00e4ssern gereift. Ein hochwertiges, 100 % nat\u00fcrliches, handgefertigtes Produkt, das keine Farbstoffe, Verdickungsmittel, Konservierungsmittel oder Karamell enth\u00e4lt.<\/p>\n<h2><span style=\"color: #0498a0;\">Produzent Geschichte<\/span><\/h2>\n<p><span style=\"color: #808080;\"><img loading=\"lazy\" class=\"wp-image-9614 alignleft\" src=\"https:\/\/www.boncibum.com\/wp-content\/uploads\/2022\/04\/DSC00383-600x400-1-300x201.jpg\" alt=\"Terra del Tuono ist ein altes Essigwerk\" width=\"275\" height=\"184\" srcset=\"https:\/\/www.boncibum.com\/wp-content\/uploads\/2022\/04\/DSC00383-600x400-1-300x201.jpg 300w, https:\/\/www.boncibum.com\/wp-content\/uploads\/2022\/04\/DSC00383-600x400-1-150x100.jpg 150w, https:\/\/www.boncibum.com\/wp-content\/uploads\/2022\/04\/DSC00383-600x400-1-135x90.jpg 135w, https:\/\/www.boncibum.com\/wp-content\/uploads\/2022\/04\/DSC00383-600x400-1.jpg 600w\" sizes=\"(max-width: 275px) 100vw, 275px\" \/><\/span><\/p>\n<p><span style=\"color: #808080;\">Terra del Tuono ist eine alte, familiengef\u00fchrte Essigfabrik.<\/span><\/p>\n<p><span style=\"color: #808080;\">Seit 1892 stellen wir eines der authentischsten und traditionellsten Produkte unserer Region her, den Balsamico-Essig.<\/span><\/p>\n<p><span style=\"color: #808080;\">Dar\u00fcber hinaus produzieren wir echte Spezialit\u00e4ten mit Balsamico-Essig aus Modena g.g.A., sowie traditionellen Balsamico-Essig aus Reggio Emilia g.U. und verschiedene Balsamico-Dressings.<\/span><\/p>\n<p><span style=\"color: #808080;\">In der Rubrik Produkte finden Sie alle Spezialit\u00e4ten, die wir herstellen, von traditionellen bis hin zu innovativen Produkten.<\/span><\/p>\n<p><span style=\"color: #808080;\">Wenn Sie uns in der Acetaia besuchen, kann Ihnen einer unserer Experten die beste Beratung f\u00fcr Ihren Balsamico-Einkauf geben.<\/span><\/p>\n","protected":false},"excerpt":{"rendered":"<p>Antikes balsamisches Gew\u00fcrz aus der Tradition von Reggio Emilia, gr\u00fcne Linie 3 &#8211; 100 ml<\/p>\n","protected":false},"featured_media":9649,"comment_status":"open","ping_status":"closed","template":"","meta":[],"_links":{"self":[{"href":"https:\/\/www.boncibum.com\/de\/wp-json\/wp\/v2\/product\/12634"}],"collection":[{"href":"https:\/\/www.boncibum.com\/de\/wp-json\/wp\/v2\/product"}],"about":[{"href":"https:\/\/www.boncibum.com\/de\/wp-json\/wp\/v2\/types\/product"}],"replies":[{"embeddable":true,"href":"https:\/\/www.boncibum.com\/de\/wp-json\/wp\/v2\/comments?post=12634"}],"version-history":[{"count":0,"href":"https:\/\/www.boncibum.com\/de\/wp-json\/wp\/v2\/product\/12634\/revisions"}],"wp:featuredmedia":[{"embeddable":true,"href":"https:\/\/www.boncibum.com\/de\/wp-json\/wp\/v2\/media\/9649"}],"wp:attachment":[{"href":"https:\/\/www.boncibum.com\/de\/wp-json\/wp\/v2\/media?parent=12634"}],"curies":[{"name":"wp","href":"https:\/\/api.w.org\/{rel}","templated":true}]}}