{"id":12640,"date":"2022-04-06T19:44:02","date_gmt":"2022-04-06T17:44:02","guid":{"rendered":"https:\/\/www.boncibum.com\/prodotto\/100-craft-bier-essig-ipa-version-100-ml\/"},"modified":"2022-04-06T19:44:02","modified_gmt":"2022-04-06T17:44:02","slug":"vinegar-100-beer-version-ipa-100-ml","status":"publish","type":"product","link":"https:\/\/www.boncibum.com\/de\/prodotto\/vinegar-100-beer-version-ipa-100-ml\/","title":{"rendered":"100% Craft-Bier-Essig &#8211; IPA-Version &#8211; 100 ml"},"content":{"rendered":"<p><strong><span style=\"color: #339966;\">SHIPPING<\/span><\/strong>Montag, Dienstag, Mittwoch (vor 15:00 Uhr)<br \/>\nVersandzeit: 24\/48 Stunden<\/p>\n<h4><span style=\"color: #dc9814;\">BESCHREIBUNG<\/span><\/h4>\n<p>Der erste 100%ige Bieressig, hergestellt aus hochwertigem italienischem Craft Beer vom Typ IPA, mit angenehmen krautigen und fruchtigen Noten.<\/p>\n<p>Es ist ein \u00e4u\u00dferst innovatives, einfach zu verwendendes Produkt mit einem k\u00f6stlichen Biergeschmack und einem angenehmen S\u00e4uregrad.<\/p>\n<p>Er passt hervorragend zu Vorspeisen und Aperitifs sowie zu Salaten und Gem\u00fcse, frisch oder gegrillt.<br \/>\nK\u00f6stlich zu Fleisch-, Fisch- und Meeresfr\u00fcchtegerichten.<\/p>\n<p>100 ml Flasche.<\/p>\n<h4><span style=\"color: #dc9814;\">FEATURES<\/span><\/h4>\n<p><strong>Farbe<\/strong>: Golden, mit <strong>strohfarbenen<\/strong> Reflexen<br \/>\n<strong>Geruch<\/strong>: Intensives und angenehmes Bieraroma<br \/>\n<strong>Geschmack<\/strong>: Intensiv, angenehm s\u00e4uerlich, harmonisch, mit deutlichen IPA-Biernoten<br \/>\n<strong>Dichte<\/strong>: ca. 1,03<br \/>\n<strong>S\u00e4uregehalt<\/strong>: 5,5%.<br \/>\n<strong>Zutaten<\/strong>: Craft Beer (Wasser, Gerstenmalz, Hopfen und Hefe). Ungefiltertes Produkt, kann zu nat\u00fcrlichen Ablagerungen f\u00fchren.<\/p>\n<h2><span style=\"color: #0498a0;\">Produzent Geschichte<\/span><\/h2>\n<p><span style=\"color: #808080;\"><img loading=\"lazy\" class=\"wp-image-9614 alignleft\" src=\"https:\/\/www.boncibum.com\/wp-content\/uploads\/2022\/04\/DSC00383-600x400-1-300x201.jpg\" alt=\"Terra del Tuono ist ein altes Essigwerk\" width=\"275\" height=\"184\" srcset=\"https:\/\/www.boncibum.com\/wp-content\/uploads\/2022\/04\/DSC00383-600x400-1-300x201.jpg 300w, https:\/\/www.boncibum.com\/wp-content\/uploads\/2022\/04\/DSC00383-600x400-1-150x100.jpg 150w, https:\/\/www.boncibum.com\/wp-content\/uploads\/2022\/04\/DSC00383-600x400-1-135x90.jpg 135w, https:\/\/www.boncibum.com\/wp-content\/uploads\/2022\/04\/DSC00383-600x400-1.jpg 600w\" sizes=\"(max-width: 275px) 100vw, 275px\" \/><\/span><\/p>\n<p><span style=\"color: #808080;\">Terra del Tuono ist eine alte, familiengef\u00fchrte Essigfabrik.<\/span><\/p>\n<p><span style=\"color: #808080;\">Seit 1892 stellen wir eines der authentischsten und traditionellsten Produkte unserer Region her, den Balsamico-Essig.<\/span><\/p>\n<p><span style=\"color: #808080;\">Dar\u00fcber hinaus produzieren wir echte Spezialit\u00e4ten mit Balsamico-Essig aus Modena g.g.A., sowie traditionellen Balsamico-Essig aus Reggio Emilia g.U. und verschiedene Balsamico-Dressings.<\/span><\/p>\n<p><span style=\"color: #808080;\">In der Rubrik Produkte finden Sie alle Spezialit\u00e4ten, die wir herstellen, von traditionellen bis hin zu innovativen Produkten.<\/span><\/p>\n<p><span style=\"color: #808080;\">Wenn Sie uns in der Acetaia besuchen, kann Ihnen einer unserer Experten die beste Beratung f\u00fcr Ihren Balsamico-Einkauf geben.<\/span><\/p>\n","protected":false},"excerpt":{"rendered":"<p>100% Craft Bier Essig &#8211; IPA Version &#8211; 100 ML<\/p>\n","protected":false},"featured_media":9642,"comment_status":"open","ping_status":"closed","template":"","meta":[],"_links":{"self":[{"href":"https:\/\/www.boncibum.com\/de\/wp-json\/wp\/v2\/product\/12640"}],"collection":[{"href":"https:\/\/www.boncibum.com\/de\/wp-json\/wp\/v2\/product"}],"about":[{"href":"https:\/\/www.boncibum.com\/de\/wp-json\/wp\/v2\/types\/product"}],"replies":[{"embeddable":true,"href":"https:\/\/www.boncibum.com\/de\/wp-json\/wp\/v2\/comments?post=12640"}],"version-history":[{"count":0,"href":"https:\/\/www.boncibum.com\/de\/wp-json\/wp\/v2\/product\/12640\/revisions"}],"wp:featuredmedia":[{"embeddable":true,"href":"https:\/\/www.boncibum.com\/de\/wp-json\/wp\/v2\/media\/9642"}],"wp:attachment":[{"href":"https:\/\/www.boncibum.com\/de\/wp-json\/wp\/v2\/media?parent=12640"}],"curies":[{"name":"wp","href":"https:\/\/api.w.org\/{rel}","templated":true}]}}