{"id":12642,"date":"2022-04-06T19:25:56","date_gmt":"2022-04-06T17:25:56","guid":{"rendered":"https:\/\/www.boncibum.com\/prodotto\/balsamico-essig-aus-modena-i-g-p-dichte-125-silberlinie-250-ml\/"},"modified":"2022-11-06T21:28:13","modified_gmt":"2022-11-06T20:28:13","slug":"aceto-balsamico-di-modena-i-g-p-densita-1-25-linea-silver-250-ml","status":"publish","type":"product","link":"https:\/\/www.boncibum.com\/de\/prodotto\/aceto-balsamico-di-modena-i-g-p-densita-1-25-linea-silver-250-ml\/","title":{"rendered":"Balsamico-Essig aus Modena I.G.P. Dichte 1,25 &#8211; Silberlinie 250 ml"},"content":{"rendered":"<p><strong><span style=\"color: #339966;\">SHIPPING<\/span><\/strong>Montag, Dienstag, Mittwoch (vor 15:00 Uhr)<br \/>\nVersandzeit: 24\/48 Stunden<\/p>\n<h4><span style=\"color: #dc9814;\">BESCHREIBUNG<\/span><\/h4>\n<p>Der Balsamico-Essig aus Modena I.G.P. Terra del Tuono Silver Line zeichnet sich durch einen leichten und frischen Geschmack aus, der eine ausgepr\u00e4gte fl\u00fcchtige S\u00e4ure freisetzt und einen leicht aggressiven Geschmack am Gaumen hinterl\u00e4sst.<\/p>\n<p>Er hat ein kr\u00e4ftiges Aroma und einen guten S\u00e4uregehalt und wird zur Verfeinerung von Carpaccio, Pinzimoni und frischen Salaten verwendet.<br \/>\nEr kann am Ende des Kochvorgangs hinzugef\u00fcgt werden, um Schalentiergerichte, Lammkoteletts, H\u00fchnerbr\u00fcste und mageres rotes Fleisch zu w\u00fcrzen.<br \/>\nEs eignet sich f\u00fcr die Zubereitung von Kochs\u00e4ften f\u00fcr Wild und Hoftiere. Hervorragend zu Vorspeisen und H\u00e4ppchen, passt er gut zu allen wei\u00dfen Fleischsorten.<\/p>\n<h4><span style=\"color: #dc9814;\">FEATURES<\/span><\/h4>\n<p><strong>Farbe<\/strong>: Tiefschwarz<br \/>\n<strong>Nase<\/strong>: intensiv, mit einer leichten s\u00e4uerlichen Ader, gro\u00dfer Intensit\u00e4t und angenehm aggressivem Nachhall.<br \/>\n<strong>Geschmack<\/strong>: vollmundig, mit intensivem, harmonischem Geschmack, guter S\u00e4ure und anhaltender Tanninstruktur.<br \/>\n<strong>Dichte<\/strong>: ca. 1,25<br \/>\n<strong>S\u00e4uregehalt<\/strong>: 6%.<br \/>\n<strong>Reifung<\/strong>: langfristig, in edlen Eichenf\u00e4ssern<br \/>\n<strong>Zutaten<\/strong>: Gekochter Traubenmost, Weinessig. Enth\u00e4lt Sulfite.<\/p>\n<h2><span style=\"color: #0498a0;\">Produzent Geschichte<\/span><\/h2>\n<p><span style=\"color: #808080;\"><img loading=\"lazy\" class=\"wp-image-9614 alignleft\" src=\"https:\/\/www.boncibum.com\/wp-content\/uploads\/2022\/04\/DSC00383-600x400-1-300x201.jpg\" alt=\"Terra del Tuono ist ein altes Essigwerk\" width=\"275\" height=\"184\" srcset=\"https:\/\/www.boncibum.com\/wp-content\/uploads\/2022\/04\/DSC00383-600x400-1-300x201.jpg 300w, https:\/\/www.boncibum.com\/wp-content\/uploads\/2022\/04\/DSC00383-600x400-1-150x100.jpg 150w, https:\/\/www.boncibum.com\/wp-content\/uploads\/2022\/04\/DSC00383-600x400-1-135x90.jpg 135w, https:\/\/www.boncibum.com\/wp-content\/uploads\/2022\/04\/DSC00383-600x400-1.jpg 600w\" sizes=\"(max-width: 275px) 100vw, 275px\" \/><\/span><\/p>\n<p><span style=\"color: #808080;\">Terra del Tuono ist eine alte, familiengef\u00fchrte Essigfabrik.<\/span><\/p>\n<p><span style=\"color: #808080;\">Seit 1892 stellen wir eines der authentischsten und traditionellsten Produkte unserer Region her, den Balsamico-Essig.<\/span><\/p>\n<p><span style=\"color: #808080;\">Dar\u00fcber hinaus produzieren wir echte Spezialit\u00e4ten mit Balsamico-Essig aus Modena g.g.A., sowie traditionellen Balsamico-Essig aus Reggio Emilia g.U. und verschiedene Balsamico-Dressings.<\/span><\/p>\n<p><span style=\"color: #808080;\">In der Rubrik Produkte finden Sie alle Spezialit\u00e4ten, die wir herstellen, von traditionellen bis hin zu innovativen Produkten.<\/span><\/p>\n<p><span style=\"color: #808080;\">Wenn Sie uns in der Acetaia besuchen, kann Ihnen einer unserer Experten die beste Beratung f\u00fcr Ihren Balsamico-Einkauf geben.<\/span><\/p>\n","protected":false},"excerpt":{"rendered":"<p>Balsamico-Essig von Modena I.G.P. Dichte 1,25 &#8211; Silber Linie 250 ML<\/p>\n","protected":false},"featured_media":9640,"comment_status":"open","ping_status":"closed","template":"","meta":[],"_links":{"self":[{"href":"https:\/\/www.boncibum.com\/de\/wp-json\/wp\/v2\/product\/12642"}],"collection":[{"href":"https:\/\/www.boncibum.com\/de\/wp-json\/wp\/v2\/product"}],"about":[{"href":"https:\/\/www.boncibum.com\/de\/wp-json\/wp\/v2\/types\/product"}],"replies":[{"embeddable":true,"href":"https:\/\/www.boncibum.com\/de\/wp-json\/wp\/v2\/comments?post=12642"}],"version-history":[{"count":1,"href":"https:\/\/www.boncibum.com\/de\/wp-json\/wp\/v2\/product\/12642\/revisions"}],"predecessor-version":[{"id":16359,"href":"https:\/\/www.boncibum.com\/de\/wp-json\/wp\/v2\/product\/12642\/revisions\/16359"}],"wp:featuredmedia":[{"embeddable":true,"href":"https:\/\/www.boncibum.com\/de\/wp-json\/wp\/v2\/media\/9640"}],"wp:attachment":[{"href":"https:\/\/www.boncibum.com\/de\/wp-json\/wp\/v2\/media?parent=12642"}],"curies":[{"name":"wp","href":"https:\/\/api.w.org\/{rel}","templated":true}]}}