{"id":12643,"date":"2022-04-06T19:19:49","date_gmt":"2022-04-06T17:19:49","guid":{"rendered":"https:\/\/www.boncibum.com\/prodotto\/geschenkpackung-balsamico-herz-perlen-kugel\/"},"modified":"2022-04-06T19:19:49","modified_gmt":"2022-04-06T17:19:49","slug":"geschenkverpackung-herz-balsamico-perlen-perle","status":"publish","type":"product","link":"https:\/\/www.boncibum.com\/de\/prodotto\/geschenkverpackung-herz-balsamico-perlen-perle\/","title":{"rendered":"Geschenkpackung Balsamico-Herz, Perlen, Kugel"},"content":{"rendered":"<p><strong><span style=\"color: #339966;\">SHIPPING<\/span><\/strong>Montag, Dienstag, Mittwoch (vor 15:00 Uhr)<br \/>\nVersandzeit: 24\/48 Stunden<\/p>\n<h4><span style=\"color: #dc9814;\">BESCHREIBUNG<\/span><\/h4>\n<p>Die elegante Cuore Balsamico-Geschenkbox ist die perfekte Kombination aus Tradition und Innovation. Im Inneren befinden sich n\u00e4mlich neben unserem feinen Balsamico-Essig aus Modena g.g.A. auch unsere eleganten Balsamico-Perlen und unsere einzigartige und innovative Balsamico-Essig aus Modena g.g.A. Reibekugel.<\/p>\n<p>Das perfekte Geschenk f\u00fcr alle, die Traditionen lieben, aber nicht auf einen modernen und raffinierten Touch verzichten wollen!<\/p>\n<p>Enth\u00e4lt eine 250-ml-Flasche Balsamico-Essig aus Modena g.g.A., ein 50-g-Glas mit Perlen, eine 75-g-Kugel.<\/p>\n<h4><span style=\"color: #dc9814;\">FEATURES<\/span><\/h4>\n<p><strong>Inhalt der Packung<\/strong>: Balsamico-Essig aus Modena g.g.A. &#8211; Dichte 1,34 (250 ml), Perlen mit Balsamico-Essig aus Modena g.g.A. (50 g) und Kugel mit Balsamico-Essig aus Modena zum Reiben (75 g).<\/p>\n<p><strong>Zutaten Balsamico-Essig aus Modena g.g.A<\/strong>.: Gekochter Most, Weinessig. Hergestellt aus hochwertigem, 100% nat\u00fcrlichem italienischen Traubenmost. Es enth\u00e4lt keine Farbstoffe, Verdickungsmittel, Konservierungsmittel oder Karamell. Enth\u00e4lt Sulfite.<\/p>\n<p><strong>Zutaten Perlen mit Balsamico-Essig aus Modena g.g.A.<\/strong>: Gekochter Traubenmost, Weinessig, Balsamico-Essig aus Modena g.g.A. (gekochter Traubenmost, Weinessig) 10% Wasser, Verdickungsmittel: Cellulosegummi, Geliermittel: Calciumchlorid, Natriumalginat. Enth\u00e4lt Sulfite.<\/p>\n<p><strong>Zutaten Balsamico-Essig Reiben<\/strong>: Balsamico-Essig aus Modena g.g.A. 93% (gekochter Traubenmost, Weinessig), nat\u00fcrliches Verdickungsmittel: Agar-Agar. Enth\u00e4lt Sulfite.<\/p>\n<h2><span style=\"color: #0498a0;\">Produzent Geschichte<\/span><\/h2>\n<p><span style=\"color: #808080;\"><img loading=\"lazy\" class=\"wp-image-9614 alignleft\" src=\"https:\/\/www.boncibum.com\/wp-content\/uploads\/2022\/04\/DSC00383-600x400-1-300x201.jpg\" alt=\"Terra del Tuono ist ein altes Essigwerk\" width=\"275\" height=\"184\" srcset=\"https:\/\/www.boncibum.com\/wp-content\/uploads\/2022\/04\/DSC00383-600x400-1-300x201.jpg 300w, https:\/\/www.boncibum.com\/wp-content\/uploads\/2022\/04\/DSC00383-600x400-1-150x100.jpg 150w, https:\/\/www.boncibum.com\/wp-content\/uploads\/2022\/04\/DSC00383-600x400-1-135x90.jpg 135w, https:\/\/www.boncibum.com\/wp-content\/uploads\/2022\/04\/DSC00383-600x400-1.jpg 600w\" sizes=\"(max-width: 275px) 100vw, 275px\" \/><\/span><\/p>\n<p><span style=\"color: #808080;\">Terra del Tuono ist eine alte, familiengef\u00fchrte Essigfabrik.<\/span><\/p>\n<p><span style=\"color: #808080;\">Seit 1892 stellen wir eines der authentischsten und traditionellsten Produkte unserer Region her, den Balsamico-Essig.<\/span><\/p>\n<p><span style=\"color: #808080;\">Dar\u00fcber hinaus produzieren wir echte Spezialit\u00e4ten mit Balsamico-Essig aus Modena g.g.A., sowie traditionellen Balsamico-Essig aus Reggio Emilia g.U. und verschiedene Balsamico-Dressings.<\/span><\/p>\n<p><span style=\"color: #808080;\">In der Rubrik Produkte finden Sie alle Spezialit\u00e4ten, die wir herstellen, von traditionellen bis hin zu innovativen Produkten.<\/span><\/p>\n<p><span style=\"color: #808080;\">Wenn Sie uns in der Acetaia besuchen, kann Ihnen einer unserer Experten die beste Beratung f\u00fcr Ihren Balsamico-Einkauf geben.<\/span><\/p>\n","protected":false},"excerpt":{"rendered":"<p>Geschenkpackung Balsamico-Herz, Perlen, Kugel<\/p>\n","protected":false},"featured_media":9639,"comment_status":"open","ping_status":"closed","template":"","meta":[],"_links":{"self":[{"href":"https:\/\/www.boncibum.com\/de\/wp-json\/wp\/v2\/product\/12643"}],"collection":[{"href":"https:\/\/www.boncibum.com\/de\/wp-json\/wp\/v2\/product"}],"about":[{"href":"https:\/\/www.boncibum.com\/de\/wp-json\/wp\/v2\/types\/product"}],"replies":[{"embeddable":true,"href":"https:\/\/www.boncibum.com\/de\/wp-json\/wp\/v2\/comments?post=12643"}],"version-history":[{"count":0,"href":"https:\/\/www.boncibum.com\/de\/wp-json\/wp\/v2\/product\/12643\/revisions"}],"wp:featuredmedia":[{"embeddable":true,"href":"https:\/\/www.boncibum.com\/de\/wp-json\/wp\/v2\/media\/9639"}],"wp:attachment":[{"href":"https:\/\/www.boncibum.com\/de\/wp-json\/wp\/v2\/media?parent=12643"}],"curies":[{"name":"wp","href":"https:\/\/api.w.org\/{rel}","templated":true}]}}