{"id":12644,"date":"2022-04-06T19:12:31","date_gmt":"2022-04-06T17:12:31","guid":{"rendered":"https:\/\/www.boncibum.com\/prodotto\/geschenkpackung-balsamico-balsamico-essig-aus-modena-g-g-a-und-weisses-balsamico-dressing\/"},"modified":"2022-08-27T18:53:57","modified_gmt":"2022-08-27T16:53:57","slug":"geschenk-herz-balsamico-essig-aus-modena-igp-essig-und-weisem-balsamico-essig","status":"publish","type":"product","link":"https:\/\/www.boncibum.com\/de\/prodotto\/geschenk-herz-balsamico-essig-aus-modena-igp-essig-und-weisem-balsamico-essig\/","title":{"rendered":"Geschenkpackung Balsamico-Balsamico-Essig aus Modena g.g.A. und wei\u00dfes Balsamico-Dressing"},"content":{"rendered":"<p><strong><span style=\"color: #339966;\">SHIPPING<\/span><\/strong>Montag, Dienstag, Mittwoch (vor 15:00 Uhr)<br \/>\nVersandzeit: 24\/48 Stunden<\/p>\n<h4><span style=\"color: #dc9814;\">BESCHREIBUNG<\/span><\/h4>\n<p>Die elegante Cuore Balsamico Geschenkbox enth\u00e4lt unseren feinen Balsamico-Essig aus Modena g.g.A. und unser spezielles wei\u00dfes Balsamico-Dressing.<\/p>\n<p>Ersterer weist die einzigartigen Eigenschaften des besten Balsamessigs aus Modena g.g.A. auf, mit einer ausgezeichneten Dichte, einer dunkelschwarzen Farbe und einem vollen, gro\u00dfz\u00fcgigen und tendenziell weichen Geschmack, reich an Aroma und mit bemerkenswerter Geschmacksausdauer.<\/p>\n<p>Dazu darf unser wei\u00dfes Balsamico-Dressing nicht fehlen. Einzigartig durch seinen fruchtigen und frischen Geschmack, der durch die besondere Art der verwendeten wei\u00dfen Trauben entsteht: Spergola und Trebbiano. Bianco ist ein bernsteinfarbenes, klares und durchsichtiges Gew\u00fcrz, das sich hervorragend eignet, um die urspr\u00fcngliche Farbe eines Gerichts zu bewahren und ihm eine einzigartige und unvergessliche Note zu verleihen.<\/p>\n<h4><span style=\"color: #dc9814;\">FEATURES<\/span><\/h4>\n<p><strong>Packungsinhalt: Balsamico-Essig aus Modena g.g.A.<\/strong>: Dichte 1.34 (250 ml) und Wei\u00dfes Balsamico-Dressing (250 ml)<\/p>\n<p><strong>Zutaten Balsamico-Essig aus Modena g.g.A<\/strong>.: Gekochter Most, Weinessig. Hergestellt aus hochwertigem, 100% nat\u00fcrlichem italienischen Traubenmost. Es enth\u00e4lt keine Farbstoffe, Verdickungsmittel, Konservierungsmittel oder Karamell. Enth\u00e4lt Sulfite.<\/p>\n<p><strong>Zutaten Wei\u00dfes Balsamico-W\u00fcrzmittel<\/strong>: konzentrierter Most aus wei\u00dfen italienischen Trauben, Wei\u00dfweinessig. Enth\u00e4lt Sulfite. Er ist eine hochwertige, 100 % nat\u00fcrliche gastronomische Spezialit\u00e4t. Es enth\u00e4lt keine Farbstoffe, keine Verdickungsmittel, keine Konservierungsstoffe und kein Karamell.<\/p>\n<h2><span style=\"color: #0498a0;\">Produzent Geschichte<\/span><\/h2>\n<p><span style=\"color: #808080;\"><img loading=\"lazy\" class=\"wp-image-9614 alignleft\" src=\"https:\/\/www.boncibum.com\/wp-content\/uploads\/2022\/04\/DSC00383-600x400-1-300x201.jpg\" alt=\"Terra del Tuono ist ein altes Essigwerk\" width=\"275\" height=\"184\" srcset=\"https:\/\/www.boncibum.com\/wp-content\/uploads\/2022\/04\/DSC00383-600x400-1-300x201.jpg 300w, https:\/\/www.boncibum.com\/wp-content\/uploads\/2022\/04\/DSC00383-600x400-1-150x100.jpg 150w, https:\/\/www.boncibum.com\/wp-content\/uploads\/2022\/04\/DSC00383-600x400-1-135x90.jpg 135w, https:\/\/www.boncibum.com\/wp-content\/uploads\/2022\/04\/DSC00383-600x400-1.jpg 600w\" sizes=\"(max-width: 275px) 100vw, 275px\" \/><\/span><\/p>\n<p><span style=\"color: #808080;\">Terra del Tuono ist eine alte, familiengef\u00fchrte Essigfabrik.<\/span><\/p>\n<p><span style=\"color: #808080;\">Seit 1892 stellen wir eines der authentischsten und traditionellsten Produkte unserer Region her, den Balsamico-Essig.<\/span><\/p>\n<p><span style=\"color: #808080;\">Dar\u00fcber hinaus produzieren wir echte Spezialit\u00e4ten mit Balsamico-Essig aus Modena g.g.A., sowie traditionellen Balsamico-Essig aus Reggio Emilia g.U. und verschiedene Balsamico-Dressings.<\/span><\/p>\n<p><span style=\"color: #808080;\">In der Rubrik Produkte finden Sie alle Spezialit\u00e4ten, die wir herstellen, von traditionellen bis hin zu innovativen Produkten.<\/span><\/p>\n<p><span style=\"color: #808080;\">Wenn Sie uns in der Acetaia besuchen, kann Ihnen einer unserer Experten die beste Beratung f\u00fcr Ihren Balsamico-Einkauf geben.<\/span><\/p>\n","protected":false},"excerpt":{"rendered":"<p>Geschenkpackung Balsamico-Balsamico-Essig aus Modena g.g.A. und wei\u00dfes Balsamico-Dressing<\/p>\n","protected":false},"featured_media":9638,"comment_status":"open","ping_status":"closed","template":"","meta":[],"_links":{"self":[{"href":"https:\/\/www.boncibum.com\/de\/wp-json\/wp\/v2\/product\/12644"}],"collection":[{"href":"https:\/\/www.boncibum.com\/de\/wp-json\/wp\/v2\/product"}],"about":[{"href":"https:\/\/www.boncibum.com\/de\/wp-json\/wp\/v2\/types\/product"}],"replies":[{"embeddable":true,"href":"https:\/\/www.boncibum.com\/de\/wp-json\/wp\/v2\/comments?post=12644"}],"version-history":[{"count":1,"href":"https:\/\/www.boncibum.com\/de\/wp-json\/wp\/v2\/product\/12644\/revisions"}],"predecessor-version":[{"id":12645,"href":"https:\/\/www.boncibum.com\/de\/wp-json\/wp\/v2\/product\/12644\/revisions\/12645"}],"wp:featuredmedia":[{"embeddable":true,"href":"https:\/\/www.boncibum.com\/de\/wp-json\/wp\/v2\/media\/9638"}],"wp:attachment":[{"href":"https:\/\/www.boncibum.com\/de\/wp-json\/wp\/v2\/media?parent=12644"}],"curies":[{"name":"wp","href":"https:\/\/api.w.org\/{rel}","templated":true}]}}