{"id":12647,"date":"2022-04-06T17:02:05","date_gmt":"2022-04-06T15:02:05","guid":{"rendered":"https:\/\/www.boncibum.com\/prodotto\/fettuccine-alle-ortiche\/"},"modified":"2022-04-06T17:02:05","modified_gmt":"2022-04-06T15:02:05","slug":"fettuccine-alle-ortiche-2","status":"publish","type":"product","link":"https:\/\/www.boncibum.com\/de\/prodotto\/fettuccine-alle-ortiche-2\/","title":{"rendered":"Fettuccine alle Ortiche"},"content":{"rendered":"<p><em>Kaufen Sie 6 St\u00fcck Ihrer Wahl (oder ein Vielfaches von 6) verpackte Nudeln und Sie erhalten kostenlosen Versand!<\/em><\/p>\n<p><strong><span style=\"color: #339966;\">SHIPPING<\/span><\/strong>Montag, Dienstag, Mittwoch (vor 15:00 Uhr)<br \/>\nVersandzeit: 24\/48 Stunden<\/p>\n<h4><span style=\"color: #dc9814;\">BESCHREIBUNG<\/span><\/h4>\n<p>Eine Pasta mit ausgepr\u00e4gter &#8220;Pers\u00f6nlichkeit&#8221;, hohem N\u00e4hrwert und reichem Geschmack. Ein Produkt, das unter Berufung auf die edelste Volksweisheit geschaffen wurde, um eine schlechte Zutat zu feiern.<\/p>\n<h4><span style=\"color: #dc9814;\">FEATURES<\/span><\/h4>\n<p><strong>Format<\/strong>: 300 g<br \/>\n<strong>Zutaten<\/strong>: Hartweizengrie\u00df, Eier, Wei\u00dfwein, getrocknete Brennnesseln 3,5%, Meersalz. Kann Spuren von Soja enthalten.<\/p>\n<p><strong>Herkunft des Weizens<\/strong>: Italien<br \/>\n<strong>Kochzeit<\/strong>: 4\/5 min<\/p>\n<h2><span style=\"color: #0498a0;\">Produzent Geschichte<\/span><\/h2>\n<p><span style=\"color: #808080;\"><img loading=\"lazy\" class=\"wp-image-9609 alignleft\" src=\"https:\/\/www.boncibum.com\/wp-content\/uploads\/2022\/03\/storia-pastificio.fiorini-292x300.jpg\" alt=\"geschichte der nudelfabrik Fiorini\" width=\"224\" height=\"230\" srcset=\"https:\/\/www.boncibum.com\/wp-content\/uploads\/2022\/03\/storia-pastificio.fiorini-292x300.jpg 292w, https:\/\/www.boncibum.com\/wp-content\/uploads\/2022\/03\/storia-pastificio.fiorini-146x150.jpg 146w, https:\/\/www.boncibum.com\/wp-content\/uploads\/2022\/03\/storia-pastificio.fiorini-88x90.jpg 88w, https:\/\/www.boncibum.com\/wp-content\/uploads\/2022\/03\/storia-pastificio.fiorini.jpg 508w\" sizes=\"(max-width: 224px) 100vw, 224px\" \/><\/span><span style=\"color: #808080;\">Die &#8220;Pastificio Artigianale Fiorini&#8221; er\u00f6ffnete 1967 ihre Werkstatt mit angeschlossenem Gesch\u00e4ft im malerischen historischen Zentrum von Varazze und widmet sich seitdem der Herstellung von Spitzenprodukten, wobei sie sich Jahr f\u00fcr Jahr erneuert, aber die Tradition respektiert. Das Unternehmen wird von der Familie Fiorini mit gro\u00dfer Leidenschaft gef\u00fchrt, auf der st\u00e4ndigen Suche nach Frische, G\u00fcte und Originalit\u00e4t der Produkte.<\/span><\/p>\n<p><span style=\"color: #808080;\">Das Labor ist nach den heutigen strengen Gesundheitsvorschriften strukturiert und wird durch das HACCP-System kontrolliert, um die strengen Hygienestandards der lebensmittelrechtlichen Verfahren zu erf\u00fcllen.<\/span><br \/>\n<span style=\"color: #808080;\">All dies, zusammen mit der gro\u00dfen Begeisterung, die uns antreibt, tr\u00e4gt zu gesunden Produkten von anerkannter Qualit\u00e4t bei.<\/span><\/p>\n","protected":false},"excerpt":{"rendered":"<p>Fettuccine al Basilico | 300g<\/p>\n<p><span style=\"color: #808080;\"><em>Kaufen Sie 6 St\u00fcck Ihrer Wahl (oder ein Vielfaches von 6) verpackte Nudeln und Sie erhalten kostenlosen Versand!<\/em><\/span><\/p>\n","protected":false},"featured_media":9636,"comment_status":"open","ping_status":"closed","template":"","meta":[],"_links":{"self":[{"href":"https:\/\/www.boncibum.com\/de\/wp-json\/wp\/v2\/product\/12647"}],"collection":[{"href":"https:\/\/www.boncibum.com\/de\/wp-json\/wp\/v2\/product"}],"about":[{"href":"https:\/\/www.boncibum.com\/de\/wp-json\/wp\/v2\/types\/product"}],"replies":[{"embeddable":true,"href":"https:\/\/www.boncibum.com\/de\/wp-json\/wp\/v2\/comments?post=12647"}],"version-history":[{"count":0,"href":"https:\/\/www.boncibum.com\/de\/wp-json\/wp\/v2\/product\/12647\/revisions"}],"wp:featuredmedia":[{"embeddable":true,"href":"https:\/\/www.boncibum.com\/de\/wp-json\/wp\/v2\/media\/9636"}],"wp:attachment":[{"href":"https:\/\/www.boncibum.com\/de\/wp-json\/wp\/v2\/media?parent=12647"}],"curies":[{"name":"wp","href":"https:\/\/api.w.org\/{rel}","templated":true}]}}