{"id":12663,"date":"2022-03-20T19:09:20","date_gmt":"2022-03-20T18:09:20","guid":{"rendered":"https:\/\/www.boncibum.com\/prodotto\/82-nova\/"},"modified":"2022-09-20T15:27:03","modified_gmt":"2022-09-20T13:27:03","slug":"82-nova-wein-rot-fermo","status":"publish","type":"product","link":"https:\/\/www.boncibum.com\/de\/prodotto\/82-nova-wein-rot-fermo\/","title":{"rendered":"82 Nova &#8211; Stiller Rotwein"},"content":{"rendered":"<h4><span style=\"color: #dc9814;\">BESCHREIBUNG<\/span><\/h4>\n<p><strong>Hauptmerkmale<\/strong>: Weicher und fruchtiger Wein. Die f\u00fcr die Sorte typischen Noten reifer roter Fr\u00fcchte in Verbindung mit einer moderaten Tanninstruktur machen ihn zu einem leicht zu trinkenden Wein, auch bei niedrigeren Temperaturen als bei anderen Rotweinen.<\/p>\n<p> <strong> Trauben<\/strong>: Merlot 100%<\/p>\n<p><strong>Typ<\/strong>: Stiller Rotwein<\/p>\n<p><strong>Art der Bewirtschaftung<\/strong>: Konventionell<\/p>\n<p><strong>Sammlung<\/strong>: Handbuch<\/p>\n<p><strong>Bezeichnung<\/strong>: Emilia g.g.A.<\/p>\n<p><strong>Anlass<\/strong>: Mittagessen, Abendessen Paarungen Frische Nudeln mit Fleischsauce, Roastbeef, gegrilltes Fleisch<\/p>\n<p>Region: Emilia-Romagna Format: 75 cl Serviertemperatur: 16\/18\u00b0<\/p>\n<p>&nbsp;<\/p>\n<h2><span style=\"color: #0498a0;\">Produzent Geschichte<\/span><\/h2>\n<p><span style=\"color: #808080;\"><img loading=\"lazy\" class=\"wp-image-9579 alignleft\" src=\"https:\/\/www.boncibum.com\/wp-content\/uploads\/2022\/03\/canova-vini-e-vigne-agriturismo-300x155.jpg\" alt=\"Ca' nova-Weine\" width=\"315\" height=\"163\" srcset=\"https:\/\/www.boncibum.com\/wp-content\/uploads\/2022\/03\/canova-vini-e-vigne-agriturismo-300x155.jpg 300w, https:\/\/www.boncibum.com\/wp-content\/uploads\/2022\/03\/canova-vini-e-vigne-agriturismo-768x396.jpg 768w, https:\/\/www.boncibum.com\/wp-content\/uploads\/2022\/03\/canova-vini-e-vigne-agriturismo-600x309.jpg 600w, https:\/\/www.boncibum.com\/wp-content\/uploads\/2022\/03\/canova-vini-e-vigne-agriturismo-150x77.jpg 150w, https:\/\/www.boncibum.com\/wp-content\/uploads\/2022\/03\/canova-vini-e-vigne-agriturismo-175x90.jpg 175w, https:\/\/www.boncibum.com\/wp-content\/uploads\/2022\/03\/canova-vini-e-vigne-agriturismo.jpg 960w\" sizes=\"(max-width: 315px) 100vw, 315px\" \/>Die Weinkellerei Ca&#8217;Nova befindet sich auf der Wasserscheide eines Zwischenh\u00fcgels, &#8220;an der K\u00fcste zwischen zwei anderen&#8221;, in einer privilegierten Lage: Die fruchtbaren, sonnigen H\u00e4nge, das milde Klima und der nat\u00fcrliche Schutz vor den Unbilden des Winters sind seit der Zeit Friedrichs II. die Quelle des Weinbaus.<\/span><br \/>\n<span style=\"color: #808080;\">Diese Orte, die fr\u00fcher aufgrund der gro\u00dfen Anzahl von &#8220;tabernaria et tabernariorum&#8221;, Gasth\u00f6fen und Schenken, als CostaMediana Tabernariorum bekannt waren, waren schon immer Orte der Weinherstellung.<\/span><br \/>\n<span style=\"color: #808080;\">Eine Berufung, die sich sogar in dem Namen widerspiegelt, den das Haus, dem das Lehen anvertraut wurde, seinem Sitz gab: Castello del Tabernieri, dessen runder Turm und quadratischer Bergfried, die den Zahn der Zeit \u00fcberstanden haben, noch heute zwischen den Weinst\u00f6cken zu sehen sind, die ihn umgeben.<\/span><br \/>\n<span style=\"color: #808080;\">.<\/span><\/p>\n","protected":false},"excerpt":{"rendered":"<p>82 Nova &#8211; Stiller Rotwein<\/p>\n","protected":false},"featured_media":9765,"comment_status":"open","ping_status":"closed","template":"","meta":[],"_links":{"self":[{"href":"https:\/\/www.boncibum.com\/de\/wp-json\/wp\/v2\/product\/12663"}],"collection":[{"href":"https:\/\/www.boncibum.com\/de\/wp-json\/wp\/v2\/product"}],"about":[{"href":"https:\/\/www.boncibum.com\/de\/wp-json\/wp\/v2\/types\/product"}],"replies":[{"embeddable":true,"href":"https:\/\/www.boncibum.com\/de\/wp-json\/wp\/v2\/comments?post=12663"}],"version-history":[{"count":2,"href":"https:\/\/www.boncibum.com\/de\/wp-json\/wp\/v2\/product\/12663\/revisions"}],"predecessor-version":[{"id":13496,"href":"https:\/\/www.boncibum.com\/de\/wp-json\/wp\/v2\/product\/12663\/revisions\/13496"}],"wp:featuredmedia":[{"embeddable":true,"href":"https:\/\/www.boncibum.com\/de\/wp-json\/wp\/v2\/media\/9765"}],"wp:attachment":[{"href":"https:\/\/www.boncibum.com\/de\/wp-json\/wp\/v2\/media?parent=12663"}],"curies":[{"name":"wp","href":"https:\/\/api.w.org\/{rel}","templated":true}]}}