{"id":12676,"date":"2021-03-31T15:56:24","date_gmt":"2021-03-31T13:56:24","guid":{"rendered":"https:\/\/www.boncibum.com\/prodotto\/arza-orangen-safran-likoer-50cl\/"},"modified":"2022-08-29T19:25:52","modified_gmt":"2022-08-29T17:25:52","slug":"likor-orange-und-safran-50cl","status":"publish","type":"product","link":"https:\/\/www.boncibum.com\/de\/prodotto\/likor-orange-und-safran-50cl\/","title":{"rendered":"Arz\u00e1-Orangen-Safran-Lik\u00f6r 50cl"},"content":{"rendered":"<p><strong><span style=\"color: #339966;\">SHIPPING<\/span><\/strong>Montag, Dienstag, Mittwoch (vor 15:00 Uhr)<br \/>\nVersandzeit: 24\/48 Stunden<\/p>\n<h4><span style=\"color: #dc9814;\">BESCHREIBUNG<\/span><\/h4>\n<p>Arz\u00e0 ist ein handwerklich hergestellter Lik\u00f6r, der das tiefste Konzept des Made in Italy zum Ausdruck bringt. Er wird mit frischen, saisonalen Zutaten wie Safran mit der g.U. Sardinien, Slow Food F\u00f6rderkreis &#8220;Zafferano di S. Gavino Monreale&#8221; und blonden Orangen aus dem Gargano, Slow Food F\u00f6rderkreis &#8220;Agrumi del Gargano&#8221;, mit geringem Zuckergehalt und ohne Zusatzstoffe hergestellt. Arz\u00e0 ist ein klassischer Lik\u00f6r, der nicht nur pur genossen werden kann, um all seine verschiedenen Nuancen zu sch\u00e4tzen, sondern sich auch hervorragend f\u00fcr die Welt des Mixens eignet, dank seiner fast einzigartigen F\u00e4higkeit, jede Art von Getr\u00e4nk zu personalisieren.<\/p>\n<p>&nbsp;<\/p>\n","protected":false},"excerpt":{"rendered":"<p>Format 50cl | Alkoholgehalt 28% alc.\/vol.<\/p>\n","protected":false},"featured_media":9593,"comment_status":"open","ping_status":"closed","template":"","meta":[],"_links":{"self":[{"href":"https:\/\/www.boncibum.com\/de\/wp-json\/wp\/v2\/product\/12676"}],"collection":[{"href":"https:\/\/www.boncibum.com\/de\/wp-json\/wp\/v2\/product"}],"about":[{"href":"https:\/\/www.boncibum.com\/de\/wp-json\/wp\/v2\/types\/product"}],"replies":[{"embeddable":true,"href":"https:\/\/www.boncibum.com\/de\/wp-json\/wp\/v2\/comments?post=12676"}],"version-history":[{"count":0,"href":"https:\/\/www.boncibum.com\/de\/wp-json\/wp\/v2\/product\/12676\/revisions"}],"wp:featuredmedia":[{"embeddable":true,"href":"https:\/\/www.boncibum.com\/de\/wp-json\/wp\/v2\/media\/9593"}],"wp:attachment":[{"href":"https:\/\/www.boncibum.com\/de\/wp-json\/wp\/v2\/media?parent=12676"}],"curies":[{"name":"wp","href":"https:\/\/api.w.org\/{rel}","templated":true}]}}