{"id":13098,"date":"2022-09-15T05:33:42","date_gmt":"2022-09-15T03:33:42","guid":{"rendered":"https:\/\/www.boncibum.com\/?post_type=product&#038;p=13098"},"modified":"2022-09-19T08:15:45","modified_gmt":"2022-09-19T06:15:45","slug":"arrosto-di-lonza","status":"publish","type":"product","link":"https:\/\/www.boncibum.com\/de\/prodotto\/arrosto-di-lonza\/","title":{"rendered":"Arrosto di lonza"},"content":{"rendered":"<h4><span style=\"color: #dc9814;\">DESCRIZIONE<\/span><\/h4>\n<p>Arrosto di lonza \u2013 Pezzatura da 0,8 kg sottovuoto<\/p>\n<h4><span style=\"color: #dc9814;\">CARATTERISTICHE<\/span><\/h4>\n<p><strong>Denominazione di vendita<\/strong>: Arrosto di lonza<br \/>\n<strong>Quantit\u00e0<\/strong>: 0,8 kg |<br \/>\n<strong>Origine<\/strong>: Italia, prodotto e confezionato da Salumificio Fereoli Mario &amp; Figlio snc<\/p>\n<p>Una delle ultime novit\u00e0 di Fereoli Mario &amp; Figlio nella vasta gamma di salumi e carni \u00e8 l&#8217;arrosto di lonza. \u00c8 pensato per essere un <strong>gustoso secondo piatto estivo<\/strong>\u00a0e pu\u00f2 essere <strong>consumato anche fresco<\/strong> e con un sapore molto delicato.<\/p>\n<h2><span style=\"color: #0498a0;\">Storia del produttore<\/span><\/h2>\n<p><span style=\"color: #808080;\"><img loading=\"lazy\" class=\"wp-image-11981 size-full alignleft\" src=\"https:\/\/www.boncibum.com\/wp-content\/uploads\/2022\/08\/salumi-igp-Fereoli134x134.jpg\" alt=\"Salumi felino ferioli\" width=\"199\" height=\"134\" srcset=\"https:\/\/www.boncibum.com\/wp-content\/uploads\/2022\/08\/salumi-igp-Fereoli134x134.jpg 199w, https:\/\/www.boncibum.com\/wp-content\/uploads\/2022\/08\/salumi-igp-Fereoli134x134-150x101.jpg 150w, https:\/\/www.boncibum.com\/wp-content\/uploads\/2022\/08\/salumi-igp-Fereoli134x134-64x43.jpg 64w, https:\/\/www.boncibum.com\/wp-content\/uploads\/2022\/08\/salumi-igp-Fereoli134x134-134x90.jpg 134w\" sizes=\"(max-width: 199px) 100vw, 199px\" \/>L\u2019azienda Fereoli Mario &amp; Figlio, ubicata nel cuore della Food Valley emiliana, per la precisione a Pilastro di Langhirano, in provincia di Parma, si occupa dal 1965 della lavorazione delle carni suine pi\u00f9 pregiate, per la produzione e la stagionatura di salumi, con relativo confezionamento e imballo, e della vendita di tagli di carne di maiale d\u2019alta gastronomia e di formaggi tipici della zona.<\/span><\/p>\n<p><span style=\"color: #808080;\">Giunta alla quarta generazione di produttori, nonostante il dovuto aggiornamento tecnologico e delle tecniche di lavorazione, tramanda e conserva la sua anima di azienda a conduzione familiare tradizionale, per portare sulla tua tavola i migliori prodotti locali. La produzione di salumi cotti e crudi tipici del territorio della collina parmense avviene con la stessa cura di un tempo e seguendo le antiche ricette.<\/span><\/p>\n","protected":false},"excerpt":{"rendered":"<p>Arrosto di lonza \u2013 Pezzatura da 0,8 kg sottovuoto<\/p>\n","protected":false},"featured_media":13102,"comment_status":"open","ping_status":"closed","template":"","meta":[],"_links":{"self":[{"href":"https:\/\/www.boncibum.com\/de\/wp-json\/wp\/v2\/product\/13098"}],"collection":[{"href":"https:\/\/www.boncibum.com\/de\/wp-json\/wp\/v2\/product"}],"about":[{"href":"https:\/\/www.boncibum.com\/de\/wp-json\/wp\/v2\/types\/product"}],"replies":[{"embeddable":true,"href":"https:\/\/www.boncibum.com\/de\/wp-json\/wp\/v2\/comments?post=13098"}],"version-history":[{"count":2,"href":"https:\/\/www.boncibum.com\/de\/wp-json\/wp\/v2\/product\/13098\/revisions"}],"predecessor-version":[{"id":13105,"href":"https:\/\/www.boncibum.com\/de\/wp-json\/wp\/v2\/product\/13098\/revisions\/13105"}],"wp:featuredmedia":[{"embeddable":true,"href":"https:\/\/www.boncibum.com\/de\/wp-json\/wp\/v2\/media\/13102"}],"wp:attachment":[{"href":"https:\/\/www.boncibum.com\/de\/wp-json\/wp\/v2\/media?parent=13098"}],"curies":[{"name":"wp","href":"https:\/\/api.w.org\/{rel}","templated":true}]}}