{"id":14568,"date":"2022-10-10T14:46:52","date_gmt":"2022-10-10T12:46:52","guid":{"rendered":"https:\/\/www.boncibum.com\/?post_type=product&#038;p=14568"},"modified":"2023-01-03T15:18:23","modified_gmt":"2023-01-03T14:18:23","slug":"cheddar-sahne","status":"publish","type":"product","link":"https:\/\/www.boncibum.com\/de\/prodotto\/cheddar-sahne\/","title":{"rendered":"Packung Cheddar-Sahne"},"content":{"rendered":"<h4><span style=\"color: #339966;\">SHIPPING<\/span><\/h4>\n<p><strong>Lieferzeit<\/strong>: 7 Arbeitstage nach Bestellung<\/p>\n<h4><span style=\"color: #dc9814;\">BESCHREIBUNG<\/span><\/h4>\n<p>Cheddar-Sahne<\/p>\n<h4><span style=\"color: #dc9814;\">FEATURES<\/span><\/h4>\n<p><strong>Verkaufsbezeichnung<\/strong>: Cheddarcreme &#8216;Calzetti<\/p>\n<p>Wir w\u00e4hlen diesen hervorragenden Cheddar direkt aus Nordeuropa aus, um eine schmackhafte Creme mit einer unverwechselbaren Farbe zu kreieren.<\/p>\n<p>Crema di CHEDDAR ist ideal f\u00fcr Aperitifs auf Crostini, Chips und Nachos. Unbedingt auf Hamburgern und Sandwiches probieren.<\/p>\n<p>Cheddar Cream Cheese ist frei von Konservierungsstoffen.<\/p>\n<h4><span style=\"color: #dc9814;\">VERWENDEN<\/span><\/h4>\n<p>-Zutat f\u00fcr Nudelgerichte<br \/>\n-begleitende Fleisch-Hauptgerichte<br \/>\n-sandwiches und burger<br \/>\n-Hei\u00dfe Snacks<br \/>\n-tartines<br \/>\n-pizza und focaccia<\/p>\n<h4><span style=\"color: #dc9814;\">DEADLINE<\/span><\/h4>\n<p>240 Tage<\/p>\n<h2><span style=\"color: #0498a0;\">Produzent Geschichte<\/span><\/h2>\n<p><span style=\"color: #808080;\"><img loading=\"lazy\" class=\"wp-image-14393 alignleft\" src=\"https:\/\/www.boncibum.com\/wp-content\/uploads\/2022\/10\/IFC-AZIENDA-300x205.jpg\" alt=\"IFC Unternehmen\" width=\"258\" height=\"176\" srcset=\"https:\/\/www.boncibum.com\/wp-content\/uploads\/2022\/10\/IFC-AZIENDA-300x205.jpg 300w, https:\/\/www.boncibum.com\/wp-content\/uploads\/2022\/10\/IFC-AZIENDA-150x103.jpg 150w, https:\/\/www.boncibum.com\/wp-content\/uploads\/2022\/10\/IFC-AZIENDA-64x44.jpg 64w, https:\/\/www.boncibum.com\/wp-content\/uploads\/2022\/10\/IFC-AZIENDA-132x90.jpg 132w, https:\/\/www.boncibum.com\/wp-content\/uploads\/2022\/10\/IFC-AZIENDA.jpg 600w\" sizes=\"(max-width: 258px) 100vw, 258px\" \/><\/span><\/p>\n<p><span style=\"color: #808080;\">Italian Food &amp; Cheese ist das Ergebnis der langj\u00e4hrigen Erfahrung eines Teams von Fachleuten auf dem Gebiet der Vermarktung italienischer g.U.-K\u00e4se auf dem heimischen Markt und im Ausland. Ziel des Unternehmens ist es, mit der Herstellung von K\u00e4secremes mit und ohne g.U. neue Verbraucherm\u00f6glichkeiten auf dem internationalen Markt zu erschlie\u00dfen. Es wurden die besten Rezepte und verschiedene Formate f\u00fcr Endverbraucher und Unternehmen untersucht: Gro\u00dfhandel, Ho.re.ca und Industrie.<\/span><\/p>\n","protected":false},"excerpt":{"rendered":"<p>Cheddarcreme &#8216;Calzetti<\/p>\n<p><strong>Menge:<\/strong><\/p>\n<p>1 St\u00fcck = 500 g<\/p>\n<p>1 Karton = 4 St\u00fcck<\/p>\n","protected":false},"featured_media":14586,"comment_status":"open","ping_status":"closed","template":"","meta":[],"_links":{"self":[{"href":"https:\/\/www.boncibum.com\/de\/wp-json\/wp\/v2\/product\/14568"}],"collection":[{"href":"https:\/\/www.boncibum.com\/de\/wp-json\/wp\/v2\/product"}],"about":[{"href":"https:\/\/www.boncibum.com\/de\/wp-json\/wp\/v2\/types\/product"}],"replies":[{"embeddable":true,"href":"https:\/\/www.boncibum.com\/de\/wp-json\/wp\/v2\/comments?post=14568"}],"version-history":[{"count":3,"href":"https:\/\/www.boncibum.com\/de\/wp-json\/wp\/v2\/product\/14568\/revisions"}],"predecessor-version":[{"id":17171,"href":"https:\/\/www.boncibum.com\/de\/wp-json\/wp\/v2\/product\/14568\/revisions\/17171"}],"wp:featuredmedia":[{"embeddable":true,"href":"https:\/\/www.boncibum.com\/de\/wp-json\/wp\/v2\/media\/14586"}],"wp:attachment":[{"href":"https:\/\/www.boncibum.com\/de\/wp-json\/wp\/v2\/media?parent=14568"}],"curies":[{"name":"wp","href":"https:\/\/api.w.org\/{rel}","templated":true}]}}