{"id":19145,"date":"2023-10-06T16:39:58","date_gmt":"2023-10-06T14:39:58","guid":{"rendered":"https:\/\/www.boncibum.com\/?post_type=product&#038;p=19145"},"modified":"2023-10-08T22:30:17","modified_gmt":"2023-10-08T20:30:17","slug":"parmigiano-reggiano-24-mesi-prezzo-ingrosso","status":"publish","type":"product","link":"https:\/\/www.boncibum.com\/en\/prodotto\/parmigiano-reggiano-24-mesi-prezzo-ingrosso\/","title":{"rendered":"Parmigiano Reggiano 24 mesi &#8211; Prezzo Ingrosso"},"content":{"rendered":"<p><strong><span style=\"color: #339966;\">SPEDIZIONE<\/span><\/strong>:<br \/>\nTempi di spedizione Italia: 24\/48 ore<\/p>\n<h4><span style=\"color: #dc9814;\">DESCRIZIONE<\/span><\/h4>\n<p>Il prosciutto cotto si ottiene dalle cosce di suino, disossate, sottoposte a salagione e poi cotte: le cosce sono le stesse destinate alla produzione di prosciutto crudo.<\/p>\n<p>La forma del prosciutto cotto \u00e8 stondata, mentre all\u2019interno il salume \u00e8 color rosa chiaro, con una sottile bordatura di grasso, che contribuisce alla pienezza del suo sapore, delicato ma tipico, come il profumo che lo caratterizza. E\u2019 un prodotto che si \u00e8 aggiunto relativamente di recente alla tradizione della salumeria italiana, ma nonostante ci\u00f2 \u00e8 oggi il pi\u00f9 apprezzato dai consumatori, sia per le sue caratteristiche nutrizionali sia per la versatilit\u00e0 gastronomica. Ne esistono anche versioni particolari, come quella \u201carrosto\u201d o \u201calle erbe\u201d.<\/p>\n<h4><span style=\"color: #dc9814;\">CARATTERISTICHE<\/span><\/h4>\n<p><strong>da compilare:<\/strong><\/p>\n<h2><span style=\"color: #0498a0;\">Storia del produttore<\/span><\/h2>\n<p><span style=\"color: #808080;\"><img loading=\"lazy\" class=\"wp-image-7833 alignleft\" src=\"https:\/\/www.boncibum.com\/wp-content\/uploads\/2022\/04\/DSC00383-600x400-1-300x201.jpg\" alt=\"Terra del Tuono \u00e8 un\u2019antica Acetaia\" width=\"275\" height=\"184\" srcset=\"https:\/\/www.boncibum.com\/wp-content\/uploads\/2022\/04\/DSC00383-600x400-1-300x201.jpg 300w, https:\/\/www.boncibum.com\/wp-content\/uploads\/2022\/04\/DSC00383-600x400-1-150x100.jpg 150w, https:\/\/www.boncibum.com\/wp-content\/uploads\/2022\/04\/DSC00383-600x400-1-135x90.jpg 135w, https:\/\/www.boncibum.com\/wp-content\/uploads\/2022\/04\/DSC00383-600x400-1.jpg 600w\" sizes=\"(max-width: 275px) 100vw, 275px\" \/><\/span><\/p>\n<p><span style=\"color: #808080;\">Terra del Tuono \u00e8 un\u2019antica Acetaia a conduzione familiare.<\/span><\/p>\n<p><span style=\"color: #808080;\">Dal\u00a01892, realizziamo uno dei pi\u00f9 autentici e tradizionali prodotti del nostro territorio, ossia l\u2019Aceto Balsamico.<\/span><\/p>\n<p><span style=\"color: #808080;\">Inoltre, produciamo vere e proprie specialit\u00e0 con\u00a0Aceto Balsamico di Modena IGP, cos\u00ec come l\u2019Aceto Balsamico Tradizionale di Reggio Emilia DOP e diversi Condimenti Balsamici.<\/span><\/p>\n<p><span style=\"color: #808080;\">Nella sezione Prodotti, potrete trovare tutte le specialit\u00e0 di nostra produzione, dai\u00a0prodotti Tradizionali,\u00a0a quelli pi\u00f9 Innovativi.<\/span><\/p>\n<p><span style=\"color: #808080;\">Se verrete a trovarci in Acetaia, un nostro esperto sar\u00e0 in grado di consigliarvi al meglio per i vostri\u00a0acquisti Balsamici.<\/span><\/p>\n","protected":false},"excerpt":{"rendered":"<p>Parmigiano Reggiano 24 mesi &#8211; Prezzo per acquisto di un pallet | 1 ottavo forma<\/p>\n<p><strong>Lotto minimo acquisto:<\/strong><\/p>\n<p>1 Cartone = 5 pezzi<\/p>\n<p>Peso indicativo: 4,5 Kg<\/p>\n<p>&nbsp;<\/p>\n","protected":false},"featured_media":19147,"comment_status":"open","ping_status":"closed","template":"","meta":[],"_links":{"self":[{"href":"https:\/\/www.boncibum.com\/en\/wp-json\/wp\/v2\/product\/19145"}],"collection":[{"href":"https:\/\/www.boncibum.com\/en\/wp-json\/wp\/v2\/product"}],"about":[{"href":"https:\/\/www.boncibum.com\/en\/wp-json\/wp\/v2\/types\/product"}],"replies":[{"embeddable":true,"href":"https:\/\/www.boncibum.com\/en\/wp-json\/wp\/v2\/comments?post=19145"}],"version-history":[{"count":4,"href":"https:\/\/www.boncibum.com\/en\/wp-json\/wp\/v2\/product\/19145\/revisions"}],"predecessor-version":[{"id":19152,"href":"https:\/\/www.boncibum.com\/en\/wp-json\/wp\/v2\/product\/19145\/revisions\/19152"}],"wp:featuredmedia":[{"embeddable":true,"href":"https:\/\/www.boncibum.com\/en\/wp-json\/wp\/v2\/media\/19147"}],"wp:attachment":[{"href":"https:\/\/www.boncibum.com\/en\/wp-json\/wp\/v2\/media?parent=19145"}],"curies":[{"name":"wp","href":"https:\/\/api.w.org\/{rel}","templated":true}]}}